{"id":18172,"date":"2025-04-10T12:05:43","date_gmt":"2025-04-10T10:05:43","guid":{"rendered":"https:\/\/myspainfood.com\/producto\/uhorka-pikantna-banderillas-38-kg\/"},"modified":"2025-04-10T12:05:43","modified_gmt":"2025-04-10T10:05:43","slug":"uhorka-pikantna-banderillas-38-kg","status":"publish","type":"product","link":"https:\/\/myspainfood.com\/sk\/producto\/uhorka-pikantna-banderillas-38-kg\/","title":{"rendered":"Uhorka pikantn\u00e1 Banderillas 3,8 kg"},"content":{"rendered":"<p>S Banderillas Picantes Pepino Entero 3,8 kg od spolo\u010dnosti Almagro si m\u00f4\u017eete vychutna\u0165 nieko\u013eko <a href=\"https:\/\/www.laencajera.es\/encurtidos-de-almagro\" target=\"_blank\" rel=\"noopener noreferrer nofollow\">uhoriek<\/a> naraz.<\/p>\n<p>Na\u0161e banderily s osvie\u017euj\u00facou a \u013eahkou chu\u0165ou si m\u00f4\u017eete vychutna\u0165 medzi jedlami alebo s priate\u013emi.<\/p>\n<p>Vychutnajte si korenie v jednom s\u00faste s t\u00fdmito cel\u00fdmi uhorkami Banderillas Picantes 3,8 kg. P\u00f4vodom z Castilla la Mancha. <\/p>\n<p>Zlo\u017eenie: Cibu\u013ea 21-23, \u010derven\u00e1 paprika, oliva (uva\u017eovan\u00e1 ve\u013ekos\u0165 200-320), cel\u00e1 uhorka 60-80, chilli papri\u010dka, voda, so\u013e a plastov\u00e9 \u0161proty, zv\u00fdraz\u0148ova\u010d chuti (E-621, E-627), kysl\u00e1 l\u00e1tka E-330, antioxidant E-300, konzerva\u010dn\u00e9 l\u00e1tky (E-211, E-202, E-270, E-260) Obsahuje siri\u010ditany.<\/p>\n<p>Podmienky ochrany:<\/p>\n<p>Uchov\u00e1vajte na chladnom a suchom mieste pri teplote od 3 do 10 \u00b0C. Uchov\u00e1vajte mimo dosahu slne\u010dn\u00e9ho svetla a siln\u00fdch pachov. <\/p>\n<p>Po otvoren\u00ed uchov\u00e1vajte v chlade a spotrebujte do 30 dn\u00ed.<\/p>\n<p>Ak si chcete k\u00fapi\u0165 olivy alebo in\u00fd druh <a href=\"https:\/\/latiendadesami.com\/categoria-producto\/encurtidos\/\" rel=\"noopener noreferrer nofollow\" target=\"_blank\">uhoriek<\/a>, nev\u00e1hajte a pozrite si n\u00e1\u0161 online katal\u00f3g, v ktorom n\u00e1jdete \u0161irok\u00fa ponuku <a href=\"https:\/\/latiendadesami.com\/categoria-producto\/encurtidos\/berenjenas\/\" target=\"_blank\" rel=\"noopener noreferrer nofollow\">bakla\u017e\u00e1nov<\/a>.<\/p>\n<p>Zna\u010dka La Encajonera je rodinn\u00fd podnik zalo\u017een\u00fd v roku 1990, ktor\u00fd sa nach\u00e1dza v srdci La Mancha, v meste\u010dku ALMAGRO v provincii Ciudad Real.<\/p>\n<p>V\u00fdrobn\u00fd proces jej produktov sa za\u010d\u00edna v tej istej oblasti pestovania, kde sa vyber\u00e1 najkvalitnej\u0161\u00ed produkt.<\/p>\n<p>Tov\u00e1re\u0148 je vybaven\u00e1 najmodernej\u0161ou technol\u00f3giou, pri\u010dom zachov\u00e1va trad\u00edciu a know-how svojich remeseln\u00edkov.<\/p>\n","protected":false},"excerpt":{"rendered":"<p>S Banderillas Picantes Pepino Entero 3,8 kg od spolo\u010dnosti Almagro si m\u00f4\u017eete vychutna\u0165 nieko\u013eko uhoriek naraz. Na\u0161e banderily s osvie\u017euj\u00facou a \u013eahkou chu\u0165ou si m\u00f4\u017eete vychutna\u0165 medzi jedlami alebo s priate\u013emi. Vychutnajte si korenie v jednom s\u00faste s t\u00fdmito cel\u00fdmi uhorkami Banderillas Picantes 3,8 kg. P\u00f4vodom z Castilla la Mancha. Zlo\u017eenie: Cibu\u013ea 21-23, \u010derven\u00e1 paprika, [&hellip;]<\/p>\n","protected":false},"featured_media":18174,"template":"","meta":{"_et_pb_use_builder":"","_et_pb_old_content":"","_et_gb_content_width":""},"product_brand":[],"product_cat":[2088,1728,2012],"product_tag":[2032,2089],"class_list":{"0":"post-18172","1":"product","2":"type-product","3":"status-publish","4":"has-post-thumbnail","6":"product_cat-banderillas-sk","7":"product_cat-uhorky","8":"product_cat-uhorky-sk","9":"product_tag-gherkin-sk","10":"product_tag-pikantne","12":"first","13":"instock","14":"taxable","15":"shipping-taxable","16":"purchasable","17":"product-type-simple"},"_links":{"self":[{"href":"https:\/\/myspainfood.com\/sk\/wp-json\/wp\/v2\/product\/18172","targetHints":{"allow":["GET"]}}],"collection":[{"href":"https:\/\/myspainfood.com\/sk\/wp-json\/wp\/v2\/product"}],"about":[{"href":"https:\/\/myspainfood.com\/sk\/wp-json\/wp\/v2\/types\/product"}],"wp:featuredmedia":[{"embeddable":true,"href":"https:\/\/myspainfood.com\/sk\/wp-json\/wp\/v2\/media\/18174"}],"wp:attachment":[{"href":"https:\/\/myspainfood.com\/sk\/wp-json\/wp\/v2\/media?parent=18172"}],"wp:term":[{"taxonomy":"product_brand","embeddable":true,"href":"https:\/\/myspainfood.com\/sk\/wp-json\/wp\/v2\/product_brand?post=18172"},{"taxonomy":"product_cat","embeddable":true,"href":"https:\/\/myspainfood.com\/sk\/wp-json\/wp\/v2\/product_cat?post=18172"},{"taxonomy":"product_tag","embeddable":true,"href":"https:\/\/myspainfood.com\/sk\/wp-json\/wp\/v2\/product_tag?post=18172"}],"curies":[{"name":"wp","href":"https:\/\/api.w.org\/{rel}","templated":true}]}}