{"id":18237,"date":"2025-04-10T12:05:34","date_gmt":"2025-04-10T10:05:34","guid":{"rendered":"https:\/\/myspainfood.com\/producto\/baklazan-20-25-kusov-obleceny-45-kg\/"},"modified":"2025-04-10T12:05:34","modified_gmt":"2025-04-10T10:05:34","slug":"baklazan-20-25-kusov-obleceny-45-kg","status":"publish","type":"product","link":"https:\/\/myspainfood.com\/sk\/producto\/baklazan-20-25-kusov-obleceny-45-kg\/","title":{"rendered":"Bakla\u017e\u00e1n 20\/25 kusov Oble\u010den\u00fd 4,5 kg"},"content":{"rendered":"<p>4,5 kg bakla\u017e\u00e1n s dresingom je ide\u00e1lnym <a href=\"https:\/\/www.laencajera.es\/berenjenas-de-almagro\" target=\"_blank\" rel=\"noopener noreferrer nofollow\">predjedlom<\/a>.<\/p>\n<p>Pou\u017e\u00edva sa aj ako pr\u00edloha k \u0161al\u00e1tom.<\/p>\n<p>Dochucuj\u00fa sa vodou, v\u00ednnym octom, olivov\u00fdm olejom, paprikou, so\u013eou, rascou a cesnakom.<\/p>\n<p>Bakla\u017e\u00e1ny s hmotnos\u0165ou 4,5 kg poch\u00e1dzaj\u00fa z Kast\u00edlie la Mancha v \u0160panielsku.<\/p>\n<p>Zlo\u017eenie: S: bakla\u017e\u00e1n &#8222;De Almagro&#8220;, voda, so\u013e, v\u00ednny ocot, pr\u00edrodn\u00e9 korenie (cesnak, rasca, paprika, olivov\u00fd olej), zv\u00fdraz\u0148ova\u010d chuti (E-621), kysl\u00e9 l\u00e1tky (E-330), konzerva\u010dn\u00e9 l\u00e1tky (E-270, E-211, E-202E-223), antioxidant (E-300) a pr\u00edrodn\u00e9 ar\u00f3my.<\/p>\n<p>Uchov\u00e1vajte na chladnom a suchom mieste pri teplote od 3 do 10 \u00b0C. Uchov\u00e1vajte mimo dosahu slne\u010dn\u00e9ho svetla a siln\u00fdch pachov. <\/p>\n<p>Po otvoren\u00ed uchov\u00e1vajte v chlade a spotrebujte do 30 dn\u00ed.<\/p>\n<p>Ak si chcete k\u00fapi\u0165 olivy alebo in\u00fd druh <a href=\"https:\/\/latiendadesami.com\/categoria-producto\/encurtidos\/\" rel=\"noopener noreferrer nofollow\" target=\"_blank\">uhoriek<\/a>, nev\u00e1hajte a pozrite si n\u00e1\u0161 online katal\u00f3g, v ktorom n\u00e1jdete \u0161irok\u00fa ponuku <a href=\"https:\/\/latiendadesami.com\/categoria-producto\/encurtidos\/berenjenas\/\" target=\"_blank\" rel=\"noopener noreferrer nofollow\">bakla\u017e\u00e1nov<\/a>.<\/p>\n<p>Zna\u010dka La Encajonera je rodinn\u00fd podnik zalo\u017een\u00fd v roku 1990, ktor\u00fd sa nach\u00e1dza v srdci La Mancha, v meste\u010dku ALMAGRO v provincii Ciudad Real.<\/p>\n<p>V\u00fdrobn\u00fd proces jej produktov sa za\u010d\u00edna v tej istej oblasti pestovania, kde sa vyber\u00e1 najkvalitnej\u0161\u00ed produkt.<\/p>\n<p>Tov\u00e1re\u0148 je vybaven\u00e1 najmodernej\u0161ou technol\u00f3giou, pri\u010dom zachov\u00e1va trad\u00edciu a know-how svojich remeseln\u00edkov.<\/p>\n","protected":false},"excerpt":{"rendered":"<p>4,5 kg bakla\u017e\u00e1n s dresingom je ide\u00e1lnym predjedlom. Pou\u017e\u00edva sa aj ako pr\u00edloha k \u0161al\u00e1tom. Dochucuj\u00fa sa vodou, v\u00ednnym octom, olivov\u00fdm olejom, paprikou, so\u013eou, rascou a cesnakom. Bakla\u017e\u00e1ny s hmotnos\u0165ou 4,5 kg poch\u00e1dzaj\u00fa z Kast\u00edlie la Mancha v \u0160panielsku. Zlo\u017eenie: S: bakla\u017e\u00e1n &#8222;De Almagro&#8220;, voda, so\u013e, v\u00ednny ocot, pr\u00edrodn\u00e9 korenie (cesnak, rasca, paprika, olivov\u00fd olej), [&hellip;]<\/p>\n","protected":false},"featured_media":18238,"template":"","meta":{"_et_pb_use_builder":"","_et_pb_old_content":"","_et_gb_content_width":""},"product_brand":[],"product_cat":[2140,1728],"product_tag":[2141],"class_list":{"0":"post-18237","1":"product","2":"type-product","3":"status-publish","4":"has-post-thumbnail","6":"product_cat-baklazany-sk","7":"product_cat-uhorky","8":"product_tag-alinada-sk","10":"first","11":"instock","12":"taxable","13":"shipping-taxable","14":"purchasable","15":"product-type-simple"},"_links":{"self":[{"href":"https:\/\/myspainfood.com\/sk\/wp-json\/wp\/v2\/product\/18237","targetHints":{"allow":["GET"]}}],"collection":[{"href":"https:\/\/myspainfood.com\/sk\/wp-json\/wp\/v2\/product"}],"about":[{"href":"https:\/\/myspainfood.com\/sk\/wp-json\/wp\/v2\/types\/product"}],"wp:featuredmedia":[{"embeddable":true,"href":"https:\/\/myspainfood.com\/sk\/wp-json\/wp\/v2\/media\/18238"}],"wp:attachment":[{"href":"https:\/\/myspainfood.com\/sk\/wp-json\/wp\/v2\/media?parent=18237"}],"wp:term":[{"taxonomy":"product_brand","embeddable":true,"href":"https:\/\/myspainfood.com\/sk\/wp-json\/wp\/v2\/product_brand?post=18237"},{"taxonomy":"product_cat","embeddable":true,"href":"https:\/\/myspainfood.com\/sk\/wp-json\/wp\/v2\/product_cat?post=18237"},{"taxonomy":"product_tag","embeddable":true,"href":"https:\/\/myspainfood.com\/sk\/wp-json\/wp\/v2\/product_tag?post=18237"}],"curies":[{"name":"wp","href":"https:\/\/api.w.org\/{rel}","templated":true}]}}