{"id":18272,"date":"2025-04-10T12:05:35","date_gmt":"2025-04-10T10:05:35","guid":{"rendered":"https:\/\/myspainfood.com\/producto\/baklazan-plneny-olivami-gordal-45-kg\/"},"modified":"2025-04-10T12:05:35","modified_gmt":"2025-04-10T10:05:35","slug":"baklazan-plneny-olivami-gordal-45-kg","status":"publish","type":"product","link":"https:\/\/myspainfood.com\/sk\/producto\/baklazan-plneny-olivami-gordal-45-kg\/","title":{"rendered":"Bakla\u017e\u00e1n plnen\u00fd olivami Gordal 4,5 kg"},"content":{"rendered":"<p>Olivy Gordal plnen\u00e9 bakla\u017e\u00e1nmi odrody Gordal plnen\u00e9 na\u0161imi tradi\u010dn\u00fdmi <a href=\"https:\/\/www.laencajera.es\/aceitunas\" target=\"_blank\" rel=\"noopener noreferrer nofollow\">bakla\u017e\u00e1nmi<\/a> Almagro.<\/p>\n<p>Jedna z najob\u013e\u00fabenej\u0161\u00edch odr\u00f4d. S\u00fa ide\u00e1lne ako aperit\u00edv. <\/p>\n<p>Zlo\u017eenie: Voda, so\u013e, v\u00ednny ocot, mlet\u00e1 rasca, paprika de la Vera, oregano, zv\u00fdraz\u0148ova\u010d chuti (E-621, E-631, E-627), okys\u013eova\u010d (E-330), konzerva\u010dn\u00e9 l\u00e1tky (E-260, E-211, E-202), antioxidant (E-300) a pr\u00edrodn\u00e9 esencie (esencia korenia, esencia cesnaku, esencia rasce). M\u00f4\u017ee obsahova\u0165 siri\u010ditany. <\/p>\n<p>Uchov\u00e1vajte na chladnom a suchom mieste pri teplote od 3 do 10 \u00b0C.<\/p>\n<p>Chr\u00e1\u0148te pred slne\u010dn\u00fdm \u017eiaren\u00edm a siln\u00fdmi pachmi.<\/p>\n<p>Olivy Gordal plnen\u00e9 bakla\u017e\u00e1nom. Po otvoren\u00ed uchov\u00e1vajte v chlade a spotrebujte do 30 dn\u00ed.<\/p>\n<p>Ak si chcete k\u00fapi\u0165 olivy alebo in\u00fd druh <a href=\"https:\/\/latiendadesami.com\/categoria-producto\/encurtidos\/\" rel=\"noopener noreferrer nofollow\" target=\"_blank\">uhoriek<\/a>, nev\u00e1hajte a pozrite si n\u00e1\u0161 online katal\u00f3g, v ktorom n\u00e1jdete \u0161irok\u00fa ponuku <a href=\"https:\/\/latiendadesami.com\/categoria-producto\/encurtidos\/berenjenas\/\" target=\"_blank\" rel=\"noopener noreferrer nofollow\">bakla\u017e\u00e1nov<\/a>.<\/p>\n<p>Zna\u010dka La Encajonera je rodinn\u00fd podnik zalo\u017een\u00fd v roku 1990, ktor\u00fd sa nach\u00e1dza v srdci La Mancha, v meste\u010dku ALMAGRO v provincii Ciudad Real.<\/p>\n<p>V\u00fdrobn\u00fd proces jej produktov sa za\u010d\u00edna v tej istej oblasti pestovania, kde sa vyber\u00e1 najkvalitnej\u0161\u00ed produkt.<\/p>\n<p>Tov\u00e1re\u0148 je vybaven\u00e1 najmodernej\u0161ou technol\u00f3giou, pri\u010dom zachov\u00e1va trad\u00edciu a know-how svojich remeseln\u00edkov.<\/p>\n","protected":false},"excerpt":{"rendered":"<p>Olivy Gordal plnen\u00e9 bakla\u017e\u00e1nmi odrody Gordal plnen\u00e9 na\u0161imi tradi\u010dn\u00fdmi bakla\u017e\u00e1nmi Almagro. Jedna z najob\u013e\u00fabenej\u0161\u00edch odr\u00f4d. S\u00fa ide\u00e1lne ako aperit\u00edv. Zlo\u017eenie: Voda, so\u013e, v\u00ednny ocot, mlet\u00e1 rasca, paprika de la Vera, oregano, zv\u00fdraz\u0148ova\u010d chuti (E-621, E-631, E-627), okys\u013eova\u010d (E-330), konzerva\u010dn\u00e9 l\u00e1tky (E-260, E-211, E-202), antioxidant (E-300) a pr\u00edrodn\u00e9 esencie (esencia korenia, esencia cesnaku, esencia rasce). M\u00f4\u017ee [&hellip;]<\/p>\n","protected":false},"featured_media":18274,"template":"","meta":{"_et_pb_use_builder":"","_et_pb_old_content":"","_et_gb_content_width":""},"product_brand":[],"product_cat":[1730,1728],"product_tag":[2178,2179],"class_list":{"0":"post-18272","1":"product","2":"type-product","3":"status-publish","4":"has-post-thumbnail","6":"product_cat-olivy","7":"product_cat-uhorky","8":"product_tag-baklazan-sk","9":"product_tag-vyplnte-sk","11":"first","12":"instock","13":"taxable","14":"shipping-taxable","15":"purchasable","16":"product-type-simple"},"_links":{"self":[{"href":"https:\/\/myspainfood.com\/sk\/wp-json\/wp\/v2\/product\/18272","targetHints":{"allow":["GET"]}}],"collection":[{"href":"https:\/\/myspainfood.com\/sk\/wp-json\/wp\/v2\/product"}],"about":[{"href":"https:\/\/myspainfood.com\/sk\/wp-json\/wp\/v2\/types\/product"}],"wp:featuredmedia":[{"embeddable":true,"href":"https:\/\/myspainfood.com\/sk\/wp-json\/wp\/v2\/media\/18274"}],"wp:attachment":[{"href":"https:\/\/myspainfood.com\/sk\/wp-json\/wp\/v2\/media?parent=18272"}],"wp:term":[{"taxonomy":"product_brand","embeddable":true,"href":"https:\/\/myspainfood.com\/sk\/wp-json\/wp\/v2\/product_brand?post=18272"},{"taxonomy":"product_cat","embeddable":true,"href":"https:\/\/myspainfood.com\/sk\/wp-json\/wp\/v2\/product_cat?post=18272"},{"taxonomy":"product_tag","embeddable":true,"href":"https:\/\/myspainfood.com\/sk\/wp-json\/wp\/v2\/product_tag?post=18272"}],"curies":[{"name":"wp","href":"https:\/\/api.w.org\/{rel}","templated":true}]}}