{"id":18287,"date":"2025-04-10T12:09:16","date_gmt":"2025-04-10T10:09:16","guid":{"rendered":"https:\/\/myspainfood.com\/producto\/manzanilla-olive-ancovicky-s-prichutou-140-160-5-kg-odkvapkane\/"},"modified":"2025-04-10T12:09:16","modified_gmt":"2025-04-10T10:09:16","slug":"manzanilla-olive-ancovicky-s-prichutou-140-160-5-kg-odkvapkane","status":"publish","type":"product","link":"https:\/\/myspainfood.com\/sk\/producto\/manzanilla-olive-ancovicky-s-prichutou-140-160-5-kg-odkvapkane\/","title":{"rendered":"Manzanilla Olive An\u010dovi\u010dky s pr\u00edchu\u0165ou 140-160 5 kg odkvapkan\u00e9"},"content":{"rendered":"<p>Najob\u013e\u00fabenej\u0161ou olivou na trhu je manzanilla s pr\u00edchu\u0165ou an\u010dovi\u010diek. Je ve\u013emi cenen\u00e1 pre svoju jemn\u00fa chu\u0165. Pou\u017e\u00edva sa najm\u00e4 ako stolov\u00e1 oliva. M\u00e1 \u017eltozelen\u00fa farbu, je bez k\u00f4stok a m\u00e1 jemn\u00fa chu\u0165. \u0160iroko sa pou\u017e\u00edva ako aperit\u00edv a predjedlo. Je s\u00fa\u010das\u0165ou receptov, ako s\u00fa pizza, \u0161al\u00e1ty alebo zlo\u017eitej\u0161ie jedl\u00e1.     <\/p>\n<p>Zlo\u017eenie: Olivy, voda, so\u013e, okys\u013euj\u00faca l\u00e1tka (E-330), konzerva\u010dn\u00e9 l\u00e1tky<\/p>\n<p>(E-211, E-202, E-270) Antioxidant (E-300)<\/p>\n<p>M\u00f4\u017ee obsahova\u0165 siri\u010ditany.<\/p>\n<p>Uchov\u00e1vajte na chladnom a suchom mieste pri teplote od 3 do 10 \u00b0C.<\/p>\n<p>Chr\u00e1\u0148te pred slne\u010dn\u00fdm \u017eiaren\u00edm a siln\u00fdmi pachmi.<\/p>\n<p>Ak si chcete k\u00fapi\u0165 olivy alebo in\u00fd druh <a href=\"https:\/\/latiendadesami.com\/categoria-producto\/encurtidos\/\" rel=\"noopener noreferrer nofollow\" target=\"_blank\">uhoriek<\/a>, nev\u00e1hajte a pozrite si n\u00e1\u0161 online katal\u00f3g, v ktorom n\u00e1jdete \u0161irok\u00fa ponuku <a href=\"https:\/\/latiendadesami.com\/categoria-producto\/encurtidos\/berenjenas\/\" target=\"_blank\" rel=\"noopener noreferrer nofollow\">bakla\u017e\u00e1nov<\/a>.<\/p>\n<p>Zna\u010dka La Encajera je rodinn\u00fd podnik zalo\u017een\u00fd v roku 1990, ktor\u00fd sa nach\u00e1dza v srdci La Mancha, v meste ALMAGRO v provincii Ciudad Real.<\/p>\n<p>V\u00fdrobn\u00fd proces jej produktov sa za\u010d\u00edna v tej istej oblasti pestovania, kde sa vyber\u00e1 najkvalitnej\u0161\u00ed produkt.<\/p>\n<p>Tov\u00e1re\u0148 je vybaven\u00e1 najmodernej\u0161ou technol\u00f3giou, pri\u010dom zachov\u00e1va trad\u00edciu a know-how svojich remeseln\u00edkov.<\/p>\n","protected":false},"excerpt":{"rendered":"<p>Najob\u013e\u00fabenej\u0161ou olivou na trhu je manzanilla s pr\u00edchu\u0165ou an\u010dovi\u010diek. Je ve\u013emi cenen\u00e1 pre svoju jemn\u00fa chu\u0165. Pou\u017e\u00edva sa najm\u00e4 ako stolov\u00e1 oliva. M\u00e1 \u017eltozelen\u00fa farbu, je bez k\u00f4stok a m\u00e1 jemn\u00fa chu\u0165. \u0160iroko sa pou\u017e\u00edva ako aperit\u00edv a predjedlo. Je s\u00fa\u010das\u0165ou receptov, ako s\u00fa pizza, \u0161al\u00e1ty alebo zlo\u017eitej\u0161ie jedl\u00e1. Zlo\u017eenie: Olivy, voda, so\u013e, okys\u013euj\u00faca l\u00e1tka [&hellip;]<\/p>\n","protected":false},"featured_media":18289,"template":"","meta":{"_et_pb_use_builder":"","_et_pb_old_content":"","_et_gb_content_width":""},"product_brand":[],"product_cat":[1730,1728],"product_tag":[2178,2179],"class_list":{"0":"post-18287","1":"product","2":"type-product","3":"status-publish","4":"has-post-thumbnail","6":"product_cat-olivy","7":"product_cat-uhorky","8":"product_tag-baklazan-sk","9":"product_tag-vyplnte-sk","11":"first","12":"instock","13":"taxable","14":"shipping-taxable","15":"purchasable","16":"product-type-simple"},"_links":{"self":[{"href":"https:\/\/myspainfood.com\/sk\/wp-json\/wp\/v2\/product\/18287","targetHints":{"allow":["GET"]}}],"collection":[{"href":"https:\/\/myspainfood.com\/sk\/wp-json\/wp\/v2\/product"}],"about":[{"href":"https:\/\/myspainfood.com\/sk\/wp-json\/wp\/v2\/types\/product"}],"wp:featuredmedia":[{"embeddable":true,"href":"https:\/\/myspainfood.com\/sk\/wp-json\/wp\/v2\/media\/18289"}],"wp:attachment":[{"href":"https:\/\/myspainfood.com\/sk\/wp-json\/wp\/v2\/media?parent=18287"}],"wp:term":[{"taxonomy":"product_brand","embeddable":true,"href":"https:\/\/myspainfood.com\/sk\/wp-json\/wp\/v2\/product_brand?post=18287"},{"taxonomy":"product_cat","embeddable":true,"href":"https:\/\/myspainfood.com\/sk\/wp-json\/wp\/v2\/product_cat?post=18287"},{"taxonomy":"product_tag","embeddable":true,"href":"https:\/\/myspainfood.com\/sk\/wp-json\/wp\/v2\/product_tag?post=18287"}],"curies":[{"name":"wp","href":"https:\/\/api.w.org\/{rel}","templated":true}]}}