{"id":18623,"date":"2025-04-10T12:16:51","date_gmt":"2025-04-10T10:16:51","guid":{"rendered":"https:\/\/myspainfood.com\/producto\/lot-3c-kantabrijske-file-zo-sardely-file-zo-sleda-file-zo-sleda-s-olivami-picarpicar\/"},"modified":"2026-01-13T13:54:10","modified_gmt":"2026-01-13T12:54:10","slug":"lot-3c-kantabrijske-file-zo-sardely-file-zo-sleda-file-zo-sleda-s-olivami-picarpicar","status":"publish","type":"product","link":"https:\/\/myspainfood.com\/sk\/producto\/lot-3c-kantabrijske-file-zo-sardely-file-zo-sleda-file-zo-sleda-s-olivami-picarpicar\/","title":{"rendered":"Lot 3C Kant\u00e1brijsk\u00e9 fil\u00e9 zo sardely - fil\u00e9 zo sle\u010fa - fil\u00e9 zo sle\u010fa s olivami Picar&amp;Picar"},"content":{"rendered":"<p>OBSAH:<\/p>\n<ul>\n<li>Fil\u00e9 zo sardely z Biskajsk\u00e9ho z\u00e1livu:<\/li>\n<\/ul>\n<p>300 g vani\u010dka: 1 ks<\/p>\n<ul>\n<li>Filety zo sle\u010fa:<\/li>\n<\/ul>\n<p>Z\u00e1sobn\u00edk 220 gr: 1 ks<\/p>\n<ul>\n<li>Filety zo sle\u010fa s olivami:<\/li>\n<\/ul>\n<p>Z\u00e1sobn\u00edk 220 gr: 1 ks<\/p>\n","protected":false},"excerpt":{"rendered":"<p>OBSAH: Fil\u00e9 zo sardely z Biskajsk\u00e9ho z\u00e1livu: 300 g vani\u010dka: 1 ks Filety zo sle\u010fa: Z\u00e1sobn\u00edk 220 gr: 1 ks Filety zo sle\u010fa s olivami: Z\u00e1sobn\u00edk 220 gr: 1 ks<\/p>\n","protected":false},"featured_media":18625,"template":"","meta":{"_et_pb_use_builder":"","_et_pb_old_content":"","_et_gb_content_width":""},"product_brand":[1127],"product_cat":[1905,1820],"product_tag":[],"class_list":{"0":"post-18623","1":"product","2":"type-product","3":"status-publish","4":"has-post-thumbnail","6":"product_brand-picarpicar","7":"product_cat-ancovicky-sk","8":"product_cat-studena","9":"product_shipping_class-zasielka-za-studena","11":"first","12":"outofstock","13":"taxable","14":"shipping-taxable","15":"purchasable","16":"product-type-simple"},"_links":{"self":[{"href":"https:\/\/myspainfood.com\/sk\/wp-json\/wp\/v2\/product\/18623","targetHints":{"allow":["GET"]}}],"collection":[{"href":"https:\/\/myspainfood.com\/sk\/wp-json\/wp\/v2\/product"}],"about":[{"href":"https:\/\/myspainfood.com\/sk\/wp-json\/wp\/v2\/types\/product"}],"wp:featuredmedia":[{"embeddable":true,"href":"https:\/\/myspainfood.com\/sk\/wp-json\/wp\/v2\/media\/18625"}],"wp:attachment":[{"href":"https:\/\/myspainfood.com\/sk\/wp-json\/wp\/v2\/media?parent=18623"}],"wp:term":[{"taxonomy":"product_brand","embeddable":true,"href":"https:\/\/myspainfood.com\/sk\/wp-json\/wp\/v2\/product_brand?post=18623"},{"taxonomy":"product_cat","embeddable":true,"href":"https:\/\/myspainfood.com\/sk\/wp-json\/wp\/v2\/product_cat?post=18623"},{"taxonomy":"product_tag","embeddable":true,"href":"https:\/\/myspainfood.com\/sk\/wp-json\/wp\/v2\/product_tag?post=18623"}],"curies":[{"name":"wp","href":"https:\/\/api.w.org\/{rel}","templated":true}]}}