{"id":18694,"date":"2025-04-10T12:16:51","date_gmt":"2025-04-10T10:16:51","guid":{"rendered":"https:\/\/myspainfood.com\/producto\/partia-1f-file-zo-sardeli-v-oleji-file-zo-sardeli-v-octe-file-zo-sardeli-v-cesnakovej-a-petrzlenovej-omacke-cesnak-a-petrzlen-chop-chop\/"},"modified":"2026-01-13T13:53:17","modified_gmt":"2026-01-13T12:53:17","slug":"partia-1f-file-zo-sardeli-v-oleji-file-zo-sardeli-v-octe-file-zo-sardeli-v-cesnakovej-a-petrzlenovej-omacke-cesnak-a-petrzlen-chop-chop","status":"publish","type":"product","link":"https:\/\/myspainfood.com\/sk\/producto\/partia-1f-file-zo-sardeli-v-oleji-file-zo-sardeli-v-octe-file-zo-sardeli-v-cesnakovej-a-petrzlenovej-omacke-cesnak-a-petrzlen-chop-chop\/","title":{"rendered":"Partia 1F Fil\u00e9 zo sardel\u00ed v oleji - fil\u00e9 zo sardel\u00ed v octe - fil\u00e9 zo sardel\u00ed v cesnakovej a petr\u017elenovej om\u00e1\u010dke (cesnak a petr\u017elen) Chop &amp; Chop"},"content":{"rendered":"<p>OBSAH:<\/p>\n<ul>\n<li>Fil\u00e9 zo sardely v oleji:<\/li>\n<\/ul>\n<p>Z\u00e1sobn\u00edk 200 gr: 3 ks<\/p>\n<ul>\n<li>Fil\u00e9 zo sardely v octe:<\/li>\n<\/ul>\n<p>Z\u00e1sobn\u00edk 200 gr: 3 ks<\/p>\n<ul>\n<li>Ochuten\u00e9 sardelov\u00e9 fil\u00e9 (cesnak a petr\u017elenov\u00e1 v\u0148a\u0165):<\/li>\n<\/ul>\n<p>Z\u00e1sobn\u00edk 200 gr: 3 ks<\/p>\n","protected":false},"excerpt":{"rendered":"<p>OBSAH: Fil\u00e9 zo sardely v oleji: Z\u00e1sobn\u00edk 200 gr: 3 ks Fil\u00e9 zo sardely v octe: Z\u00e1sobn\u00edk 200 gr: 3 ks Ochuten\u00e9 sardelov\u00e9 fil\u00e9 (cesnak a petr\u017elenov\u00e1 v\u0148a\u0165): Z\u00e1sobn\u00edk 200 gr: 3 ks<\/p>\n","protected":false},"featured_media":18696,"template":"","meta":{"_et_pb_use_builder":"","_et_pb_old_content":"","_et_gb_content_width":""},"product_brand":[1127],"product_cat":[1905,1820],"product_tag":[],"class_list":{"0":"post-18694","1":"product","2":"type-product","3":"status-publish","4":"has-post-thumbnail","6":"product_brand-picarpicar","7":"product_cat-ancovicky-sk","8":"product_cat-studena","9":"product_shipping_class-zasielka-za-studena","11":"first","12":"outofstock","13":"taxable","14":"shipping-taxable","15":"purchasable","16":"product-type-simple"},"_links":{"self":[{"href":"https:\/\/myspainfood.com\/sk\/wp-json\/wp\/v2\/product\/18694","targetHints":{"allow":["GET"]}}],"collection":[{"href":"https:\/\/myspainfood.com\/sk\/wp-json\/wp\/v2\/product"}],"about":[{"href":"https:\/\/myspainfood.com\/sk\/wp-json\/wp\/v2\/types\/product"}],"wp:featuredmedia":[{"embeddable":true,"href":"https:\/\/myspainfood.com\/sk\/wp-json\/wp\/v2\/media\/18696"}],"wp:attachment":[{"href":"https:\/\/myspainfood.com\/sk\/wp-json\/wp\/v2\/media?parent=18694"}],"wp:term":[{"taxonomy":"product_brand","embeddable":true,"href":"https:\/\/myspainfood.com\/sk\/wp-json\/wp\/v2\/product_brand?post=18694"},{"taxonomy":"product_cat","embeddable":true,"href":"https:\/\/myspainfood.com\/sk\/wp-json\/wp\/v2\/product_cat?post=18694"},{"taxonomy":"product_tag","embeddable":true,"href":"https:\/\/myspainfood.com\/sk\/wp-json\/wp\/v2\/product_tag?post=18694"}],"curies":[{"name":"wp","href":"https:\/\/api.w.org\/{rel}","templated":true}]}}