{"id":18730,"date":"2025-04-10T12:16:50","date_gmt":"2025-04-10T10:16:50","guid":{"rendered":"https:\/\/myspainfood.com\/producto\/ciastka-3a-file-zo-sardely-z-biskajskeho-zalivu-file-zo-sardely-s-cesnakovou-a-petrzlenovou-omackou-picarpicar\/"},"modified":"2026-01-13T13:51:06","modified_gmt":"2026-01-13T12:51:06","slug":"ciastka-3a-file-zo-sardely-z-biskajskeho-zalivu-file-zo-sardely-s-cesnakovou-a-petrzlenovou-omackou-picarpicar","status":"publish","type":"product","link":"https:\/\/myspainfood.com\/sk\/producto\/ciastka-3a-file-zo-sardely-z-biskajskeho-zalivu-file-zo-sardely-s-cesnakovou-a-petrzlenovou-omackou-picarpicar\/","title":{"rendered":"\u010ciastka 3A Fil\u00e9 zo sardely z Biskajsk\u00e9ho z\u00e1livu - fil\u00e9 zo sardely s cesnakovou a petr\u017elenovou om\u00e1\u010dkou - Picar&amp;Picar"},"content":{"rendered":"<p>OBSAH:<\/p>\n<ul>\n<li>Fil\u00e9 zo sardely:<\/li>\n<\/ul>\n<p>Tripack: 3 ks<\/p>\n<ul>\n<li>Fil\u00e9 zo sardely z Biskajsk\u00e9ho z\u00e1livu:<\/li>\n<\/ul>\n<p>Z\u00e1sobn\u00edk 120 gr: 2 ks<\/p>\n<ul>\n<li>Ochuten\u00e9 sardelov\u00e9 fil\u00e9 (cesnak a petr\u017elenov\u00e1 v\u0148a\u0165):<\/li>\n<\/ul>\n<p>700 g vani\u010dka: 1 ks<\/p>\n<p>Gurm\u00e1nsky v\u00fdrobok.<\/p>\n","protected":false},"excerpt":{"rendered":"<p>OBSAH: Fil\u00e9 zo sardely: Tripack: 3 ks Fil\u00e9 zo sardely z Biskajsk\u00e9ho z\u00e1livu: Z\u00e1sobn\u00edk 120 gr: 2 ks Ochuten\u00e9 sardelov\u00e9 fil\u00e9 (cesnak a petr\u017elenov\u00e1 v\u0148a\u0165): 700 g vani\u010dka: 1 ks Gurm\u00e1nsky v\u00fdrobok.<\/p>\n","protected":false},"featured_media":18731,"template":"","meta":{"_et_pb_use_builder":"","_et_pb_old_content":"","_et_gb_content_width":""},"product_brand":[1127],"product_cat":[1905,1820],"product_tag":[],"class_list":{"0":"post-18730","1":"product","2":"type-product","3":"status-publish","4":"has-post-thumbnail","6":"product_brand-picarpicar","7":"product_cat-ancovicky-sk","8":"product_cat-studena","9":"product_shipping_class-zasielka-za-studena","11":"first","12":"outofstock","13":"taxable","14":"shipping-taxable","15":"purchasable","16":"product-type-simple"},"_links":{"self":[{"href":"https:\/\/myspainfood.com\/sk\/wp-json\/wp\/v2\/product\/18730","targetHints":{"allow":["GET"]}}],"collection":[{"href":"https:\/\/myspainfood.com\/sk\/wp-json\/wp\/v2\/product"}],"about":[{"href":"https:\/\/myspainfood.com\/sk\/wp-json\/wp\/v2\/types\/product"}],"wp:featuredmedia":[{"embeddable":true,"href":"https:\/\/myspainfood.com\/sk\/wp-json\/wp\/v2\/media\/18731"}],"wp:attachment":[{"href":"https:\/\/myspainfood.com\/sk\/wp-json\/wp\/v2\/media?parent=18730"}],"wp:term":[{"taxonomy":"product_brand","embeddable":true,"href":"https:\/\/myspainfood.com\/sk\/wp-json\/wp\/v2\/product_brand?post=18730"},{"taxonomy":"product_cat","embeddable":true,"href":"https:\/\/myspainfood.com\/sk\/wp-json\/wp\/v2\/product_cat?post=18730"},{"taxonomy":"product_tag","embeddable":true,"href":"https:\/\/myspainfood.com\/sk\/wp-json\/wp\/v2\/product_tag?post=18730"}],"curies":[{"name":"wp","href":"https:\/\/api.w.org\/{rel}","templated":true}]}}