{"id":18868,"date":"2025-04-10T12:16:20","date_gmt":"2025-04-10T10:16:20","guid":{"rendered":"https:\/\/myspainfood.com\/producto\/extra-panensky-olivovy-olej-balenie-3-karaf-viejo-olivas-15-l\/"},"modified":"2026-01-29T12:34:47","modified_gmt":"2026-01-29T11:34:47","slug":"extra-panensky-olivovy-olej-balenie-3-karaf-viejo-olivas-15-l","status":"publish","type":"product","link":"https:\/\/myspainfood.com\/sk\/producto\/extra-panensky-olivovy-olej-balenie-3-karaf-viejo-olivas-15-l\/","title":{"rendered":"Extra panensk\u00fd olivov\u00fd olej - balenie 3 kar\u00e1f - Viejo Olivas - 15 l"},"content":{"rendered":"<h3><strong>Extra panensk\u00fd olivov\u00fd olej - balenie 3 kar\u00e1f - Viejo Olivas - 15 l<\/strong><\/h3>\n<p>Objavte bohatstvo stredomorskej chuti s <strong>bal\u00edkom extra panensk\u00e9ho olivov\u00e9ho oleja Viejo Olivas<\/strong>, ktor\u00fd obsahuje tri 5-litrov\u00e9 f\u013ea\u0161e. Tento olej je v\u00fdsledkom starostliv\u00e9ho v\u00fdberu ol\u00edv najvy\u0161\u0161ej kvality, ktor\u00e9 sa pestuj\u00fa v tradi\u010dn\u00fdch olivov\u00fdch h\u00e1joch. Jeho <strong>proces extrakcie za studena<\/strong> zaru\u010duje, \u017ee ka\u017ed\u00e1 kvapka si zachov\u00e1 v\u0161etky v\u00fd\u017eivov\u00e9 vlastnosti a v\u00fdnimo\u010dn\u00fa chu\u0165, ktor\u00e1 charakterizuje prav\u00fd extra panensk\u00fd olivov\u00fd olej.  <\/p>\n<p>Ka\u017ed\u00e1 5l karafa je navrhnut\u00e1 tak, aby sp\u013a\u0148ala potreby kuch\u00e1rov a milovn\u00edkov jedla. Tento olej s ovocnou ar\u00f3mou a vyv\u00e1\u017eenou chu\u0165ou je ide\u00e1lny na zv\u00fdraznenie chuti va\u0161ich \u0161al\u00e1tov, marin\u00e1d a dusen\u00fdch pokrmov. Ide\u00e1lny na ka\u017edodenn\u00e9 pou\u017eitie, jeho 15-litrov\u00fd form\u00e1t poskytuje v\u00fdrazn\u00fa \u00fasporu bez kompromisov v kvalite, v\u010faka \u010domu budete ma\u0165 t\u00fato z\u00e1kladn\u00fa zlo\u017eku stredomorskej kuchyne v\u017edy po ruke.  <\/p>\n<p><strong>Pre\u010do si vybra\u0165 extra panensk\u00fd olivov\u00fd olej Viejo Olivas?<\/strong><\/p>\n<ul>\n<li><strong>Pr\u00e9miov\u00e1 kvalita<\/strong>: Ka\u017ed\u00e1 karafa sa vyr\u00e1ba z vybran\u00fdch ol\u00edv, v\u010faka \u010domu vznik\u00e1 olej s intenz\u00edvnou chu\u0165ou a zdrav\u00fdmi vlastnos\u0165ami.<\/li>\n<li><strong>V\u0161estrann\u00e9 pou\u017eitie<\/strong>: Ide\u00e1lne na varenie, dochucovanie a ozvl\u00e1\u0161tnenie pokrmov.<\/li>\n<li><strong>Hospod\u00e1rnos\u0165<\/strong>: N\u00e1kupom v balen\u00ed z\u00edskate vynikaj\u00faci pomer ceny a kvality, ide\u00e1lny pre rodiny alebo pohostinstv\u00e1.<\/li>\n<\/ul>\n<p>Ak sa chcete dozvedie\u0165 viac o v\u00fdhod\u00e1ch olivov\u00fdch olejov, nav\u0161t\u00edvte na\u0161u sekciu <a target=\"_new\" rel=\"noopener\">V\u00fdhody olivov\u00e9ho oleja<\/a> a zistite, ako m\u00f4\u017ee zlep\u0161i\u0165 va\u0161e zdravie a recepty. Ak chcete z\u00edska\u0165 \u0161ir\u0161\u00ed v\u00fdber, pozrite si na\u0161u kateg\u00f3riu <a target=\"_new\" rel=\"noopener\">olejov a octov<\/a>, kde n\u00e1jdete \u010fal\u0161ie vysokokvalitn\u00e9 v\u00fdrobky, ktor\u00e9 dokonale doplnia va\u0161u kuchy\u0148u.<\/p>\n<p>Ak sa rozhodnete pre <strong>balenie extra panensk\u00e9ho olivov\u00e9ho oleja Viejo Olivas<\/strong>, vyberiete si nielen kvalitu a chu\u0165, ale podpor\u00edte aj udr\u017eate\u013en\u00e9 a zodpovedn\u00e9 po\u013enohospod\u00e1rske postupy. Vyu\u017eite t\u00fato pr\u00edle\u017eitos\u0165 a prineste na svoj st\u00f4l to najlep\u0161ie zo stredomorskej trad\u00edcie, objednajte si ho e\u0161te dnes a premen\u00edte ka\u017ed\u00e9 jedlo na gurm\u00e1nsky z\u00e1\u017eitok!  <\/p>\n","protected":false},"excerpt":{"rendered":"<p>Extra panensk\u00fd olivov\u00fd olej - balenie 3 kar\u00e1f - Viejo Olivas - 15 l Objavte bohatstvo stredomorskej chuti s bal\u00edkom extra panensk\u00e9ho olivov\u00e9ho oleja Viejo Olivas, ktor\u00fd obsahuje tri 5-litrov\u00e9 f\u013ea\u0161e. Tento olej je v\u00fdsledkom starostliv\u00e9ho v\u00fdberu ol\u00edv najvy\u0161\u0161ej kvality, ktor\u00e9 sa pestuj\u00fa v tradi\u010dn\u00fdch olivov\u00fdch h\u00e1joch. Jeho proces extrakcie za studena zaru\u010duje, \u017ee ka\u017ed\u00e1 [&hellip;]<\/p>\n","protected":false},"featured_media":18870,"template":"","meta":{"_et_pb_use_builder":"","_et_pb_old_content":"","_et_gb_content_width":""},"product_brand":[1221],"product_cat":[2231,2230],"product_tag":[2233],"class_list":{"0":"post-18868","1":"product","2":"type-product","3":"status-publish","4":"has-post-thumbnail","6":"product_brand-valdezarza","7":"product_cat-extra-panenske-olivy","8":"product_cat-olej-sk","9":"product_tag-olej-sk","11":"first","12":"outofstock","13":"featured","14":"taxable","15":"shipping-taxable","16":"purchasable","17":"product-type-simple"},"_links":{"self":[{"href":"https:\/\/myspainfood.com\/sk\/wp-json\/wp\/v2\/product\/18868","targetHints":{"allow":["GET"]}}],"collection":[{"href":"https:\/\/myspainfood.com\/sk\/wp-json\/wp\/v2\/product"}],"about":[{"href":"https:\/\/myspainfood.com\/sk\/wp-json\/wp\/v2\/types\/product"}],"wp:featuredmedia":[{"embeddable":true,"href":"https:\/\/myspainfood.com\/sk\/wp-json\/wp\/v2\/media\/18870"}],"wp:attachment":[{"href":"https:\/\/myspainfood.com\/sk\/wp-json\/wp\/v2\/media?parent=18868"}],"wp:term":[{"taxonomy":"product_brand","embeddable":true,"href":"https:\/\/myspainfood.com\/sk\/wp-json\/wp\/v2\/product_brand?post=18868"},{"taxonomy":"product_cat","embeddable":true,"href":"https:\/\/myspainfood.com\/sk\/wp-json\/wp\/v2\/product_cat?post=18868"},{"taxonomy":"product_tag","embeddable":true,"href":"https:\/\/myspainfood.com\/sk\/wp-json\/wp\/v2\/product_tag?post=18868"}],"curies":[{"name":"wp","href":"https:\/\/api.w.org\/{rel}","templated":true}]}}