{"id":18898,"date":"2025-04-10T12:16:30","date_gmt":"2025-04-10T10:16:30","guid":{"rendered":"https:\/\/myspainfood.com\/producto\/bravcova-panenka-zo-100-iberskeho-bravcoveho-masa-krmeneho-zaludmi-fili-500-gr\/"},"modified":"2026-01-29T13:11:38","modified_gmt":"2026-01-29T12:11:38","slug":"bravcova-panenka-zo-100-iberskeho-bravcoveho-masa-krmeneho-zaludmi-fili-500-gr","status":"publish","type":"product","link":"https:\/\/myspainfood.com\/sk\/producto\/bravcova-panenka-zo-100-iberskeho-bravcoveho-masa-krmeneho-zaludmi-fili-500-gr\/","title":{"rendered":"Brav\u010dov\u00e1 panenka zo 100% ibersk\u00e9ho brav\u010dov\u00e9ho m\u00e4sa k\u0155men\u00e9ho \u017ealu\u010fmi - FILI - 500 gr"},"content":{"rendered":"<h3>Brav\u010dov\u00e1 panenka zo 100% ibersk\u00e9ho brav\u010dov\u00e9ho m\u00e4sa k\u0155men\u00e9ho \u017ealu\u010fmi - FILI - 800 gr<\/h3>\n<p><strong>Brav\u010dov\u00e1 panenka zo 100 % ibersk\u00fdch<\/strong> o\u0161\u00edpan\u00fdch <strong>k\u0155men\u00fdch \u017ealu\u010fmi - FILI<\/strong> s hmotnos\u0165ou 800 gramov je gurm\u00e1nska poch\u00fa\u0165ka vyroben\u00e1 z \u010distokrvn\u00fdch ibersk\u00fdch o\u0161\u00edpan\u00fdch chovan\u00fdch vo vo\u013enej pr\u00edrode a k\u0155men\u00fdch \u017ealu\u010fmi. V\u00fdsledkom tohto remeseln\u00e9ho postupu a starostliv\u00e9ho su\u0161enia je jedine\u010dn\u00e1 chu\u0165 a \u0161\u0165avnat\u00e1 konzistencia. Ide\u00e1lne pre milovn\u00edkov ibersk\u00fdch v\u00fdrobkov a bohat\u00e9 na zdrav\u00e9 mastn\u00e9 kyseliny.  <\/p>\n<p>Ak sa chcete dozvedie\u0165 viac o v\u00fdhod\u00e1ch konzum\u00e1cie ibersk\u00fdch v\u00fdrobkov, nav\u0161t\u00edvte str\u00e1nku <a href=\"https:\/\/www.jamonlovers.es\" target=\"_new\" rel=\"noopener noreferrer nofollow\" target=\"_blank\">Jam\u00f3n Lovers<\/a>.<\/p>\n<p>Objavte \u010fal\u0161ie mo\u017enosti v na\u0161ich kateg\u00f3ri\u00e1ch <a href=\"https:\/\/latiendadesami.com\/categoria-producto\/queso-embutido\/\" target=\"_blank\" rel=\"noopener noreferrer nofollow\"><span style=\"color: #2ea3f2;\">Klob\u00e1sy<\/span><\/a><\/p>\n","protected":false},"excerpt":{"rendered":"<p>Brav\u010dov\u00e1 panenka zo 100% ibersk\u00e9ho brav\u010dov\u00e9ho m\u00e4sa k\u0155men\u00e9ho \u017ealu\u010fmi - FILI - 800 gr Brav\u010dov\u00e1 panenka zo 100 % ibersk\u00fdch o\u0161\u00edpan\u00fdch k\u0155men\u00fdch \u017ealu\u010fmi - FILI s hmotnos\u0165ou 800 gramov je gurm\u00e1nska poch\u00fa\u0165ka vyroben\u00e1 z \u010distokrvn\u00fdch ibersk\u00fdch o\u0161\u00edpan\u00fdch chovan\u00fdch vo vo\u013enej pr\u00edrode a k\u0155men\u00fdch \u017ealu\u010fmi. V\u00fdsledkom tohto remeseln\u00e9ho postupu a starostliv\u00e9ho su\u0161enia je jedine\u010dn\u00e1 chu\u0165 a [&hellip;]<\/p>\n","protected":false},"featured_media":18902,"template":"","meta":{"_et_pb_use_builder":"","_et_pb_old_content":"","_et_gb_content_width":""},"product_brand":[1388],"product_cat":[2265,2264],"product_tag":[],"class_list":{"0":"post-18898","1":"product","2":"type-product","3":"status-publish","4":"has-post-thumbnail","6":"product_brand-fili","7":"product_cat-klobasa","8":"product_cat-syr-a-klobasa","10":"first","11":"outofstock","12":"taxable","13":"shipping-taxable","14":"purchasable","15":"product-type-simple"},"_links":{"self":[{"href":"https:\/\/myspainfood.com\/sk\/wp-json\/wp\/v2\/product\/18898","targetHints":{"allow":["GET"]}}],"collection":[{"href":"https:\/\/myspainfood.com\/sk\/wp-json\/wp\/v2\/product"}],"about":[{"href":"https:\/\/myspainfood.com\/sk\/wp-json\/wp\/v2\/types\/product"}],"wp:featuredmedia":[{"embeddable":true,"href":"https:\/\/myspainfood.com\/sk\/wp-json\/wp\/v2\/media\/18902"}],"wp:attachment":[{"href":"https:\/\/myspainfood.com\/sk\/wp-json\/wp\/v2\/media?parent=18898"}],"wp:term":[{"taxonomy":"product_brand","embeddable":true,"href":"https:\/\/myspainfood.com\/sk\/wp-json\/wp\/v2\/product_brand?post=18898"},{"taxonomy":"product_cat","embeddable":true,"href":"https:\/\/myspainfood.com\/sk\/wp-json\/wp\/v2\/product_cat?post=18898"},{"taxonomy":"product_tag","embeddable":true,"href":"https:\/\/myspainfood.com\/sk\/wp-json\/wp\/v2\/product_tag?post=18898"}],"curies":[{"name":"wp","href":"https:\/\/api.w.org\/{rel}","templated":true}]}}