{"id":19023,"date":"2025-04-10T12:16:39","date_gmt":"2025-04-10T10:16:39","guid":{"rendered":"https:\/\/myspainfood.com\/producto\/cele-extra-pecene-papriky-piquillo-la-joya-del-valle-320gr\/"},"modified":"2026-01-30T14:21:48","modified_gmt":"2026-01-30T13:21:48","slug":"cele-extra-pecene-papriky-piquillo-la-joya-del-valle-320gr","status":"publish","type":"product","link":"https:\/\/myspainfood.com\/sk\/producto\/cele-extra-pecene-papriky-piquillo-la-joya-del-valle-320gr\/","title":{"rendered":"Cel\u00e9 extra pe\u010den\u00e9 papriky Piquillo La joya del valle 320gr"},"content":{"rendered":"<p>Zlo\u017eenie: <\/p>\n<p> Po otvoren\u00ed skladujte v chlade a spotrebujte najlep\u0161ie do 5 dn\u00ed<\/p>\n<p>M\u00e1me najvy\u0161\u0161iu kvalitu za najlep\u0161iu cenu.<\/p>\n<p>Nap\u00ed\u0161te n\u00e1m pre viac inform\u00e1ci\u00ed alebo ak m\u00e1te ak\u00e9ko\u013evek ot\u00e1zky t\u00fdkaj\u00face sa tohto alebo in\u00e9ho v\u00fdrobku z n\u00e1\u0161ho katal\u00f3gu.<\/p>\n","protected":false},"excerpt":{"rendered":"<p>Zlo\u017eenie: Po otvoren\u00ed skladujte v chlade a spotrebujte najlep\u0161ie do 5 dn\u00ed M\u00e1me najvy\u0161\u0161iu kvalitu za najlep\u0161iu cenu. Nap\u00ed\u0161te n\u00e1m pre viac inform\u00e1ci\u00ed alebo ak m\u00e1te ak\u00e9ko\u013evek ot\u00e1zky t\u00fdkaj\u00face sa tohto alebo in\u00e9ho v\u00fdrobku z n\u00e1\u0161ho katal\u00f3gu.<\/p>\n","protected":false},"featured_media":19030,"template":"","meta":{"_et_pb_use_builder":"","_et_pb_old_content":"","_et_gb_content_width":""},"product_brand":[1129],"product_cat":[2331,1979],"product_tag":[2332,2333],"class_list":{"0":"post-19023","1":"product","2":"type-product","3":"status-publish","4":"has-post-thumbnail","6":"product_brand-mateo","7":"product_cat-papriky","8":"product_cat-zachovava-sk","9":"product_tag-pecene","10":"product_tag-pepper-sk","12":"first","13":"outofstock","14":"featured","15":"taxable","16":"shipping-taxable","17":"product-type-variable"},"_links":{"self":[{"href":"https:\/\/myspainfood.com\/sk\/wp-json\/wp\/v2\/product\/19023","targetHints":{"allow":["GET"]}}],"collection":[{"href":"https:\/\/myspainfood.com\/sk\/wp-json\/wp\/v2\/product"}],"about":[{"href":"https:\/\/myspainfood.com\/sk\/wp-json\/wp\/v2\/types\/product"}],"wp:featuredmedia":[{"embeddable":true,"href":"https:\/\/myspainfood.com\/sk\/wp-json\/wp\/v2\/media\/19030"}],"wp:attachment":[{"href":"https:\/\/myspainfood.com\/sk\/wp-json\/wp\/v2\/media?parent=19023"}],"wp:term":[{"taxonomy":"product_brand","embeddable":true,"href":"https:\/\/myspainfood.com\/sk\/wp-json\/wp\/v2\/product_brand?post=19023"},{"taxonomy":"product_cat","embeddable":true,"href":"https:\/\/myspainfood.com\/sk\/wp-json\/wp\/v2\/product_cat?post=19023"},{"taxonomy":"product_tag","embeddable":true,"href":"https:\/\/myspainfood.com\/sk\/wp-json\/wp\/v2\/product_tag?post=19023"}],"curies":[{"name":"wp","href":"https:\/\/api.w.org\/{rel}","templated":true}]}}