{"id":19184,"date":"2025-04-10T12:16:41","date_gmt":"2025-04-10T10:16:41","guid":{"rendered":"https:\/\/myspainfood.com\/producto\/iberska-sunka-cebo-huelva-sn-finca-6-kg-priblizne\/"},"modified":"2026-01-30T14:26:49","modified_gmt":"2026-01-30T13:26:49","slug":"iberska-sunka-cebo-huelva-sn-finca-6-kg-priblizne","status":"publish","type":"product","link":"https:\/\/myspainfood.com\/sk\/producto\/iberska-sunka-cebo-huelva-sn-finca-6-kg-priblizne\/","title":{"rendered":"Ibersk\u00e1 \u0161unka Cebo Huelva - SN Finca - 6 kg (pribli\u017ene)"},"content":{"rendered":"<p>Ibersk\u00e1 \u0161unka Cebo Huelva - SN Finca - 6 kg je \u0161unka vynikaj\u00facej kvality, su\u0161en\u00e1 v pr\u00edrodn\u00fdch su\u0161iar\u0148ach v Huelve, tradi\u010dn\u00fdm procesom su\u0161enia, ktor\u00fd jej dod\u00e1va charakteristick\u00fa ar\u00f3mu, ako aj zn\u00e1mu chu\u0165. V\u010faka tejto starostlivosti je tento kus pote\u0161en\u00edm pre milovn\u00edkov iberskej \u0161unky.<\/p>\n<h3><strong>Charakteristika iberskej \u0161unky Cebo Huelva<\/strong><\/h3>\n<ol>\n<li><strong>Zaru\u010den\u00fd p\u00f4vod<\/strong>\n<p>T\u00e1to \u0161unka sa vyr\u00e1ba v Huelve, regi\u00f3ne, ktor\u00fd je celosvetovo zn\u00e1my svoj\u00edm ide\u00e1lnym podneb\u00edm na su\u0161enie \u0161unky. Sierra de Huelva poskytuje dokonal\u00fa rovnov\u00e1hu vlhkosti a teploty, \u010do vedie k optim\u00e1lnemu zreniu \u0161unky. <\/li>\n<li><strong>Certifikovan\u00e1 kvalita<\/strong>\n<p>Ka\u017ed\u00fd kus sp\u013a\u0148a pr\u00edsne kontroly kvality. SN Finca zaru\u010duje v\u00fdrobok s vysledovate\u013en\u00fdm p\u00f4vodom, \u010d\u00edm sa spotrebite\u013eovi dost\u00e1va to najlep\u0161ie z iberskej trad\u00edcie. <\/li>\n<li><strong>Dlhodob\u00e9 su\u0161enie<\/strong>\n<p>T\u00e1to \u0161unka, su\u0161en\u00e1 pribli\u017ene 24 mesiacov, z\u00edskava komplexn\u00fa chu\u0165 a jedine\u010dn\u00fa v\u00f4\u0148u, ktor\u00e1 si podman\u00ed zmysly u\u017e pri prvom rozkrojen\u00ed.<\/li>\n<li><strong>Ide\u00e1lna hmotnos\u0165<\/strong>\n<p>T\u00e1to \u0161unka s <strong>hmotnos\u0165ou 6 kg (pribli\u017ene)<\/strong> je ide\u00e1lna pre rodiny a \u0161peci\u00e1lne stretnutia a pon\u00faka vynikaj\u00faci pomer kvality a mno\u017estva.<\/li>\n<li><strong>V\u00fdnimo\u010dn\u00e1 prezent\u00e1cia<\/strong>\n<p>Na reze sa prejavuje charakteristick\u00e9 mramorovanie, ktor\u00e9 je nezamenite\u013en\u00fdm znakom kvality. Rovnov\u00e1ha medzi prestupuj\u00facim tukom a m\u00e4som zaru\u010duje jedine\u010dn\u00fd chu\u0165ov\u00fd z\u00e1\u017eitok z ka\u017ed\u00e9ho pl\u00e1tku. <\/li>\n<\/ol>\n<p>M\u00f4\u017eete si pozrie\u0165 na\u0161u ponuku klob\u00e1s, v <a href=\"https:\/\/latiendadesami.com\/categoria-producto\/queso-embutido\/\" target=\"_blank\" rel=\"noopener noreferrer nofollow\">ktorej<\/a> n\u00e1jdete gurm\u00e1nske v\u00fdrobky, ktor\u00e9 s\u00fa ide\u00e1lne na vychutnanie si s rodinou a priate\u013emi.<\/p>\n","protected":false},"excerpt":{"rendered":"<p>Ibersk\u00e1 \u0161unka Cebo Huelva - SN Finca - 6 kg je \u0161unka vynikaj\u00facej kvality, su\u0161en\u00e1 v pr\u00edrodn\u00fdch su\u0161iar\u0148ach v Huelve, tradi\u010dn\u00fdm procesom su\u0161enia, ktor\u00fd jej dod\u00e1va charakteristick\u00fa ar\u00f3mu, ako aj zn\u00e1mu chu\u0165. V\u010faka tejto starostlivosti je tento kus pote\u0161en\u00edm pre milovn\u00edkov iberskej \u0161unky. Charakteristika iberskej \u0161unky Cebo Huelva Zaru\u010den\u00fd p\u00f4vod T\u00e1to \u0161unka sa vyr\u00e1ba v [&hellip;]<\/p>\n","protected":false},"featured_media":19186,"template":"","meta":{"_et_pb_use_builder":"","_et_pb_old_content":"","_et_gb_content_width":""},"product_brand":[],"product_cat":[8046],"product_tag":[],"class_list":{"0":"post-19184","1":"product","2":"type-product","3":"status-publish","4":"has-post-thumbnail","6":"product_cat-kategoria-testovania","8":"first","9":"outofstock","10":"taxable","11":"shipping-taxable","12":"purchasable","13":"product-type-simple"},"_links":{"self":[{"href":"https:\/\/myspainfood.com\/sk\/wp-json\/wp\/v2\/product\/19184","targetHints":{"allow":["GET"]}}],"collection":[{"href":"https:\/\/myspainfood.com\/sk\/wp-json\/wp\/v2\/product"}],"about":[{"href":"https:\/\/myspainfood.com\/sk\/wp-json\/wp\/v2\/types\/product"}],"wp:featuredmedia":[{"embeddable":true,"href":"https:\/\/myspainfood.com\/sk\/wp-json\/wp\/v2\/media\/19186"}],"wp:attachment":[{"href":"https:\/\/myspainfood.com\/sk\/wp-json\/wp\/v2\/media?parent=19184"}],"wp:term":[{"taxonomy":"product_brand","embeddable":true,"href":"https:\/\/myspainfood.com\/sk\/wp-json\/wp\/v2\/product_brand?post=19184"},{"taxonomy":"product_cat","embeddable":true,"href":"https:\/\/myspainfood.com\/sk\/wp-json\/wp\/v2\/product_cat?post=19184"},{"taxonomy":"product_tag","embeddable":true,"href":"https:\/\/myspainfood.com\/sk\/wp-json\/wp\/v2\/product_tag?post=19184"}],"curies":[{"name":"wp","href":"https:\/\/api.w.org\/{rel}","templated":true}]}}