{"id":19236,"date":"2025-04-10T12:16:46","date_gmt":"2025-04-10T10:16:46","guid":{"rendered":"https:\/\/myspainfood.com\/producto\/cast-1a-sardely-a-sardely-picarpicar\/"},"modified":"2026-01-13T13:52:02","modified_gmt":"2026-01-13T12:52:02","slug":"cast-1a-sardely-a-sardely-picarpicar","status":"publish","type":"product","link":"https:\/\/myspainfood.com\/sk\/producto\/cast-1a-sardely-a-sardely-picarpicar\/","title":{"rendered":"\u010das\u0165 1a - sardely a sardely Picar&amp;Picar"},"content":{"rendered":"<p>\u010cAS\u0164 1A: Vynikaj\u00face rybie konzervy prvotriednej kvality, d\u00e1vka pozost\u00e1va z: (3 kusy), fil\u00e9 zo sardely kantabrijskej 120gr (1 kus), fil\u00e9 zo sardely v oleji 200gr (1 kus), fil\u00e9 zo sardely v octe 200gr (1 kus), fil\u00e9 zo sardely v cesnaku a petr\u017elenovej v\u0148ati 200gr (1 kus) a sardelov\u00e9 bi\u010d\u00edky 220gr (1 kus).<\/p>\n<p>OBSAH:<\/p>\n<ul>\n<li>Fil\u00e9 zo sardely:<\/li>\n<\/ul>\n<p>Tripack 120 gr: 3 ks<\/p>\n<ul>\n<li>Fil\u00e9 zo sardely z Biskajsk\u00e9ho z\u00e1livu:<\/li>\n<\/ul>\n<p>Z\u00e1sobn\u00edk 120 gr: 1 ks<\/p>\n<ul>\n<li>Fil\u00e9 zo sardely v oleji:<\/li>\n<\/ul>\n<p>Z\u00e1sobn\u00edk 200 gr: 1 ks<\/p>\n<ul>\n<li>Fil\u00e9 zo sardely v octe:<\/li>\n<\/ul>\n<p>Z\u00e1sobn\u00edk 200 gr: 1 ks<\/p>\n<ul>\n<li>Ochuten\u00e9 sardelov\u00e9 fil\u00e9 (cesnak a petr\u017elenov\u00e1 v\u0148a\u0165):<\/li>\n<\/ul>\n<p>Z\u00e1sobn\u00edk 200 gr: 1 ks<\/p>\n<ul>\n<li>Banderilla de boquer\u00f3n:<\/li>\n<\/ul>\n<p>Z\u00e1sobn\u00edk 220 gr: 1 ks<\/p>\n","protected":false},"excerpt":{"rendered":"<p>\u010cAS\u0164 1A: Vynikaj\u00face rybie konzervy prvotriednej kvality, d\u00e1vka pozost\u00e1va z: (3 kusy), fil\u00e9 zo sardely kantabrijskej 120gr (1 kus), fil\u00e9 zo sardely v oleji 200gr (1 kus), fil\u00e9 zo sardely v octe 200gr (1 kus), fil\u00e9 zo sardely v cesnaku a petr\u017elenovej v\u0148ati 200gr (1 kus) a sardelov\u00e9 bi\u010d\u00edky 220gr (1 kus). OBSAH: Fil\u00e9 zo [&hellip;]<\/p>\n","protected":false},"featured_media":19237,"template":"","meta":{"_et_pb_use_builder":"","_et_pb_old_content":"","_et_gb_content_width":""},"product_brand":[1127],"product_cat":[1905,1820],"product_tag":[],"class_list":{"0":"post-19236","1":"product","2":"type-product","3":"status-publish","4":"has-post-thumbnail","6":"product_brand-picarpicar","7":"product_cat-ancovicky-sk","8":"product_cat-studena","9":"product_shipping_class-zasielka-za-studena","11":"first","12":"outofstock","13":"taxable","14":"shipping-taxable","15":"purchasable","16":"product-type-simple"},"_links":{"self":[{"href":"https:\/\/myspainfood.com\/sk\/wp-json\/wp\/v2\/product\/19236","targetHints":{"allow":["GET"]}}],"collection":[{"href":"https:\/\/myspainfood.com\/sk\/wp-json\/wp\/v2\/product"}],"about":[{"href":"https:\/\/myspainfood.com\/sk\/wp-json\/wp\/v2\/types\/product"}],"wp:featuredmedia":[{"embeddable":true,"href":"https:\/\/myspainfood.com\/sk\/wp-json\/wp\/v2\/media\/19237"}],"wp:attachment":[{"href":"https:\/\/myspainfood.com\/sk\/wp-json\/wp\/v2\/media?parent=19236"}],"wp:term":[{"taxonomy":"product_brand","embeddable":true,"href":"https:\/\/myspainfood.com\/sk\/wp-json\/wp\/v2\/product_brand?post=19236"},{"taxonomy":"product_cat","embeddable":true,"href":"https:\/\/myspainfood.com\/sk\/wp-json\/wp\/v2\/product_cat?post=19236"},{"taxonomy":"product_tag","embeddable":true,"href":"https:\/\/myspainfood.com\/sk\/wp-json\/wp\/v2\/product_tag?post=19236"}],"curies":[{"name":"wp","href":"https:\/\/api.w.org\/{rel}","templated":true}]}}