{"id":19268,"date":"2025-04-10T12:16:47","date_gmt":"2025-04-10T10:16:47","guid":{"rendered":"https:\/\/myspainfood.com\/producto\/cast-1c-sardely-sardely-a-slede-picarpicar\/"},"modified":"2026-01-13T13:55:32","modified_gmt":"2026-01-13T12:55:32","slug":"cast-1c-sardely-sardely-a-slede-picarpicar","status":"publish","type":"product","link":"https:\/\/myspainfood.com\/sk\/producto\/cast-1c-sardely-sardely-a-slede-picarpicar\/","title":{"rendered":"\u010das\u0165 1c - sardely, sardely a slede Picar&amp;Picar"},"content":{"rendered":"<p>\u010cAS\u0164 1C: Ryba v konzerve najvy\u0161\u0161ej kvality, \u010das\u0165 pozost\u00e1vaj\u00faca z: Fil\u00e9 zo sardely 45g (3 kusy), fil\u00e9 zo sardely kantabrijskej 120g (1 kus), fil\u00e9 zo sardely v oleji 200g (1 kus), fil\u00e9 zo sle\u010fa 220g (1 kus) a fil\u00e9 zo sle\u010fa s olivami 220g (1 kus).<\/p>\n<p>OBSAH:<\/p>\n<ul>\n<li>Fil\u00e9 zo sardely:<\/li>\n<\/ul>\n<p>Tripack 120 gr: 3 ks<\/p>\n<ul>\n<li>Fil\u00e9 zo sardely z Biskajsk\u00e9ho z\u00e1livu:<\/li>\n<\/ul>\n<p>Z\u00e1sobn\u00edk 120 gr: 1 ks<\/p>\n<ul>\n<li>Fil\u00e9 zo sardely v oleji:<\/li>\n<\/ul>\n<p>Z\u00e1sobn\u00edk 200 gr: 1 ks<\/p>\n<ul>\n<li>Fil\u00e9 zo sardely v octe:<\/li>\n<\/ul>\n<p>Z\u00e1sobn\u00edk 200 gr: 2 ks<\/p>\n<ul>\n<li>Filety zo sle\u010fa:<\/li>\n<\/ul>\n<p>Z\u00e1sobn\u00edk 220 gr: 1 ks<\/p>\n<ul>\n<li>Filety zo sle\u010fa s olivami:<\/li>\n<\/ul>\n<p>Z\u00e1sobn\u00edk 220 gr: 1 ks<\/p>\n","protected":false},"excerpt":{"rendered":"<p>\u010cAS\u0164 1C: Ryba v konzerve najvy\u0161\u0161ej kvality, \u010das\u0165 pozost\u00e1vaj\u00faca z: Fil\u00e9 zo sardely 45g (3 kusy), fil\u00e9 zo sardely kantabrijskej 120g (1 kus), fil\u00e9 zo sardely v oleji 200g (1 kus), fil\u00e9 zo sle\u010fa 220g (1 kus) a fil\u00e9 zo sle\u010fa s olivami 220g (1 kus). OBSAH: Fil\u00e9 zo sardely: Tripack 120 gr: 3 ks [&hellip;]<\/p>\n","protected":false},"featured_media":19270,"template":"","meta":{"_et_pb_use_builder":"","_et_pb_old_content":"","_et_gb_content_width":""},"product_brand":[1127],"product_cat":[1905,1820],"product_tag":[],"class_list":{"0":"post-19268","1":"product","2":"type-product","3":"status-publish","4":"has-post-thumbnail","6":"product_brand-picarpicar","7":"product_cat-ancovicky-sk","8":"product_cat-studena","9":"product_shipping_class-zasielka-za-studena","11":"first","12":"outofstock","13":"taxable","14":"shipping-taxable","15":"purchasable","16":"product-type-simple"},"_links":{"self":[{"href":"https:\/\/myspainfood.com\/sk\/wp-json\/wp\/v2\/product\/19268","targetHints":{"allow":["GET"]}}],"collection":[{"href":"https:\/\/myspainfood.com\/sk\/wp-json\/wp\/v2\/product"}],"about":[{"href":"https:\/\/myspainfood.com\/sk\/wp-json\/wp\/v2\/types\/product"}],"wp:featuredmedia":[{"embeddable":true,"href":"https:\/\/myspainfood.com\/sk\/wp-json\/wp\/v2\/media\/19270"}],"wp:attachment":[{"href":"https:\/\/myspainfood.com\/sk\/wp-json\/wp\/v2\/media?parent=19268"}],"wp:term":[{"taxonomy":"product_brand","embeddable":true,"href":"https:\/\/myspainfood.com\/sk\/wp-json\/wp\/v2\/product_brand?post=19268"},{"taxonomy":"product_cat","embeddable":true,"href":"https:\/\/myspainfood.com\/sk\/wp-json\/wp\/v2\/product_cat?post=19268"},{"taxonomy":"product_tag","embeddable":true,"href":"https:\/\/myspainfood.com\/sk\/wp-json\/wp\/v2\/product_tag?post=19268"}],"curies":[{"name":"wp","href":"https:\/\/api.w.org\/{rel}","templated":true}]}}