{"id":19342,"date":"2025-04-10T12:16:50","date_gmt":"2025-04-10T10:16:50","guid":{"rendered":"https:\/\/myspainfood.com\/producto\/cast-3b-chop-chop\/"},"modified":"2026-01-13T13:47:10","modified_gmt":"2026-01-13T12:47:10","slug":"cast-3b-chop-chop","status":"publish","type":"product","link":"https:\/\/myspainfood.com\/sk\/producto\/cast-3b-chop-chop\/","title":{"rendered":"\u010cas\u0165 3B Chop &amp; Chop"},"content":{"rendered":"<p>OBSAH:<\/p>\n<ul>\n<li>Fil\u00e9 zo sardely z Biskajsk\u00e9ho z\u00e1livu:<\/li>\n<\/ul>\n<p>300 g vani\u010dka: 1 ks<\/p>\n<ul>\n<li>Fil\u00e9 zo sardely v oleji:<\/li>\n<\/ul>\n<p>Z\u00e1sobn\u00edk 200 gr: 1 ks<\/p>\n<ul>\n<li>Fil\u00e9 zo sardely v octe:<\/li>\n<\/ul>\n<p>Z\u00e1sobn\u00edk 200 gr: 1 ks<\/p>\n<ul>\n<li>Ochuten\u00e9 sardelov\u00e9 fil\u00e9 (cesnak a petr\u017elenov\u00e1 v\u0148a\u0165):<\/li>\n<\/ul>\n<p>Z\u00e1sobn\u00edk 200 gr: 1 ks<\/p>\n","protected":false},"excerpt":{"rendered":"<p>OBSAH: Fil\u00e9 zo sardely z Biskajsk\u00e9ho z\u00e1livu: 300 g vani\u010dka: 1 ks Fil\u00e9 zo sardely v oleji: Z\u00e1sobn\u00edk 200 gr: 1 ks Fil\u00e9 zo sardely v octe: Z\u00e1sobn\u00edk 200 gr: 1 ks Ochuten\u00e9 sardelov\u00e9 fil\u00e9 (cesnak a petr\u017elenov\u00e1 v\u0148a\u0165): Z\u00e1sobn\u00edk 200 gr: 1 ks<\/p>\n","protected":false},"featured_media":19344,"template":"","meta":{"_et_pb_use_builder":"","_et_pb_old_content":"","_et_gb_content_width":""},"product_brand":[1127],"product_cat":[1905,1820],"product_tag":[],"class_list":{"0":"post-19342","1":"product","2":"type-product","3":"status-publish","4":"has-post-thumbnail","6":"product_brand-picarpicar","7":"product_cat-ancovicky-sk","8":"product_cat-studena","9":"product_shipping_class-zasielka-za-studena","11":"first","12":"outofstock","13":"taxable","14":"shipping-taxable","15":"purchasable","16":"product-type-simple"},"_links":{"self":[{"href":"https:\/\/myspainfood.com\/sk\/wp-json\/wp\/v2\/product\/19342","targetHints":{"allow":["GET"]}}],"collection":[{"href":"https:\/\/myspainfood.com\/sk\/wp-json\/wp\/v2\/product"}],"about":[{"href":"https:\/\/myspainfood.com\/sk\/wp-json\/wp\/v2\/types\/product"}],"wp:featuredmedia":[{"embeddable":true,"href":"https:\/\/myspainfood.com\/sk\/wp-json\/wp\/v2\/media\/19344"}],"wp:attachment":[{"href":"https:\/\/myspainfood.com\/sk\/wp-json\/wp\/v2\/media?parent=19342"}],"wp:term":[{"taxonomy":"product_brand","embeddable":true,"href":"https:\/\/myspainfood.com\/sk\/wp-json\/wp\/v2\/product_brand?post=19342"},{"taxonomy":"product_cat","embeddable":true,"href":"https:\/\/myspainfood.com\/sk\/wp-json\/wp\/v2\/product_cat?post=19342"},{"taxonomy":"product_tag","embeddable":true,"href":"https:\/\/myspainfood.com\/sk\/wp-json\/wp\/v2\/product_tag?post=19342"}],"curies":[{"name":"wp","href":"https:\/\/api.w.org\/{rel}","templated":true}]}}