{"id":19474,"date":"2025-04-10T12:16:34","date_gmt":"2025-04-10T10:16:34","guid":{"rendered":"https:\/\/myspainfood.com\/producto\/chrbat-z-bravcovej-panenky-krmenej-zaludmi-50-fili-500-gr\/"},"modified":"2026-01-29T13:19:21","modified_gmt":"2026-01-29T12:19:21","slug":"chrbat-z-bravcovej-panenky-krmenej-zaludmi-50-fili-500-gr","status":"publish","type":"product","link":"https:\/\/myspainfood.com\/sk\/producto\/chrbat-z-bravcovej-panenky-krmenej-zaludmi-50-fili-500-gr\/","title":{"rendered":"Chrb\u00e1t z brav\u010dovej panenky k\u0155menej \u017ealu\u010fmi 50% - Fili - 500 gr"},"content":{"rendered":"<p>800 gramov <strong>brav\u010dovej panenky z Pyrenejsk\u00e9ho polostrova k\u0155menej \u017ealu\u010fmi 50 % - FILI<\/strong> je gurm\u00e1nska poch\u00fa\u0165ka vyroben\u00e1 z \u010distokrvn\u00fdch ibersk\u00fdch o\u0161\u00edpan\u00fdch chovan\u00fdch vo vo\u013enej pr\u00edrode a k\u0155men\u00fdch \u017ealu\u010fmi. V\u00fdsledkom tohto remeseln\u00e9ho postupu a starostliv\u00e9ho su\u0161enia je jedine\u010dn\u00e1 chu\u0165 a \u0161\u0165avnat\u00e1 konzistencia. Ide\u00e1lne pre milovn\u00edkov ibersk\u00fdch v\u00fdrobkov a bohat\u00e9 na zdrav\u00e9 mastn\u00e9 kyseliny.  <\/p>\n<p>Ak sa chcete dozvedie\u0165 viac o v\u00fdhod\u00e1ch konzum\u00e1cie ibersk\u00fdch v\u00fdrobkov, nav\u0161t\u00edvte str\u00e1nku <a href=\"https:\/\/www.jamonlovers.es\" target=\"_new\" rel=\"noopener noreferrer nofollow\" target=\"_blank\">Jam\u00f3n Lovers<\/a>.<\/p>\n<p>Objavte \u010fal\u0161ie mo\u017enosti v na\u0161ich kateg\u00f3ri\u00e1ch <a href=\"https:\/\/latiendadesami.com\/categoria-producto\/queso-embutido\/\" target=\"_blank\" rel=\"noopener noreferrer nofollow\"><span style=\"color: #2ea3f2;\">Klob\u00e1sy<\/span><\/a><\/p>\n","protected":false},"excerpt":{"rendered":"<p>800 gramov brav\u010dovej panenky z Pyrenejsk\u00e9ho polostrova k\u0155menej \u017ealu\u010fmi 50 % - FILI je gurm\u00e1nska poch\u00fa\u0165ka vyroben\u00e1 z \u010distokrvn\u00fdch ibersk\u00fdch o\u0161\u00edpan\u00fdch chovan\u00fdch vo vo\u013enej pr\u00edrode a k\u0155men\u00fdch \u017ealu\u010fmi. V\u00fdsledkom tohto remeseln\u00e9ho postupu a starostliv\u00e9ho su\u0161enia je jedine\u010dn\u00e1 chu\u0165 a \u0161\u0165avnat\u00e1 konzistencia. Ide\u00e1lne pre milovn\u00edkov ibersk\u00fdch v\u00fdrobkov a bohat\u00e9 na zdrav\u00e9 mastn\u00e9 kyseliny. Ak sa chcete [&hellip;]<\/p>\n","protected":false},"featured_media":19476,"template":"","meta":{"_et_pb_use_builder":"","_et_pb_old_content":"","_et_gb_content_width":""},"product_brand":[],"product_cat":[2265,2264],"product_tag":[],"class_list":{"0":"post-19474","1":"product","2":"type-product","3":"status-publish","4":"has-post-thumbnail","6":"product_cat-klobasa","7":"product_cat-syr-a-klobasa","9":"first","10":"outofstock","11":"taxable","12":"shipping-taxable","13":"purchasable","14":"product-type-simple"},"_links":{"self":[{"href":"https:\/\/myspainfood.com\/sk\/wp-json\/wp\/v2\/product\/19474","targetHints":{"allow":["GET"]}}],"collection":[{"href":"https:\/\/myspainfood.com\/sk\/wp-json\/wp\/v2\/product"}],"about":[{"href":"https:\/\/myspainfood.com\/sk\/wp-json\/wp\/v2\/types\/product"}],"wp:featuredmedia":[{"embeddable":true,"href":"https:\/\/myspainfood.com\/sk\/wp-json\/wp\/v2\/media\/19476"}],"wp:attachment":[{"href":"https:\/\/myspainfood.com\/sk\/wp-json\/wp\/v2\/media?parent=19474"}],"wp:term":[{"taxonomy":"product_brand","embeddable":true,"href":"https:\/\/myspainfood.com\/sk\/wp-json\/wp\/v2\/product_brand?post=19474"},{"taxonomy":"product_cat","embeddable":true,"href":"https:\/\/myspainfood.com\/sk\/wp-json\/wp\/v2\/product_cat?post=19474"},{"taxonomy":"product_tag","embeddable":true,"href":"https:\/\/myspainfood.com\/sk\/wp-json\/wp\/v2\/product_tag?post=19474"}],"curies":[{"name":"wp","href":"https:\/\/api.w.org\/{rel}","templated":true}]}}