{"id":19682,"date":"2025-04-10T12:14:40","date_gmt":"2025-04-10T10:14:40","guid":{"rendered":"https:\/\/myspainfood.com\/producto\/filety-z-makrely-juznej-ubago-s-olivovym-olejom-105-gr\/"},"modified":"2026-01-30T14:23:21","modified_gmt":"2026-01-30T13:23:21","slug":"filety-z-makrely-juznej-ubago-s-olivovym-olejom-105-gr","status":"publish","type":"product","link":"https:\/\/myspainfood.com\/sk\/producto\/filety-z-makrely-juznej-ubago-s-olivovym-olejom-105-gr\/","title":{"rendered":"Filety z makrely ju\u017enej - Ubago - S olivov\u00fdm olejom- 105 gr"},"content":{"rendered":"<h3><strong>Fil\u00e9 z makrely ju\u017enej Ubago s olivov\u00fdm olejom - tradi\u010dn\u00e1 kvalita a chu\u0165<\/strong><\/h3>\n<p>Objavte <strong>fil\u00e9 z ju\u017enej makrely v olivovom oleji z <a href=\"https:\/\/ubagogroup.com\/\" target=\"_blank\" rel=\"noopener noreferrer nofollow\">Ubaga<\/a><\/strong>, poch\u00fa\u0165ku bohat\u00fa na <a href=\"https:\/\/nutribiotica.es\/digestivo-y-nutricion\/omega-3-para-que-sirve\/\" target=\"_blank\" rel=\"noopener noreferrer nofollow\"><strong>omega-3<\/strong><\/a> a bielkov\u00edn. T\u00e1to gurm\u00e1nska konzerva pon\u00faka makrely uloven\u00e9 pri pobre\u017e\u00ed Atlantick\u00e9ho oce\u00e1nu a zabalen\u00e9 do <strong>extra panensk\u00e9ho olivov\u00e9ho oleja<\/strong>, ktor\u00fd zv\u00fdraz\u0148uje ich chu\u0165 a \u010derstvos\u0165.<\/p>\n<p>Ide\u00e1lne na pr\u00edpravu zdrav\u00fdch receptov alebo na pr\u00edpravu \u0161al\u00e1tov a ob\u010derstvenia. Viac inform\u00e1ci\u00ed o v\u00fdhod\u00e1ch <strong>extra panensk\u00e9ho olivov\u00e9ho oleja<\/strong> n\u00e1jdete na <a href=\"https:\/\/latiendadesami.com\/category\/recetas\/\" rel=\"noopener noreferrer nofollow\" target=\"_blank\">na\u0161om blogu o gurm\u00e1nskych produktoch<\/a>. <\/p>\n<p><strong>Objednajte si ho e\u0161te dnes a vychutnajte si autentick\u00fa chu\u0165 ju\u017en\u00fdch pobre\u017e\u00ed.<\/strong> Ak sa v\u00e1m tento v\u00fdrobok p\u00e1\u010di, nenechajte si ujs\u0165 na\u0161u ponuku <strong><a href=\"https:\/\/latiendadesami.com\/categoria-producto\/conservas\/\" rel=\"noopener noreferrer nofollow\" target=\"_blank\">gurm\u00e1nske konzervy<\/a><\/strong> alebo objavte \u010fal\u0161ie lahodn\u00e9 <strong><a href=\"https:\/\/latiendadesami.com\/categoria-producto\/queso-embutido\/\" rel=\"noopener noreferrer nofollow\" target=\"_blank\">typick\u00e9 \u0161panielske v\u00fdrobky<\/a><\/strong> ako s\u00fa oleje, v\u00edna, klob\u00e1sy a mnoho \u010fal\u0161ieho.<\/p>\n<p>Presk\u00famajte n\u00e1\u0161 obchod a prineste si na svoj st\u00f4l to najlep\u0161ie zo \u0161panielskej gastron\u00f3mie!<\/p>\n","protected":false},"excerpt":{"rendered":"<p>Fil\u00e9 z makrely ju\u017enej Ubago s olivov\u00fdm olejom - tradi\u010dn\u00e1 kvalita a chu\u0165<\/p>\n","protected":false},"featured_media":19690,"template":"","meta":{"_et_pb_use_builder":"","_et_pb_old_content":"","_et_gb_content_width":""},"product_brand":[],"product_cat":[8046,1979],"product_tag":[],"class_list":{"0":"post-19682","1":"product","2":"type-product","3":"status-publish","4":"has-post-thumbnail","6":"product_cat-kategoria-testovania","7":"product_cat-zachovava-sk","9":"first","10":"instock","11":"taxable","12":"shipping-taxable","13":"purchasable","14":"product-type-variable"},"_links":{"self":[{"href":"https:\/\/myspainfood.com\/sk\/wp-json\/wp\/v2\/product\/19682","targetHints":{"allow":["GET"]}}],"collection":[{"href":"https:\/\/myspainfood.com\/sk\/wp-json\/wp\/v2\/product"}],"about":[{"href":"https:\/\/myspainfood.com\/sk\/wp-json\/wp\/v2\/types\/product"}],"wp:featuredmedia":[{"embeddable":true,"href":"https:\/\/myspainfood.com\/sk\/wp-json\/wp\/v2\/media\/19690"}],"wp:attachment":[{"href":"https:\/\/myspainfood.com\/sk\/wp-json\/wp\/v2\/media?parent=19682"}],"wp:term":[{"taxonomy":"product_brand","embeddable":true,"href":"https:\/\/myspainfood.com\/sk\/wp-json\/wp\/v2\/product_brand?post=19682"},{"taxonomy":"product_cat","embeddable":true,"href":"https:\/\/myspainfood.com\/sk\/wp-json\/wp\/v2\/product_cat?post=19682"},{"taxonomy":"product_tag","embeddable":true,"href":"https:\/\/myspainfood.com\/sk\/wp-json\/wp\/v2\/product_tag?post=19682"}],"curies":[{"name":"wp","href":"https:\/\/api.w.org\/{rel}","templated":true}]}}