{"id":19895,"date":"2025-04-10T12:16:17","date_gmt":"2025-04-10T10:16:17","guid":{"rendered":"https:\/\/myspainfood.com\/producto\/polosyr-san-isidro-3-kg-priblizne\/"},"modified":"2026-01-30T14:34:28","modified_gmt":"2026-01-30T13:34:28","slug":"polosyr-san-isidro-3-kg-priblizne","status":"publish","type":"product","link":"https:\/\/myspainfood.com\/sk\/producto\/polosyr-san-isidro-3-kg-priblizne\/","title":{"rendered":"Polotvrd\u00fd syr San Isidro - 3 kg (pribli\u017ene)"},"content":{"rendered":"<h3><strong>Polotvrd\u00fd syr San Isidro - 3 kg<\/strong><\/h3>\n<p><strong>Polotvrd\u00fd syr San Isidro<\/strong> 3,4 kg je ide\u00e1lnou vo\u013ebou pre milovn\u00edkov tradi\u010dn\u00fdch syrov. V\u010faka vyv\u00e1\u017een\u00e9mu zreniu, kr\u00e9movej \u0161trukt\u00fare a jemnej chuti s intenz\u00edvnymi t\u00f3nmi je ide\u00e1lny na ka\u017ed\u00fa pr\u00edle\u017eitos\u0165. <\/p>\n<h4><strong>Hlavn\u00e9 vlastnosti:<\/strong><\/h4>\n<ul>\n<li><strong>Ide\u00e1lna<\/strong> hmotnos\u0165: 3,4 kg, ur\u010den\u00e1 na zdie\u013eanie alebo vychutn\u00e1vanie na ve\u013ek\u00fdch podujatiach.<\/li>\n<li><strong>Remeseln\u00e1 v\u00fdroba<\/strong>: re\u0161pektovanie miestnych trad\u00edci\u00ed v\u00fdroby syra.<\/li>\n<li><strong>Jedine\u010dn\u00e1 chu\u0165<\/strong>: jemn\u00e9 mlie\u010dne t\u00f3ny s bodom zrelosti, ktor\u00fd ju odli\u0161uje.<\/li>\n<\/ul>\n<p>Pod\u00e1vajte ich s <a href=\"https:\/\/latiendadesami.com\/categoria-producto\/queso-embutido\/\" rel=\"noopener noreferrer nofollow\" target=\"_blank\">na\u0161imi ibersk\u00fdmi \u00fadeninami<\/a> a vytvorte tak dokonal\u00fa syrov\u00fa tabu\u013eu.<\/p>\n","protected":false},"excerpt":{"rendered":"<p>Polotvrd\u00fd syr San Isidro - 3 kg Polotvrd\u00fd syr San Isidro 3,4 kg je ide\u00e1lnou vo\u013ebou pre milovn\u00edkov tradi\u010dn\u00fdch syrov. V\u010faka vyv\u00e1\u017een\u00e9mu zreniu, kr\u00e9movej \u0161trukt\u00fare a jemnej chuti s intenz\u00edvnymi t\u00f3nmi je ide\u00e1lny na ka\u017ed\u00fa pr\u00edle\u017eitos\u0165. Hlavn\u00e9 vlastnosti: Ide\u00e1lna hmotnos\u0165: 3,4 kg, ur\u010den\u00e1 na zdie\u013eanie alebo vychutn\u00e1vanie na ve\u013ek\u00fdch podujatiach. Remeseln\u00e1 v\u00fdroba: re\u0161pektovanie miestnych trad\u00edci\u00ed [&hellip;]<\/p>\n","protected":false},"featured_media":19903,"template":"","meta":{"_et_pb_use_builder":"","_et_pb_old_content":"","_et_gb_content_width":""},"product_brand":[],"product_cat":[5726,2264],"product_tag":[],"class_list":{"0":"post-19895","1":"product","2":"type-product","3":"status-publish","4":"has-post-thumbnail","6":"product_cat-liecba-sk","7":"product_cat-syr-a-klobasa","9":"first","10":"instock","11":"taxable","12":"shipping-taxable","13":"purchasable","14":"product-type-variable"},"_links":{"self":[{"href":"https:\/\/myspainfood.com\/sk\/wp-json\/wp\/v2\/product\/19895","targetHints":{"allow":["GET"]}}],"collection":[{"href":"https:\/\/myspainfood.com\/sk\/wp-json\/wp\/v2\/product"}],"about":[{"href":"https:\/\/myspainfood.com\/sk\/wp-json\/wp\/v2\/types\/product"}],"wp:featuredmedia":[{"embeddable":true,"href":"https:\/\/myspainfood.com\/sk\/wp-json\/wp\/v2\/media\/19903"}],"wp:attachment":[{"href":"https:\/\/myspainfood.com\/sk\/wp-json\/wp\/v2\/media?parent=19895"}],"wp:term":[{"taxonomy":"product_brand","embeddable":true,"href":"https:\/\/myspainfood.com\/sk\/wp-json\/wp\/v2\/product_brand?post=19895"},{"taxonomy":"product_cat","embeddable":true,"href":"https:\/\/myspainfood.com\/sk\/wp-json\/wp\/v2\/product_cat?post=19895"},{"taxonomy":"product_tag","embeddable":true,"href":"https:\/\/myspainfood.com\/sk\/wp-json\/wp\/v2\/product_tag?post=19895"}],"curies":[{"name":"wp","href":"https:\/\/api.w.org\/{rel}","templated":true}]}}