{"id":19952,"date":"2025-04-10T12:16:17","date_gmt":"2025-04-10T10:16:17","guid":{"rendered":"https:\/\/myspainfood.com\/producto\/syrovy-ovci-syr-flor-esgueva-1-kg\/"},"modified":"2026-01-30T14:35:22","modified_gmt":"2026-01-30T13:35:22","slug":"syrovy-ovci-syr-flor-esgueva-1-kg","status":"publish","type":"product","link":"https:\/\/myspainfood.com\/sk\/producto\/syrovy-ovci-syr-flor-esgueva-1-kg\/","title":{"rendered":"Syrov\u00fd ov\u010d\u00ed syr - Flor Esgueva - 1 kg"},"content":{"rendered":"<h3><strong>Syrov\u00fd ov\u010d\u00ed syr - Flor Esgueva - 1 kg<\/strong><\/h3>\n<p><strong>Syrov\u00fd ov\u010d\u00ed syr Flor Esgueva<\/strong> je etal\u00f3nom \u0161panielskych remeseln\u00fdch syrov. Vyr\u00e1ba sa zo surov\u00e9ho ov\u010dieho mlieka a vynik\u00e1 pevnou konzistenciou, intenz\u00edvnou v\u00f4\u0148ou a chu\u0165ou, v ktorej sa sp\u00e1jaj\u00fa mlie\u010dne t\u00f3ny s dokonal\u00fdm n\u00e1dychom zrelosti. <\/p>\n<h4><strong>Pre\u010do si vybra\u0165 Flor Esgueva<\/strong><\/h4>\n<ul>\n<li><strong>Surov\u00e9 ov\u010die mlieko<\/strong>: autentick\u00e1 chu\u0165 a neporu\u0161en\u00e9 pr\u00edrodn\u00e9 vlastnosti.<\/li>\n<li><strong>Tradi\u010dn\u00e9 zrenie<\/strong>: Zlep\u0161en\u00e9 zrenie v pivniciach pre jedine\u010dn\u00fd chu\u0165ov\u00fd profil.<\/li>\n<li><strong>Ide\u00e1lna ve\u013ekos\u0165<\/strong>: Ide\u00e1lne na zdie\u013eanie alebo na pr\u00edpravu r\u00f4znych receptov.<\/li>\n<\/ul>\n","protected":false},"excerpt":{"rendered":"<p>Syrov\u00fd ov\u010d\u00ed syr - Flor Esgueva - 1 kg Syrov\u00fd ov\u010d\u00ed syr Flor Esgueva je etal\u00f3nom \u0161panielskych remeseln\u00fdch syrov. Vyr\u00e1ba sa zo surov\u00e9ho ov\u010dieho mlieka a vynik\u00e1 pevnou konzistenciou, intenz\u00edvnou v\u00f4\u0148ou a chu\u0165ou, v ktorej sa sp\u00e1jaj\u00fa mlie\u010dne t\u00f3ny s dokonal\u00fdm n\u00e1dychom zrelosti. Pre\u010do si vybra\u0165 Flor Esgueva Surov\u00e9 ov\u010die mlieko: autentick\u00e1 chu\u0165 a neporu\u0161en\u00e9 [&hellip;]<\/p>\n","protected":false},"featured_media":19957,"template":"","meta":{"_et_pb_use_builder":"","_et_pb_old_content":"","_et_gb_content_width":""},"product_brand":[],"product_cat":[2264],"product_tag":[],"class_list":{"0":"post-19952","1":"product","2":"type-product","3":"status-publish","4":"has-post-thumbnail","6":"product_cat-syr-a-klobasa","8":"first","9":"outofstock","10":"taxable","11":"shipping-taxable","12":"product-type-variable"},"_links":{"self":[{"href":"https:\/\/myspainfood.com\/sk\/wp-json\/wp\/v2\/product\/19952","targetHints":{"allow":["GET"]}}],"collection":[{"href":"https:\/\/myspainfood.com\/sk\/wp-json\/wp\/v2\/product"}],"about":[{"href":"https:\/\/myspainfood.com\/sk\/wp-json\/wp\/v2\/types\/product"}],"wp:featuredmedia":[{"embeddable":true,"href":"https:\/\/myspainfood.com\/sk\/wp-json\/wp\/v2\/media\/19957"}],"wp:attachment":[{"href":"https:\/\/myspainfood.com\/sk\/wp-json\/wp\/v2\/media?parent=19952"}],"wp:term":[{"taxonomy":"product_brand","embeddable":true,"href":"https:\/\/myspainfood.com\/sk\/wp-json\/wp\/v2\/product_brand?post=19952"},{"taxonomy":"product_cat","embeddable":true,"href":"https:\/\/myspainfood.com\/sk\/wp-json\/wp\/v2\/product_cat?post=19952"},{"taxonomy":"product_tag","embeddable":true,"href":"https:\/\/myspainfood.com\/sk\/wp-json\/wp\/v2\/product_tag?post=19952"}],"curies":[{"name":"wp","href":"https:\/\/api.w.org\/{rel}","templated":true}]}}