{"id":20046,"date":"2025-04-10T12:16:18","date_gmt":"2025-04-10T10:16:18","guid":{"rendered":"https:\/\/myspainfood.com\/producto\/sardinky-v-slnecnicovom-oleji-rias-baixas-855-g\/"},"modified":"2026-01-30T14:36:34","modified_gmt":"2026-01-30T13:36:34","slug":"sardinky-v-slnecnicovom-oleji-rias-baixas-855-g","status":"publish","type":"product","link":"https:\/\/myspainfood.com\/sk\/producto\/sardinky-v-slnecnicovom-oleji-rias-baixas-855-g\/","title":{"rendered":"Sardinky v slne\u010dnicovom oleji - Rias Baixas - 855 g"},"content":{"rendered":"<h3><strong>Sardinky v slne\u010dnicovom oleji - R\u00edas Baixas - 855 g<\/strong><\/h3>\n<p><strong>Sardinky v slne\u010dnicovom oleji z regi\u00f3nu R\u00edas Baixas<\/strong> s\u00fa starostlivo vyberan\u00e9 a balen\u00e9 tak, aby si zachovali svoju \u010derstvos\u0165 a prirodzen\u00fa chu\u0165 a vy ste si tak mohli vychutna\u0165 cel\u00fa ich chu\u0165. S\u00fa ide\u00e1lne do \u0161al\u00e1tov, predjed\u00e1l alebo tradi\u010dn\u00fdch receptov a vynikaj\u00fa jemnou \u0161trukt\u00farou a vynikaj\u00facou chu\u0165ou v \u00fastach. <\/p>\n<p>Nev\u00e1hajte a doprajte si tie najlep\u0161ie sardinky. Objavte n\u00e1\u0161 v\u00fdber <a href=\"https:\/\/latiendadesami.com\/categoria-producto\/conservas\/\" target=\"_blank\" rel=\"noopener noreferrer nofollow\"><b>konzervovan\u00fdch potrav\u00edn<\/b> <\/a>  <\/p>\n<h4><strong>Pre\u010do si ich vybra\u0165<\/strong><\/h4>\n<ul>\n<li><strong>Zaru\u010den\u00fd p\u00f4vod!<\/strong>  Lov\u00ed sa v \u010dist\u00fdch a bohat\u00fdch vod\u00e1ch Atlantick\u00e9ho oce\u00e1nu v oblasti R\u00edas Baixas v Gal\u00edcii.<\/li>\n<li><strong>Pr\u00e9miov\u00fd slne\u010dnicov\u00fd olej, ktor\u00fd dod\u00e1va<\/strong>chuti jemnos\u0165 a vyv\u00e1\u017eenos\u0165.<\/li>\n<li><strong>Form\u00e1t<\/strong>: 855 g plechovka, ide\u00e1lna pre rodiny alebo \u0161peci\u00e1lne udalosti.<\/li>\n<\/ul>\n","protected":false},"excerpt":{"rendered":"<p>Sardinky v slne\u010dnicovom oleji - R\u00edas Baixas - 855 g Sardinky v slne\u010dnicovom oleji z regi\u00f3nu R\u00edas Baixas s\u00fa starostlivo vyberan\u00e9 a balen\u00e9 tak, aby si zachovali svoju \u010derstvos\u0165 a prirodzen\u00fa chu\u0165 a vy ste si tak mohli vychutna\u0165 cel\u00fa ich chu\u0165. S\u00fa ide\u00e1lne do \u0161al\u00e1tov, predjed\u00e1l alebo tradi\u010dn\u00fdch receptov a vynikaj\u00fa jemnou \u0161trukt\u00farou a [&hellip;]<\/p>\n","protected":false},"featured_media":20052,"template":"","meta":{"_et_pb_use_builder":"","_et_pb_old_content":"","_et_gb_content_width":""},"product_brand":[],"product_cat":[1979],"product_tag":[],"class_list":{"0":"post-20046","1":"product","2":"type-product","3":"status-publish","4":"has-post-thumbnail","6":"product_cat-zachovava-sk","8":"first","9":"outofstock","10":"taxable","11":"shipping-taxable","12":"product-type-variable"},"_links":{"self":[{"href":"https:\/\/myspainfood.com\/sk\/wp-json\/wp\/v2\/product\/20046","targetHints":{"allow":["GET"]}}],"collection":[{"href":"https:\/\/myspainfood.com\/sk\/wp-json\/wp\/v2\/product"}],"about":[{"href":"https:\/\/myspainfood.com\/sk\/wp-json\/wp\/v2\/types\/product"}],"wp:featuredmedia":[{"embeddable":true,"href":"https:\/\/myspainfood.com\/sk\/wp-json\/wp\/v2\/media\/20052"}],"wp:attachment":[{"href":"https:\/\/myspainfood.com\/sk\/wp-json\/wp\/v2\/media?parent=20046"}],"wp:term":[{"taxonomy":"product_brand","embeddable":true,"href":"https:\/\/myspainfood.com\/sk\/wp-json\/wp\/v2\/product_brand?post=20046"},{"taxonomy":"product_cat","embeddable":true,"href":"https:\/\/myspainfood.com\/sk\/wp-json\/wp\/v2\/product_cat?post=20046"},{"taxonomy":"product_tag","embeddable":true,"href":"https:\/\/myspainfood.com\/sk\/wp-json\/wp\/v2\/product_tag?post=20046"}],"curies":[{"name":"wp","href":"https:\/\/api.w.org\/{rel}","templated":true}]}}