{"id":20110,"date":"2025-04-10T12:10:53","date_gmt":"2025-04-10T10:10:53","guid":{"rendered":"https:\/\/myspainfood.com\/producto\/morske-pochutky-45-jednotiek\/"},"modified":"2025-06-24T13:06:00","modified_gmt":"2025-06-24T11:06:00","slug":"morske-pochutky-45-jednotiek","status":"publish","type":"product","link":"https:\/\/myspainfood.com\/sk\/producto\/morske-pochutky-45-jednotiek\/","title":{"rendered":"Morsk\u00e9 poch\u00fa\u0165ky 45 jednotiek"},"content":{"rendered":"<p>Olej (85 % slne\u010dnicov\u00fd a 15 % olivov\u00fd), olivy plnen\u00e9 sardelou, varen\u00e9 krevety a \u010derven\u00e1 paprika.<\/p>\n","protected":false},"excerpt":{"rendered":"<p>Olej (85 % slne\u010dnicov\u00fd a 15 % olivov\u00fd), olivy plnen\u00e9 sardelou, varen\u00e9 krevety a \u010derven\u00e1 paprika.<\/p>\n","protected":false},"featured_media":20112,"template":"","meta":{"_et_pb_use_builder":"","_et_pb_old_content":"","_et_gb_content_width":""},"product_brand":[1277],"product_cat":[2807,1730,1825,1820,1728],"product_tag":[],"class_list":{"0":"post-20110","1":"product","2":"type-product","3":"status-publish","4":"has-post-thumbnail","6":"product_brand-bokeo","7":"product_cat-ancovicky-sk-2","8":"product_cat-olivy","9":"product_cat-pintxos-sk","10":"product_cat-studena","11":"product_cat-uhorky","12":"product_shipping_class-zasielka-za-studena","14":"first","15":"outofstock","16":"taxable","17":"shipping-taxable","18":"purchasable","19":"product-type-simple"},"_links":{"self":[{"href":"https:\/\/myspainfood.com\/sk\/wp-json\/wp\/v2\/product\/20110","targetHints":{"allow":["GET"]}}],"collection":[{"href":"https:\/\/myspainfood.com\/sk\/wp-json\/wp\/v2\/product"}],"about":[{"href":"https:\/\/myspainfood.com\/sk\/wp-json\/wp\/v2\/types\/product"}],"wp:featuredmedia":[{"embeddable":true,"href":"https:\/\/myspainfood.com\/sk\/wp-json\/wp\/v2\/media\/20112"}],"wp:attachment":[{"href":"https:\/\/myspainfood.com\/sk\/wp-json\/wp\/v2\/media?parent=20110"}],"wp:term":[{"taxonomy":"product_brand","embeddable":true,"href":"https:\/\/myspainfood.com\/sk\/wp-json\/wp\/v2\/product_brand?post=20110"},{"taxonomy":"product_cat","embeddable":true,"href":"https:\/\/myspainfood.com\/sk\/wp-json\/wp\/v2\/product_cat?post=20110"},{"taxonomy":"product_tag","embeddable":true,"href":"https:\/\/myspainfood.com\/sk\/wp-json\/wp\/v2\/product_tag?post=20110"}],"curies":[{"name":"wp","href":"https:\/\/api.w.org\/{rel}","templated":true}]}}