{"id":20251,"date":"2025-04-10T12:10:56","date_gmt":"2025-04-10T10:10:56","guid":{"rendered":"https:\/\/myspainfood.com\/producto\/olive-sabrosita-aguedo-2-kg-cistej-hmotnosti\/"},"modified":"2025-04-10T12:10:56","modified_gmt":"2025-04-10T10:10:56","slug":"olive-sabrosita-aguedo-2-kg-cistej-hmotnosti","status":"publish","type":"product","link":"https:\/\/myspainfood.com\/sk\/producto\/olive-sabrosita-aguedo-2-kg-cistej-hmotnosti\/","title":{"rendered":"Olive Sabrosita Aguedo 2 kg \u010distej hmotnosti"},"content":{"rendered":"<p>V spolo\u010dnosti ACEITUNAS AGUEDO zaru\u010dujeme dokonalos\u0165 na\u0161ich v\u00fdrobkov, ktor\u00e9 sp\u00e1jaj\u00fa trad\u00edciu a nov\u00e9 technol\u00f3gie. Pon\u00fakame profesionalitu rodinnej firmy, ktor\u00e1 neust\u00e1le rastie a ktorej jedin\u00fdm cie\u013eom je spokojnos\u0165 na\u0161ich z\u00e1kazn\u00edkov. <\/p>\n<p>Na v\u0161etky v\u00fdrobn\u00e9 procesy dohliadame od za\u010diatku a\u017e do konca, len tak dosiahneme MAXIM\u00c1LNE v\u00fdrobky.<\/p>\n","protected":false},"excerpt":{"rendered":"<p>V spolo\u010dnosti ACEITUNAS AGUEDO zaru\u010dujeme dokonalos\u0165 na\u0161ich v\u00fdrobkov, ktor\u00e9 sp\u00e1jaj\u00fa trad\u00edciu a nov\u00e9 technol\u00f3gie. Pon\u00fakame profesionalitu rodinnej firmy, ktor\u00e1 neust\u00e1le rastie a ktorej jedin\u00fdm cie\u013eom je spokojnos\u0165 na\u0161ich z\u00e1kazn\u00edkov. Na v\u0161etky v\u00fdrobn\u00e9 procesy dohliadame od za\u010diatku a\u017e do konca, len tak dosiahneme MAXIM\u00c1LNE v\u00fdrobky.<\/p>\n","protected":false},"featured_media":20254,"template":"","meta":{"_et_pb_use_builder":"","_et_pb_old_content":"","_et_gb_content_width":""},"product_brand":[],"product_cat":[1730,1728],"product_tag":[2054],"class_list":{"0":"post-20251","1":"product","2":"type-product","3":"status-publish","4":"has-post-thumbnail","6":"product_cat-olivy","7":"product_cat-uhorky","8":"product_tag-harmancek","10":"first","11":"instock","12":"taxable","13":"shipping-taxable","14":"purchasable","15":"product-type-simple"},"_links":{"self":[{"href":"https:\/\/myspainfood.com\/sk\/wp-json\/wp\/v2\/product\/20251","targetHints":{"allow":["GET"]}}],"collection":[{"href":"https:\/\/myspainfood.com\/sk\/wp-json\/wp\/v2\/product"}],"about":[{"href":"https:\/\/myspainfood.com\/sk\/wp-json\/wp\/v2\/types\/product"}],"wp:featuredmedia":[{"embeddable":true,"href":"https:\/\/myspainfood.com\/sk\/wp-json\/wp\/v2\/media\/20254"}],"wp:attachment":[{"href":"https:\/\/myspainfood.com\/sk\/wp-json\/wp\/v2\/media?parent=20251"}],"wp:term":[{"taxonomy":"product_brand","embeddable":true,"href":"https:\/\/myspainfood.com\/sk\/wp-json\/wp\/v2\/product_brand?post=20251"},{"taxonomy":"product_cat","embeddable":true,"href":"https:\/\/myspainfood.com\/sk\/wp-json\/wp\/v2\/product_cat?post=20251"},{"taxonomy":"product_tag","embeddable":true,"href":"https:\/\/myspainfood.com\/sk\/wp-json\/wp\/v2\/product_tag?post=20251"}],"curies":[{"name":"wp","href":"https:\/\/api.w.org\/{rel}","templated":true}]}}