{"id":20604,"date":"2025-04-10T12:11:04","date_gmt":"2025-04-10T10:11:04","guid":{"rendered":"https:\/\/myspainfood.com\/producto\/bravcova-panenka-iberskeho-plemena-fili-500-gramov-cca\/"},"modified":"2025-06-24T13:17:57","modified_gmt":"2025-06-24T11:17:57","slug":"bravcova-panenka-iberskeho-plemena-fili-500-gramov-cca","status":"publish","type":"product","link":"https:\/\/myspainfood.com\/sk\/producto\/bravcova-panenka-iberskeho-plemena-fili-500-gramov-cca\/","title":{"rendered":"Brav\u010dov\u00e1 panenka ibersk\u00e9ho plemena FILI 500 gramov cca."},"content":{"rendered":"<p>Tradi\u010dn\u00fd v\u00fdrobok najvy\u0161\u0161ej kvality vyroben\u00fd z v\u00fdberu najlep\u0161ieho chud\u00e9ho m\u00e4sa z Pyrenejsk\u00e9ho polostrova, pripraven\u00fd s pr\u00edrodn\u00fdm koren\u00edm.<\/p>\n","protected":false},"excerpt":{"rendered":"<p>Tradi\u010dn\u00fd v\u00fdrobok najvy\u0161\u0161ej kvality vyroben\u00fd z v\u00fdberu najlep\u0161ieho chud\u00e9ho m\u00e4sa z Pyrenejsk\u00e9ho polostrova, pripraven\u00fd s pr\u00edrodn\u00fdm koren\u00edm.<\/p>\n","protected":false},"featured_media":20606,"template":"","meta":{"_et_pb_use_builder":"","_et_pb_old_content":"","_et_gb_content_width":""},"product_brand":[],"product_cat":[2265,1820,2264],"product_tag":[],"class_list":{"0":"post-20604","1":"product","2":"type-product","3":"status-publish","4":"has-post-thumbnail","6":"product_cat-klobasa","7":"product_cat-studena","8":"product_cat-syr-a-klobasa","9":"product_shipping_class-zasielka-za-studena","11":"first","12":"outofstock","13":"taxable","14":"shipping-taxable","15":"purchasable","16":"product-type-simple"},"_links":{"self":[{"href":"https:\/\/myspainfood.com\/sk\/wp-json\/wp\/v2\/product\/20604","targetHints":{"allow":["GET"]}}],"collection":[{"href":"https:\/\/myspainfood.com\/sk\/wp-json\/wp\/v2\/product"}],"about":[{"href":"https:\/\/myspainfood.com\/sk\/wp-json\/wp\/v2\/types\/product"}],"wp:featuredmedia":[{"embeddable":true,"href":"https:\/\/myspainfood.com\/sk\/wp-json\/wp\/v2\/media\/20606"}],"wp:attachment":[{"href":"https:\/\/myspainfood.com\/sk\/wp-json\/wp\/v2\/media?parent=20604"}],"wp:term":[{"taxonomy":"product_brand","embeddable":true,"href":"https:\/\/myspainfood.com\/sk\/wp-json\/wp\/v2\/product_brand?post=20604"},{"taxonomy":"product_cat","embeddable":true,"href":"https:\/\/myspainfood.com\/sk\/wp-json\/wp\/v2\/product_cat?post=20604"},{"taxonomy":"product_tag","embeddable":true,"href":"https:\/\/myspainfood.com\/sk\/wp-json\/wp\/v2\/product_tag?post=20604"}],"curies":[{"name":"wp","href":"https:\/\/api.w.org\/{rel}","templated":true}]}}