{"id":21082,"date":"2025-04-10T12:10:26","date_gmt":"2025-04-10T10:10:26","guid":{"rendered":"https:\/\/myspainfood.com\/producto\/bocaditos-bacalao-salados\/"},"modified":"2025-06-24T13:14:59","modified_gmt":"2025-06-24T11:14:59","slug":"bocaditos-bacalao-salados","status":"publish","type":"product","link":"https:\/\/myspainfood.com\/sk\/producto\/bocaditos-bacalao-salados\/","title":{"rendered":"Bocaditos Bacalao Salados"},"content":{"rendered":"<p style=\"text-align: left\">&#8222;Treska \u0161kvrnit\u00e1 je spolo\u010dn\u00fd n\u00e1zov pre nieko\u013eko druhov r\u00fdb rodu Gadus, hoci niektor\u00e9 druhy toho ist\u00e9ho rodu m\u00f4\u017eu ma\u0165 aj in\u00e9 n\u00e1zvy. Najbe\u017enej\u0161\u00edm druhom je treska atlantick\u00e1<strong>(Gadus morhua<\/strong> alebo treska oby\u010dajn\u00e1). Je to jedna z najzn\u00e1mej\u0161\u00edch r\u00fdb na svete a je cenen\u00e1 pre svoju skvel\u00fa chu\u0165.  <\/p>\n<h6 style=\"text-align: left\"><u>V\u00dd\u017dIVOV\u00c1 HODNOTA<\/u><\/h6>\n<p>Z v\u00fd\u017eivov\u00e9ho h\u013eadiska je treska potravina bohat\u00e1 na bielkoviny s vysokou biologickou hodnotou a str\u00e1vite\u013enos\u0165ou, s n\u00edzkym obsahom tuku a kal\u00f3ri\u00ed. Obsah vody je pribli\u017ene 80 % (v \u010derstvej treske) a je dobr\u00fdm zdrojom vitam\u00ednov (najm\u00e4 skupiny B) a miner\u00e1lnych sol\u00ed potrebn\u00fdch pre organizmus. \u010cerstv\u00fa alebo odsolen\u00fa tresku m\u00f4\u017eu konzumova\u0165 \u013eudia s vysok\u00fdm krvn\u00fdm tlakom, preto\u017ee m\u00e1 n\u00edzky obsah sod\u00edka a je bohat\u00e1 na drasl\u00edk.  <\/p>\n","protected":false},"excerpt":{"rendered":"<p>&#8222;Treska \u0161kvrnit\u00e1 je spolo\u010dn\u00fd n\u00e1zov pre nieko\u013eko druhov r\u00fdb rodu Gadus, hoci niektor\u00e9 druhy toho ist\u00e9ho rodu m\u00f4\u017eu ma\u0165 aj in\u00e9 n\u00e1zvy. Najbe\u017enej\u0161\u00edm druhom je treska atlantick\u00e1(Gadus morhua alebo treska oby\u010dajn\u00e1). Je to jedna z najzn\u00e1mej\u0161\u00edch r\u00fdb na svete a je cenen\u00e1 pre svoju skvel\u00fa chu\u0165. V\u00dd\u017dIVOV\u00c1 HODNOTA Z v\u00fd\u017eivov\u00e9ho h\u013eadiska je treska potravina bohat\u00e1 [&hellip;]<\/p>\n","protected":false},"featured_media":21086,"template":"","meta":{"_et_pb_use_builder":"","_et_pb_old_content":"","_et_gb_content_width":""},"product_brand":[1290],"product_cat":[1820,3550],"product_tag":[],"class_list":{"0":"post-21082","1":"product","2":"type-product","3":"status-publish","4":"has-post-thumbnail","6":"product_brand-la-barajilla","7":"product_cat-studena","8":"product_cat-treska","9":"product_shipping_class-zasielka-za-studena","11":"first","12":"outofstock","13":"taxable","14":"shipping-taxable","15":"purchasable","16":"product-type-simple"},"_links":{"self":[{"href":"https:\/\/myspainfood.com\/sk\/wp-json\/wp\/v2\/product\/21082","targetHints":{"allow":["GET"]}}],"collection":[{"href":"https:\/\/myspainfood.com\/sk\/wp-json\/wp\/v2\/product"}],"about":[{"href":"https:\/\/myspainfood.com\/sk\/wp-json\/wp\/v2\/types\/product"}],"wp:featuredmedia":[{"embeddable":true,"href":"https:\/\/myspainfood.com\/sk\/wp-json\/wp\/v2\/media\/21086"}],"wp:attachment":[{"href":"https:\/\/myspainfood.com\/sk\/wp-json\/wp\/v2\/media?parent=21082"}],"wp:term":[{"taxonomy":"product_brand","embeddable":true,"href":"https:\/\/myspainfood.com\/sk\/wp-json\/wp\/v2\/product_brand?post=21082"},{"taxonomy":"product_cat","embeddable":true,"href":"https:\/\/myspainfood.com\/sk\/wp-json\/wp\/v2\/product_cat?post=21082"},{"taxonomy":"product_tag","embeddable":true,"href":"https:\/\/myspainfood.com\/sk\/wp-json\/wp\/v2\/product_tag?post=21082"}],"curies":[{"name":"wp","href":"https:\/\/api.w.org\/{rel}","templated":true}]}}