{"id":21311,"date":"2025-04-10T12:10:23","date_gmt":"2025-04-10T10:10:23","guid":{"rendered":"https:\/\/myspainfood.com\/producto\/salat-z-papriky-piquillo-15-kg\/"},"modified":"2025-04-10T12:10:23","modified_gmt":"2025-04-10T10:10:23","slug":"salat-z-papriky-piquillo-15-kg","status":"publish","type":"product","link":"https:\/\/myspainfood.com\/sk\/producto\/salat-z-papriky-piquillo-15-kg\/","title":{"rendered":"\u0160al\u00e1t z papriky piquillo 1,5 kg"},"content":{"rendered":"<p>\u0160al\u00e1t z papriky piquillo od spolo\u010dnosti <a href=\"https:\/\/www.alsurvegetales.com\/producto\/id\/35\/pimiento-del-piquillo\" target=\"_blank\" rel=\"noopener noreferrer nofollow\">Alsur<\/a> sa pripravuje zo sladkej konzervovanej papriky.<\/p>\n<p>Korenie je zn\u00e1me svojou vysokou kvalitou a ve\u013emi osobitou chu\u0165ou s pikantn\u00fdm n\u00e1dychom.<\/p>\n<p>Vyzna\u010duj\u00fa sa tie\u017e intenz\u00edvnou \u010dervenou farbou, jedine\u010dnou \u0161trukt\u00farou, ve\u013ekos\u0165ou a zvl\u00e1\u0161tnym podlhovast\u00fdm trojuholn\u00edkov\u00fdm tvarom.<\/p>\n<p>Zlo\u017eenie: Zlo\u017eenie: paprika piquillo, cibu\u013ea, voda, cukor, so\u013e, ocot a kyselina citr\u00f3nov\u00e1.<\/p>\n<p>Hrniec m\u00e1 \u010dist\u00fa hmotnos\u0165 410 gramov.<\/p>\n<p>Skladujte na chladnom a suchom mieste. Po otvoren\u00ed prelo\u017ete do nekovovej n\u00e1doby, uchov\u00e1vajte v chladni\u010dke a spotrebujte do 7 dn\u00ed. <\/p>\n<p>Alsur je rodinn\u00fd podnik, ktor\u00e9ho hlavn\u00fdm hrdinom je podstata jedla.<\/p>\n<h4>Hlavn\u00e9 v\u00fdhody konzervovan\u00fdch potrav\u00edn<\/h4>\n<ol>\n<li>Zachov\u00e1vaj\u00fa v\u0161etky v\u00fd\u017eivov\u00e9 vlastnosti samotnej potraviny. Potraviny si zachov\u00e1vaj\u00fa svoju \u010derstvos\u0165. <\/li>\n<li>Pou\u017eit\u00e9 potraviny s\u00fa zdrav\u00e9, a preto vhodn\u00e9 pre optim\u00e1lnu stravu v\u010faka vysok\u00e9mu obsahu vitam\u00ednov a bielkov\u00edn.<\/li>\n<li>Tieto v\u00fdrobky maj\u00fa dlh\u0161iu \u017eivotnos\u0165 (zvy\u010dajne 2-5 rokov).<\/li>\n<li>Konzervy sa ve\u013emi \u013eahko skladuj\u00fa, preto\u017ee ich balenie sa \u013eahko aplikuje.<\/li>\n<\/ol>\n<p>Ak si chcete k\u00fapi\u0165 paprikov\u00fd \u0161al\u00e1t s tuniakom alebo ak\u00fdko\u013evek in\u00fd druh <a href=\"https:\/\/latiendadesami.com\/categoria-producto\/conservas\/\" rel=\"noopener noreferrer nofollow\" target=\"_blank\">konzervy<\/a>, nev\u00e1hajte a pozrite si n\u00e1\u0161 online katal\u00f3g, v ktorom n\u00e1jdete \u0161irok\u00fa ponuku <a href=\"https:\/\/latiendadesami.com\/categoria-producto\/conservas\/atun-y-bonito\/\" target=\"_blank\" rel=\"noopener noreferrer nofollow\">tuniakov<\/a>.<\/p>\n<p>Nap\u00ed\u0161te n\u00e1m o viac inform\u00e1ci\u00ed.<\/p>\n","protected":false},"excerpt":{"rendered":"<p>\u0160al\u00e1t z papriky piquillo od spolo\u010dnosti Alsur sa pripravuje zo sladkej konzervovanej papriky. Korenie je zn\u00e1me svojou vysokou kvalitou a ve\u013emi osobitou chu\u0165ou s pikantn\u00fdm n\u00e1dychom. Vyzna\u010duj\u00fa sa tie\u017e intenz\u00edvnou \u010dervenou farbou, jedine\u010dnou \u0161trukt\u00farou, ve\u013ekos\u0165ou a zvl\u00e1\u0161tnym podlhovast\u00fdm trojuholn\u00edkov\u00fdm tvarom. Zlo\u017eenie: Zlo\u017eenie: paprika piquillo, cibu\u013ea, voda, cukor, so\u013e, ocot a kyselina citr\u00f3nov\u00e1. Hrniec m\u00e1 \u010dist\u00fa [&hellip;]<\/p>\n","protected":false},"featured_media":21313,"template":"","meta":{"_et_pb_use_builder":"","_et_pb_old_content":"","_et_gb_content_width":""},"product_brand":[1196],"product_cat":[2331,1979,3719],"product_tag":[],"class_list":{"0":"post-21311","1":"product","2":"type-product","3":"status-publish","4":"has-post-thumbnail","6":"product_brand-alsur","7":"product_cat-papriky","8":"product_cat-zachovava-sk","9":"product_cat-zelenina","11":"first","12":"outofstock","13":"taxable","14":"shipping-taxable","15":"purchasable","16":"product-type-simple"},"_links":{"self":[{"href":"https:\/\/myspainfood.com\/sk\/wp-json\/wp\/v2\/product\/21311","targetHints":{"allow":["GET"]}}],"collection":[{"href":"https:\/\/myspainfood.com\/sk\/wp-json\/wp\/v2\/product"}],"about":[{"href":"https:\/\/myspainfood.com\/sk\/wp-json\/wp\/v2\/types\/product"}],"wp:featuredmedia":[{"embeddable":true,"href":"https:\/\/myspainfood.com\/sk\/wp-json\/wp\/v2\/media\/21313"}],"wp:attachment":[{"href":"https:\/\/myspainfood.com\/sk\/wp-json\/wp\/v2\/media?parent=21311"}],"wp:term":[{"taxonomy":"product_brand","embeddable":true,"href":"https:\/\/myspainfood.com\/sk\/wp-json\/wp\/v2\/product_brand?post=21311"},{"taxonomy":"product_cat","embeddable":true,"href":"https:\/\/myspainfood.com\/sk\/wp-json\/wp\/v2\/product_cat?post=21311"},{"taxonomy":"product_tag","embeddable":true,"href":"https:\/\/myspainfood.com\/sk\/wp-json\/wp\/v2\/product_tag?post=21311"}],"curies":[{"name":"wp","href":"https:\/\/api.w.org\/{rel}","templated":true}]}}