{"id":21458,"date":"2025-04-10T12:10:29","date_gmt":"2025-04-10T10:10:29","guid":{"rendered":"https:\/\/myspainfood.com\/producto\/kusky-brucha-tuniaka-areoso-120gr-250-kusov\/"},"modified":"2025-04-10T12:10:29","modified_gmt":"2025-04-10T10:10:29","slug":"kusky-brucha-tuniaka-areoso-120gr-250-kusov","status":"publish","type":"product","link":"https:\/\/myspainfood.com\/sk\/producto\/kusky-brucha-tuniaka-areoso-120gr-250-kusov\/","title":{"rendered":"K\u00fasky brucha tuniaka Areoso 120gr 250 kusov"},"content":{"rendered":"<p>\u0160pecifik\u00e1cie: Brucho tuniaka \u017eltoplutv\u00e9ho (Thunnus albacares) v slne\u010dnicovom oleji.<\/p>\n<p>Zlo\u017eenie: brucho tuniaka \u017eltoplutv\u00e9ho 65,2 %, slne\u010dnicov\u00fd olej 34,8 %, so\u013e, so\u013e.<\/p>\n<p>V\u00fdrobn\u00fd proces: Bru\u0161n\u00e1 \u010das\u0165 tuniaka \u017eltoplutv\u00e9ho je jednou z najviac cenen\u00fdch pre svoju skvel\u00fa chu\u0165 a jemn\u00fa \u0161trukt\u00faru. Kusy bru\u0161n\u00e9ho tuniaka sa do z\u00e1vodu dod\u00e1vaj\u00fa \u00faplne tradi\u010dn\u00fdm sp\u00f4sobom. Po uvaren\u00ed sa o\u010distia a ru\u010dne rozdelia na tenk\u00e9 pl\u00e1tky rovnakej ve\u013ekosti. Balia sa do plechoviek a ako krycia tekutina sa prid\u00e1va olivov\u00fd olej, ktor\u00fd nepochybne zv\u00fdrazn\u00ed pln\u00fa chu\u0165 tohto vysoko cenen\u00e9ho v\u00fdrobku. Konzervy sa potom uzavr\u00fa a sterilizuj\u00fa, \u010do je pr\u00edsne kontrolovan\u00fd proces, ktor\u00fd zaru\u010duje kvalitu a zachovanie v\u00fdrobku na dlh\u00e9 roky bez pridania umel\u00fdch konzerva\u010dn\u00fdch l\u00e1tok.    <\/p>\n<p>Nap\u00ed\u0161te n\u00e1m o viac inform\u00e1ci\u00ed.<\/p>\n","protected":false},"excerpt":{"rendered":"<p>\u0160pecifik\u00e1cie: Brucho tuniaka \u017eltoplutv\u00e9ho (Thunnus albacares) v slne\u010dnicovom oleji. Zlo\u017eenie: brucho tuniaka \u017eltoplutv\u00e9ho 65,2 %, slne\u010dnicov\u00fd olej 34,8 %, so\u013e, so\u013e. V\u00fdrobn\u00fd proces: Bru\u0161n\u00e1 \u010das\u0165 tuniaka \u017eltoplutv\u00e9ho je jednou z najviac cenen\u00fdch pre svoju skvel\u00fa chu\u0165 a jemn\u00fa \u0161trukt\u00faru. Kusy bru\u0161n\u00e9ho tuniaka sa do z\u00e1vodu dod\u00e1vaj\u00fa \u00faplne tradi\u010dn\u00fdm sp\u00f4sobom. Po uvaren\u00ed sa o\u010distia a ru\u010dne [&hellip;]<\/p>\n","protected":false},"featured_media":21462,"template":"","meta":{"_et_pb_use_builder":"","_et_pb_old_content":"","_et_gb_content_width":""},"product_brand":[1358],"product_cat":[2872,3265],"product_tag":[],"class_list":{"0":"post-21458","1":"product","2":"type-product","3":"status-publish","4":"has-post-thumbnail","6":"product_brand-areoso","7":"product_cat-velkoobchod","8":"product_cat-zachovava-sk-3","10":"first","11":"outofstock","12":"taxable","13":"shipping-taxable","14":"product-type-variable"},"_links":{"self":[{"href":"https:\/\/myspainfood.com\/sk\/wp-json\/wp\/v2\/product\/21458","targetHints":{"allow":["GET"]}}],"collection":[{"href":"https:\/\/myspainfood.com\/sk\/wp-json\/wp\/v2\/product"}],"about":[{"href":"https:\/\/myspainfood.com\/sk\/wp-json\/wp\/v2\/types\/product"}],"wp:featuredmedia":[{"embeddable":true,"href":"https:\/\/myspainfood.com\/sk\/wp-json\/wp\/v2\/media\/21462"}],"wp:attachment":[{"href":"https:\/\/myspainfood.com\/sk\/wp-json\/wp\/v2\/media?parent=21458"}],"wp:term":[{"taxonomy":"product_brand","embeddable":true,"href":"https:\/\/myspainfood.com\/sk\/wp-json\/wp\/v2\/product_brand?post=21458"},{"taxonomy":"product_cat","embeddable":true,"href":"https:\/\/myspainfood.com\/sk\/wp-json\/wp\/v2\/product_cat?post=21458"},{"taxonomy":"product_tag","embeddable":true,"href":"https:\/\/myspainfood.com\/sk\/wp-json\/wp\/v2\/product_tag?post=21458"}],"curies":[{"name":"wp","href":"https:\/\/api.w.org\/{rel}","templated":true}]}}