{"id":21520,"date":"2025-04-10T12:10:34","date_gmt":"2025-04-10T10:10:34","guid":{"rendered":"https:\/\/myspainfood.com\/producto\/iberske-chorizo-extra-fili-500-gramov-salamanca\/"},"modified":"2026-01-29T11:15:12","modified_gmt":"2026-01-29T10:15:12","slug":"iberske-chorizo-extra-fili-500-gramov-salamanca","status":"publish","type":"product","link":"https:\/\/myspainfood.com\/sk\/producto\/iberske-chorizo-extra-fili-500-gramov-salamanca\/","title":{"rendered":"Ibersk\u00e9 Chorizo Extra Fili 500 gramov Salamanca"},"content":{"rendered":"<p>Tradi\u010dn\u00fd v\u00fdrobok najvy\u0161\u0161ej kvality vyroben\u00fd z v\u00fdberu najlep\u0161ieho chud\u00e9ho m\u00e4sa z Pyrenejsk\u00e9ho polostrova, papriky, cesnaku&#8230;<\/p>\n<p>Prezent\u00e1cia: pr\u00edrodn\u00e9 brav\u010dov\u00e9 \u010drevo, v\u00e1kuovo balen\u00e9 v cel\u00fdch kusoch alebo poloviciach.<\/p>\n","protected":false},"excerpt":{"rendered":"<p>Tradi\u010dn\u00fd v\u00fdrobok najvy\u0161\u0161ej kvality vyroben\u00fd z v\u00fdberu najlep\u0161ieho chud\u00e9ho m\u00e4sa z Pyrenejsk\u00e9ho polostrova, papriky, cesnaku&#8230; Prezent\u00e1cia: pr\u00edrodn\u00e9 brav\u010dov\u00e9 \u010drevo, v\u00e1kuovo balen\u00e9 v cel\u00fdch kusoch alebo poloviciach.<\/p>\n","protected":false},"featured_media":21523,"template":"","meta":{"_et_pb_use_builder":"","_et_pb_old_content":"","_et_gb_content_width":""},"product_brand":[1388],"product_cat":[2265,1820,2264],"product_tag":[],"class_list":{"0":"post-21520","1":"product","2":"type-product","3":"status-publish","4":"has-post-thumbnail","6":"product_brand-fili","7":"product_cat-klobasa","8":"product_cat-studena","9":"product_cat-syr-a-klobasa","10":"product_shipping_class-zasielka-za-studena","12":"first","13":"instock","14":"featured","15":"taxable","16":"shipping-taxable","17":"purchasable","18":"product-type-variable"},"_links":{"self":[{"href":"https:\/\/myspainfood.com\/sk\/wp-json\/wp\/v2\/product\/21520","targetHints":{"allow":["GET"]}}],"collection":[{"href":"https:\/\/myspainfood.com\/sk\/wp-json\/wp\/v2\/product"}],"about":[{"href":"https:\/\/myspainfood.com\/sk\/wp-json\/wp\/v2\/types\/product"}],"wp:featuredmedia":[{"embeddable":true,"href":"https:\/\/myspainfood.com\/sk\/wp-json\/wp\/v2\/media\/21523"}],"wp:attachment":[{"href":"https:\/\/myspainfood.com\/sk\/wp-json\/wp\/v2\/media?parent=21520"}],"wp:term":[{"taxonomy":"product_brand","embeddable":true,"href":"https:\/\/myspainfood.com\/sk\/wp-json\/wp\/v2\/product_brand?post=21520"},{"taxonomy":"product_cat","embeddable":true,"href":"https:\/\/myspainfood.com\/sk\/wp-json\/wp\/v2\/product_cat?post=21520"},{"taxonomy":"product_tag","embeddable":true,"href":"https:\/\/myspainfood.com\/sk\/wp-json\/wp\/v2\/product_tag?post=21520"}],"curies":[{"name":"wp","href":"https:\/\/api.w.org\/{rel}","templated":true}]}}