{"id":21723,"date":"2025-04-10T12:10:34","date_gmt":"2025-04-10T10:10:34","guid":{"rendered":"https:\/\/myspainfood.com\/producto\/sardinilla-25-35-areoso-v-olivovom-oleji-120gr\/"},"modified":"2025-04-10T12:10:34","modified_gmt":"2025-04-10T10:10:34","slug":"sardinilla-25-35-areoso-v-olivovom-oleji-120gr","status":"publish","type":"product","link":"https:\/\/myspainfood.com\/sk\/producto\/sardinilla-25-35-areoso-v-olivovom-oleji-120gr\/","title":{"rendered":"Sardinilla 25\/35 Areoso v olivovom oleji 120gr"},"content":{"rendered":"<p>V\u00fdrobok: Sardinky v olivovom oleji 25\/35 kusov<\/p>\n<p>\u0160pecifik\u00e1cie: Mal\u00e1 sardinka (Sardina pilchardus) z gal\u00edcijsk\u00fdch rias, homog\u00e9nnej ve\u013ekosti, v olivovom oleji. Ru\u010dne vyberan\u00e9 do ka\u017edej konzervy. <\/p>\n<p>Zlo\u017eenie: Sardinky 73 %, olivov\u00fd olej 27 % a so\u013e.<\/p>\n<p>V\u00fdrobn\u00fd proces: Napriek tomu, \u017ee sardinka je ryba, je to n\u00e1ro\u010dn\u00fd produkt, ktor\u00e9ho v\u00fdroba je pomerne pr\u00e1cna. Po pr\u00edchode do z\u00e1vodu sa sardinky opatrne zbavuj\u00fa hl\u00e1v a vypitv\u00e1vaj\u00fa, aby sa predi\u0161lo ich po\u0161kodeniu a znehodnoteniu vzh\u013eadu. Potom sa sardinky ulo\u017eia na ro\u0161ty, prech\u00e1dzaj\u00fa a pon\u00e1raj\u00fa do slan\u00e9ho n\u00e1levu (voda a so\u013e), aby z\u00edskali chu\u0165 a pevnos\u0165. Potom sa tradi\u010dne ope\u010d\u00fa a ru\u010dne zabalia do ka\u017edej konzervy. Po natret\u00ed olivov\u00fdm olejom sa konzervy uzavr\u00fa a sterilizuj\u00fa, \u010do je pr\u00edsne kontrolovan\u00fd proces, ktor\u00fd zaru\u010duje zachovanie a kvalitu v\u00fdrobku na dlh\u00e9 roky bez potreby prid\u00e1vania konzerva\u010dn\u00fdch l\u00e1tok alebo umel\u00fdch pr\u00edsad. Potom s\u00fa konzervy pripraven\u00e9 na skladovanie a \u010fal\u0161ie spracovanie.     <\/p>\n","protected":false},"excerpt":{"rendered":"<p>V\u00fdrobok: Sardinky v olivovom oleji 25\/35 kusov \u0160pecifik\u00e1cie: Mal\u00e1 sardinka (Sardina pilchardus) z gal\u00edcijsk\u00fdch rias, homog\u00e9nnej ve\u013ekosti, v olivovom oleji. Ru\u010dne vyberan\u00e9 do ka\u017edej konzervy. Zlo\u017eenie: Sardinky 73 %, olivov\u00fd olej 27 % a so\u013e. V\u00fdrobn\u00fd proces: Napriek tomu, \u017ee sardinka je ryba, je to n\u00e1ro\u010dn\u00fd produkt, ktor\u00e9ho v\u00fdroba je pomerne pr\u00e1cna. Po pr\u00edchode do [&hellip;]<\/p>\n","protected":false},"featured_media":21729,"template":"","meta":{"_et_pb_use_builder":"","_et_pb_old_content":"","_et_gb_content_width":""},"product_brand":[1358],"product_cat":[3760,1979],"product_tag":[],"class_list":{"0":"post-21723","1":"product","2":"type-product","3":"status-publish","4":"has-post-thumbnail","6":"product_brand-areoso","7":"product_cat-sardinillas-sk","8":"product_cat-zachovava-sk","10":"first","11":"outofstock","12":"taxable","13":"shipping-taxable","14":"product-type-variable"},"_links":{"self":[{"href":"https:\/\/myspainfood.com\/sk\/wp-json\/wp\/v2\/product\/21723","targetHints":{"allow":["GET"]}}],"collection":[{"href":"https:\/\/myspainfood.com\/sk\/wp-json\/wp\/v2\/product"}],"about":[{"href":"https:\/\/myspainfood.com\/sk\/wp-json\/wp\/v2\/types\/product"}],"wp:featuredmedia":[{"embeddable":true,"href":"https:\/\/myspainfood.com\/sk\/wp-json\/wp\/v2\/media\/21729"}],"wp:attachment":[{"href":"https:\/\/myspainfood.com\/sk\/wp-json\/wp\/v2\/media?parent=21723"}],"wp:term":[{"taxonomy":"product_brand","embeddable":true,"href":"https:\/\/myspainfood.com\/sk\/wp-json\/wp\/v2\/product_brand?post=21723"},{"taxonomy":"product_cat","embeddable":true,"href":"https:\/\/myspainfood.com\/sk\/wp-json\/wp\/v2\/product_cat?post=21723"},{"taxonomy":"product_tag","embeddable":true,"href":"https:\/\/myspainfood.com\/sk\/wp-json\/wp\/v2\/product_tag?post=21723"}],"curies":[{"name":"wp","href":"https:\/\/api.w.org\/{rel}","templated":true}]}}