{"id":22241,"date":"2025-04-10T12:05:32","date_gmt":"2025-04-10T10:05:32","guid":{"rendered":"https:\/\/myspainfood.com\/producto\/baskicke-chilli\/"},"modified":"2025-07-31T16:39:03","modified_gmt":"2025-07-31T14:39:03","slug":"baskicke-chilli","status":"publish","type":"product","link":"https:\/\/myspainfood.com\/sk\/producto\/baskicke-chilli\/","title":{"rendered":"Baskick\u00e9 chilli"},"content":{"rendered":"<p>Baskick\u00e9 papri\u010dky Guindilla v octe dodaj\u00fa na\u0161im <a href=\"https:\/\/es.wikipedia.org\/wiki\/Guindilla_de_Ibarra\" target=\"_blank\" rel=\"noopener noreferrer nofollow\">jedl\u00e1m<\/a> pikantn\u00fd n\u00e1dych, ktor\u00fd ich zv\u00fdrazn\u00ed.<\/p>\n<p>Tento v\u00fdrobok rozvibruje chu\u0165ov\u00e9 bunky a je ve\u013emi cenen\u00fd popri dusen\u00fdch jedl\u00e1ch alebo om\u00e1\u010dkach pln\u00fdch chuti.<\/p>\n<p>Medzi mnoh\u00e9 tradi\u010dn\u00e9 ingrediencie baskickej kuchyne patr\u00ed chilli papri\u010dka piparra.<\/p>\n<p>Ve\u013emi zvl\u00e1\u0161tne chilli, preto\u017ee takmer v\u00f4bec ne\u0161t\u00edpe.<\/p>\n<p>Ve\u013emi dobre sa hod\u00ed do v\u0161etk\u00fdch druhov jed\u00e1lni\u010dkov a ve\u013emi dobre ju prij\u00edmaj\u00fa aj t\u00ed, ktor\u00ed t\u00fato chu\u0165 nemaj\u00fa pr\u00edli\u0161 v ob\u013eube.<\/p>\n<p>Baskick\u00e9 chilli papri\u010dky v tejto n\u00e1dobe maj\u00fa priemern\u00fa ve\u013ekos\u0165 7 a\u017e 12 cm a pripravuj\u00fa sa s octom.<\/p>\n<p>Prav\u00fd n\u00e1dych, s ktor\u00fdm sa piparry be\u017ene pod\u00e1vaj\u00fa a ktor\u00fd v\u00e1m s ka\u017ed\u00fdm s\u00fastom vyvol\u00e1 v tele z\u00e1chvev intenz\u00edvnej chuti.<\/p>\n<p>Niektor\u00e9 vlastnosti guinejsk\u00e9ho vt\u00e1ka:<\/p>\n<ul>\n<li>Zni\u017euje hladinu cholesterolu.<\/li>\n<li>Stimuluje krvn\u00fd a d\u00fdchac\u00ed obeh.<\/li>\n<li>Predpoklad\u00e1 sa, \u017ee m\u00f4\u017ee pom\u00f4c\u0165 zn\u00ed\u017ei\u0165 nadv\u00e1hu zr\u00fdchlen\u00edm metabolizmu.<\/li>\n<li>Pod\u013ea niektor\u00fdch \u0161t\u00fadi\u00ed chr\u00e1ni \u017eal\u00fadok t\u00fdm, \u017ee produkuje viac hlienu.<\/li>\n<\/ul>\n<p>Ak si chcete k\u00fapi\u0165 olivy alebo in\u00fd druh <a href=\"https:\/\/latiendadesami.com\/categoria-producto\/encurtidos\/\" rel=\"noopener noreferrer nofollow\" target=\"_blank\">uhoriek<\/a>, nev\u00e1hajte a pozrite si n\u00e1\u0161 online katal\u00f3g, v ktorom n\u00e1jdete \u0161irok\u00fa ponuku <a href=\"https:\/\/latiendadesami.com\/categoria-producto\/encurtidos\/pepinillos\/\" target=\"_blank\" rel=\"noopener noreferrer nofollow\">uhoriek<\/a>.<\/p>\n","protected":false},"excerpt":{"rendered":"<p>&nbsp;<\/p>\n<p>&nbsp;<\/p>\n","protected":false},"featured_media":22249,"template":"","meta":{"_et_pb_use_builder":"","_et_pb_old_content":"","_et_gb_content_width":""},"product_brand":[1057],"product_cat":[3988,1728],"product_tag":[3989],"class_list":{"0":"post-22241","1":"product","2":"type-product","3":"status-publish","4":"has-post-thumbnail","6":"product_brand-la-encajera","7":"product_cat-chilli-papricky","8":"product_cat-uhorky","9":"product_tag-baskicko","11":"first","12":"outofstock","13":"taxable","14":"shipping-taxable","15":"product-type-variable"},"_links":{"self":[{"href":"https:\/\/myspainfood.com\/sk\/wp-json\/wp\/v2\/product\/22241","targetHints":{"allow":["GET"]}}],"collection":[{"href":"https:\/\/myspainfood.com\/sk\/wp-json\/wp\/v2\/product"}],"about":[{"href":"https:\/\/myspainfood.com\/sk\/wp-json\/wp\/v2\/types\/product"}],"wp:featuredmedia":[{"embeddable":true,"href":"https:\/\/myspainfood.com\/sk\/wp-json\/wp\/v2\/media\/22249"}],"wp:attachment":[{"href":"https:\/\/myspainfood.com\/sk\/wp-json\/wp\/v2\/media?parent=22241"}],"wp:term":[{"taxonomy":"product_brand","embeddable":true,"href":"https:\/\/myspainfood.com\/sk\/wp-json\/wp\/v2\/product_brand?post=22241"},{"taxonomy":"product_cat","embeddable":true,"href":"https:\/\/myspainfood.com\/sk\/wp-json\/wp\/v2\/product_cat?post=22241"},{"taxonomy":"product_tag","embeddable":true,"href":"https:\/\/myspainfood.com\/sk\/wp-json\/wp\/v2\/product_tag?post=22241"}],"curies":[{"name":"wp","href":"https:\/\/api.w.org\/{rel}","templated":true}]}}