{"id":22436,"date":"2025-04-10T12:05:33","date_gmt":"2025-04-10T10:05:33","guid":{"rendered":"https:\/\/myspainfood.com\/producto\/oti-nakladane-musle-3-kusy\/"},"modified":"2025-04-10T12:05:33","modified_gmt":"2025-04-10T10:05:33","slug":"oti-nakladane-musle-3-kusy","status":"publish","type":"product","link":"https:\/\/myspainfood.com\/sk\/producto\/oti-nakladane-musle-3-kusy\/","title":{"rendered":"Oti nakladan\u00e9 mu\u0161le 3 kusy"},"content":{"rendered":"<p>Oti Mussels 3 kusy s\u00fa pr\u00edrodn\u00fdm produktom spracovan\u00fdm <a href=\"http:\/\/www.conservasoti.es\/paginas\/historia.html\" target=\"_blank\" rel=\"noopener noreferrer nofollow\">remeseln\u00fdm<\/a> sp\u00f4sobom.<\/p>\n<p>Zlo\u017eenie: Mu\u0161le, olivov\u00fd olej, v\u00ednny ocot, pr\u00edrodn\u00e9 ar\u00f3my a so\u013e.<\/p>\n<p>Conservas Oti je spolo\u010dnos\u0165 s rodinnou trad\u00edciou, ktorej dobr\u00e1 pr\u00e1ca sa ded\u00ed z gener\u00e1cie na gener\u00e1ciu.<\/p>\n<p>Tvrd\u00e1 pr\u00e1ca a \u00fasilie rodiny umo\u017enili <span class=\"negrita\">spolo\u010dnosti Conservas Oti<\/span> vo ve\u013ekej miere r\u00e1s\u0165 a roz\u0161irova\u0165 sa.<\/p>\n<p>Hlavn\u00fdmi oblas\u0165ami podnikania s\u00fa &#8222;Z mora&#8220;, &#8222;Zo zeme&#8220; a &#8222;Z farmy&#8220;.<\/p>\n<p>Z mora: Mu\u0161le, Ventresca, Sardinillas, Melva&#8230; Oti Mu\u0161le 3 kusy <\/p>\n<p>Medzi miestne produkty patria: c\u00edcer mlie\u010dny, fazu\u013ea biela, fazu\u013ea pinta, \u0161o\u0161ovica pardina&#8230;<\/p>\n<p>Z farmy: \u010dist\u00fd ov\u010d\u00ed syr, \u0161unka Ib\u00e9rico z kukurice, Salchich\u00f3n z kukurice, Chorizo z kukurice,&#8230;<\/p>\n<h4>Hlavn\u00e9 v\u00fdhody konzervovan\u00fdch potrav\u00edn<\/h4>\n<ol>\n<li>Zachov\u00e1vaj\u00fa v\u0161etky v\u00fd\u017eivov\u00e9 vlastnosti samotnej potraviny. Potraviny si zachov\u00e1vaj\u00fa svoju \u010derstvos\u0165. <\/li>\n<li>Pou\u017eit\u00e9 potraviny s\u00fa zdrav\u00e9, a preto vhodn\u00e9 pre optim\u00e1lnu stravu v\u010faka vysok\u00e9mu obsahu vitam\u00ednov a bielkov\u00edn.<\/li>\n<li>Tieto v\u00fdrobky maj\u00fa dlh\u0161iu \u017eivotnos\u0165 (zvy\u010dajne 2-5 rokov).<\/li>\n<li>Konzervy sa ve\u013emi \u013eahko skladuj\u00fa, preto\u017ee ich balenie sa \u013eahko aplikuje.<\/li>\n<\/ol>\n<p>Ak si chcete k\u00fapi\u0165 tuniaka alebo ak\u00fdko\u013evek in\u00fd druh <a href=\"https:\/\/latiendadesami.com\/categoria-producto\/conservas\/\" rel=\"noopener noreferrer nofollow\" target=\"_blank\">konzervy<\/a>, nev\u00e1hajte a pozrite si n\u00e1\u0161 online katal\u00f3g, v ktorom n\u00e1jdete \u0161irok\u00fa ponuku <a href=\"https:\/\/latiendadesami.com\/categoria-producto\/conservas\/atun-y-bonito\/\" target=\"_blank\" rel=\"noopener noreferrer nofollow\">tuniakov<\/a>.<\/p>\n<p>Nap\u00ed\u0161te n\u00e1m o viac inform\u00e1ci\u00ed.<\/p>\n","protected":false},"excerpt":{"rendered":"<p>Oti Mussels 3 kusy s\u00fa pr\u00edrodn\u00fdm produktom spracovan\u00fdm remeseln\u00fdm sp\u00f4sobom. Zlo\u017eenie: Mu\u0161le, olivov\u00fd olej, v\u00ednny ocot, pr\u00edrodn\u00e9 ar\u00f3my a so\u013e. Conservas Oti je spolo\u010dnos\u0165 s rodinnou trad\u00edciou, ktorej dobr\u00e1 pr\u00e1ca sa ded\u00ed z gener\u00e1cie na gener\u00e1ciu. Tvrd\u00e1 pr\u00e1ca a \u00fasilie rodiny umo\u017enili spolo\u010dnosti Conservas Oti vo ve\u013ekej miere r\u00e1s\u0165 a roz\u0161irova\u0165 sa. Hlavn\u00fdmi oblas\u0165ami podnikania [&hellip;]<\/p>\n","protected":false},"featured_media":22444,"template":"","meta":{"_et_pb_use_builder":"","_et_pb_old_content":"","_et_gb_content_width":""},"product_brand":[1075],"product_cat":[4059,1979],"product_tag":[],"class_list":{"0":"post-22436","1":"product","2":"type-product","3":"status-publish","4":"has-post-thumbnail","6":"product_brand-oti","7":"product_cat-musle-sk-3","8":"product_cat-zachovava-sk","10":"first","11":"outofstock","12":"taxable","13":"shipping-taxable","14":"product-type-variable"},"_links":{"self":[{"href":"https:\/\/myspainfood.com\/sk\/wp-json\/wp\/v2\/product\/22436","targetHints":{"allow":["GET"]}}],"collection":[{"href":"https:\/\/myspainfood.com\/sk\/wp-json\/wp\/v2\/product"}],"about":[{"href":"https:\/\/myspainfood.com\/sk\/wp-json\/wp\/v2\/types\/product"}],"wp:featuredmedia":[{"embeddable":true,"href":"https:\/\/myspainfood.com\/sk\/wp-json\/wp\/v2\/media\/22444"}],"wp:attachment":[{"href":"https:\/\/myspainfood.com\/sk\/wp-json\/wp\/v2\/media?parent=22436"}],"wp:term":[{"taxonomy":"product_brand","embeddable":true,"href":"https:\/\/myspainfood.com\/sk\/wp-json\/wp\/v2\/product_brand?post=22436"},{"taxonomy":"product_cat","embeddable":true,"href":"https:\/\/myspainfood.com\/sk\/wp-json\/wp\/v2\/product_cat?post=22436"},{"taxonomy":"product_tag","embeddable":true,"href":"https:\/\/myspainfood.com\/sk\/wp-json\/wp\/v2\/product_tag?post=22436"}],"curies":[{"name":"wp","href":"https:\/\/api.w.org\/{rel}","templated":true}]}}