{"id":23186,"date":"2025-04-10T12:05:54","date_gmt":"2025-04-10T10:05:54","guid":{"rendered":"https:\/\/myspainfood.com\/producto\/sardinky-oti-925gr\/"},"modified":"2025-04-10T12:05:54","modified_gmt":"2025-04-10T10:05:54","slug":"sardinky-oti-925gr","status":"publish","type":"product","link":"https:\/\/myspainfood.com\/sk\/producto\/sardinky-oti-925gr\/","title":{"rendered":"Sardinky Oti 925gr"},"content":{"rendered":"<p>Conservas Oti vyber\u00e1 najlep\u0161ie sardinky, ktor\u00e9 sa ru\u010dne rozre\u017e\u00fa, zbavia hl\u00e1v a o\u010distia, potom sa ope\u010d\u00fa v pare a zabalia do slne\u010dnicov\u00e9ho oleja. Vynikaj\u00fa atrakt\u00edvnym striebrist\u00fdm vzh\u013eadom, kr\u00e9movou \u0161trukt\u00farou, intenz\u00edvnou rybou chu\u0165ou a skvelou prezent\u00e1ciou. V\u010faka vysok\u00e9mu obsahu omega 3 prispievaj\u00fa k stredomorskej di\u00e9te.  <\/p>\n","protected":false},"excerpt":{"rendered":"<p>Conservas Oti vyber\u00e1 najlep\u0161ie sardinky, ktor\u00e9 sa ru\u010dne rozre\u017e\u00fa, zbavia hl\u00e1v a o\u010distia, potom sa ope\u010d\u00fa v pare a zabalia do slne\u010dnicov\u00e9ho oleja. Vynikaj\u00fa atrakt\u00edvnym striebrist\u00fdm vzh\u013eadom, kr\u00e9movou \u0161trukt\u00farou, intenz\u00edvnou rybou chu\u0165ou a skvelou prezent\u00e1ciou. V\u010faka vysok\u00e9mu obsahu omega 3 prispievaj\u00fa k stredomorskej di\u00e9te.<\/p>\n","protected":false},"featured_media":23190,"template":"","meta":{"_et_pb_use_builder":"","_et_pb_old_content":"","_et_gb_content_width":""},"product_brand":[1075],"product_cat":[3760,1979],"product_tag":[],"class_list":{"0":"post-23186","1":"product","2":"type-product","3":"status-publish","4":"has-post-thumbnail","6":"product_brand-oti","7":"product_cat-sardinillas-sk","8":"product_cat-zachovava-sk","10":"first","11":"outofstock","12":"taxable","13":"shipping-taxable","14":"purchasable","15":"product-type-variable"},"_links":{"self":[{"href":"https:\/\/myspainfood.com\/sk\/wp-json\/wp\/v2\/product\/23186","targetHints":{"allow":["GET"]}}],"collection":[{"href":"https:\/\/myspainfood.com\/sk\/wp-json\/wp\/v2\/product"}],"about":[{"href":"https:\/\/myspainfood.com\/sk\/wp-json\/wp\/v2\/types\/product"}],"wp:featuredmedia":[{"embeddable":true,"href":"https:\/\/myspainfood.com\/sk\/wp-json\/wp\/v2\/media\/23190"}],"wp:attachment":[{"href":"https:\/\/myspainfood.com\/sk\/wp-json\/wp\/v2\/media?parent=23186"}],"wp:term":[{"taxonomy":"product_brand","embeddable":true,"href":"https:\/\/myspainfood.com\/sk\/wp-json\/wp\/v2\/product_brand?post=23186"},{"taxonomy":"product_cat","embeddable":true,"href":"https:\/\/myspainfood.com\/sk\/wp-json\/wp\/v2\/product_cat?post=23186"},{"taxonomy":"product_tag","embeddable":true,"href":"https:\/\/myspainfood.com\/sk\/wp-json\/wp\/v2\/product_tag?post=23186"}],"curies":[{"name":"wp","href":"https:\/\/api.w.org\/{rel}","templated":true}]}}