{"id":24475,"date":"2025-04-10T12:06:37","date_gmt":"2025-04-10T10:06:37","guid":{"rendered":"https:\/\/myspainfood.com\/producto\/articokove-srdiecka-tudela-articoky-v-polovickach-chzo\/"},"modified":"2025-09-02T10:38:15","modified_gmt":"2025-09-02T08:38:15","slug":"articokove-srdiecka-tudela-articoky-v-polovickach-chzo","status":"publish","type":"product","link":"https:\/\/myspainfood.com\/sk\/producto\/articokove-srdiecka-tudela-articoky-v-polovickach-chzo\/","title":{"rendered":"Arti\u010dokov\u00e9 srdie\u010dka Tudela arti\u010doky v polovi\u010dk\u00e1ch CHZO"},"content":{"rendered":"","protected":false},"excerpt":{"rendered":"<p>Arti\u010dokov\u00e9 srdie\u010dka arti\u010dokov Tudela v polovi\u010dk\u00e1ch<\/p>\n","protected":false},"featured_media":24481,"template":"","meta":{"_et_pb_use_builder":"","_et_pb_old_content":"","_et_gb_content_width":""},"product_brand":[1129],"product_cat":[4637,1979],"product_tag":[4638],"class_list":{"0":"post-24475","1":"product","2":"type-product","3":"status-publish","4":"has-post-thumbnail","6":"product_brand-mateo","7":"product_cat-articoky","8":"product_cat-zachovava-sk","9":"product_tag-srdcia","11":"first","12":"outofstock","13":"taxable","14":"shipping-taxable","15":"product-type-variable"},"_links":{"self":[{"href":"https:\/\/myspainfood.com\/sk\/wp-json\/wp\/v2\/product\/24475","targetHints":{"allow":["GET"]}}],"collection":[{"href":"https:\/\/myspainfood.com\/sk\/wp-json\/wp\/v2\/product"}],"about":[{"href":"https:\/\/myspainfood.com\/sk\/wp-json\/wp\/v2\/types\/product"}],"wp:featuredmedia":[{"embeddable":true,"href":"https:\/\/myspainfood.com\/sk\/wp-json\/wp\/v2\/media\/24481"}],"wp:attachment":[{"href":"https:\/\/myspainfood.com\/sk\/wp-json\/wp\/v2\/media?parent=24475"}],"wp:term":[{"taxonomy":"product_brand","embeddable":true,"href":"https:\/\/myspainfood.com\/sk\/wp-json\/wp\/v2\/product_brand?post=24475"},{"taxonomy":"product_cat","embeddable":true,"href":"https:\/\/myspainfood.com\/sk\/wp-json\/wp\/v2\/product_cat?post=24475"},{"taxonomy":"product_tag","embeddable":true,"href":"https:\/\/myspainfood.com\/sk\/wp-json\/wp\/v2\/product_tag?post=24475"}],"curies":[{"name":"wp","href":"https:\/\/api.w.org\/{rel}","templated":true}]}}