{"id":25116,"date":"2025-04-10T12:05:46","date_gmt":"2025-04-10T10:05:46","guid":{"rendered":"https:\/\/myspainfood.com\/producto\/uhorky-plnene-sardelou-2-kg-nie\/"},"modified":"2025-06-25T13:30:58","modified_gmt":"2025-06-25T11:30:58","slug":"uhorky-plnene-sardelou-2-kg-nie","status":"publish","type":"product","link":"https:\/\/myspainfood.com\/sk\/producto\/uhorky-plnene-sardelou-2-kg-nie\/","title":{"rendered":"Uhorky plnen\u00e9 sardelou 2 kg nie"},"content":{"rendered":"<p>Uhorka plnen\u00e1 sardelou 2 kg - uhorka, sardely, cibu\u013ea, olivy, korenie, so\u013e. Na vychutnanie ako <a href=\"https:\/\/www.google.com\/search?q=pepinillos+rellenos+de+anchoa&amp;sxsrf=APq-WBt_i-Tka1Uv3POveVZqwLAkAbPIVg:1644316240904&amp;source=lnms&amp;tbm=isch&amp;sa=X&amp;ved=2ahUKEwj7or-r8-_1AhXO57sIHTYYAU0Q_AUoAXoECAEQAw&amp;biw=1577&amp;bih=780&amp;dpr=1\" target=\"_blank\" rel=\"noopener noreferrer nofollow\">predjedlo<\/a>. <\/p>\n<p>Zmes chut\u00ed, ktor\u00e9 poskytuj\u00fa ingrediencie spolu s pr\u00edmesou octu, mu dod\u00e1va zvl\u00e1\u0161tnu chu\u0165, ktor\u00e1 je ve\u013emi pr\u00edjemn\u00e1 pre chu\u0165ov\u00e9 bunky.<\/p>\n<p>Uhorky s\u00fa ob\u010derstven\u00edm, ktor\u00e9 posil\u0148uje imunitn\u00fd syst\u00e9m, \u010do znamen\u00e1, \u017ee podporuj\u00fa obranyschopnos\u0165 organizmu a celkov\u00e9 zdravie.<\/p>\n<h3><strong>V\u00fdhody sardelovej plnenej uhorky 2 kg<\/strong><\/h3>\n<p>Vedeli ste o v\u00fdhod\u00e1ch nakladan\u00fdch uhoriek vo v\u0161eobecnosti? Tu je zoznam t\u00fdch najd\u00f4le\u017eitej\u0161\u00edch: <\/p>\n<ul>\n<li>Bohat\u00fd na probiotik\u00e1.<\/li>\n<li>Napom\u00e1haj\u00fa tr\u00e1veniu.<\/li>\n<li>Posil\u0148uj\u00fa imunitn\u00fd syst\u00e9m.<\/li>\n<li>Zni\u017euj\u00fa chu\u0165 na cukor.<\/li>\n<li>Priaznivo p\u00f4sob\u00ed na \u017el\u010dn\u00edk.<\/li>\n<\/ul>\n<p>Ak si chcete k\u00fapi\u0165 olivy alebo in\u00fd druh <a href=\"https:\/\/latiendadesami.com\/categoria-producto\/encurtidos\/\" rel=\"noopener noreferrer nofollow\" target=\"_blank\">uhoriek<\/a>, nev\u00e1hajte a pozrite si n\u00e1\u0161 online katal\u00f3g, v ktorom n\u00e1jdete \u0161irok\u00fa ponuku <a href=\"https:\/\/latiendadesami.com\/categoria-producto\/encurtidos\/pepinillos\/\" target=\"_blank\" rel=\"noopener noreferrer nofollow\">uhoriek<\/a>.<\/p>\n","protected":false},"excerpt":{"rendered":"<p>Uhorka plnen\u00e1 sardelou 2 kg - uhorka, sardely, cibu\u013ea, olivy, korenie, so\u013e. Na vychutnanie ako predjedlo. Zmes chut\u00ed, ktor\u00e9 poskytuj\u00fa ingrediencie spolu s pr\u00edmesou octu, mu dod\u00e1va zvl\u00e1\u0161tnu chu\u0165, ktor\u00e1 je ve\u013emi pr\u00edjemn\u00e1 pre chu\u0165ov\u00e9 bunky. Uhorky s\u00fa ob\u010derstven\u00edm, ktor\u00e9 posil\u0148uje imunitn\u00fd syst\u00e9m, \u010do znamen\u00e1, \u017ee podporuj\u00fa obranyschopnos\u0165 organizmu a celkov\u00e9 zdravie. V\u00fdhody sardelovej plnenej [&hellip;]<\/p>\n","protected":false},"featured_media":25118,"template":"","meta":{"_et_pb_use_builder":"","_et_pb_old_content":"","_et_gb_content_width":""},"product_brand":[1069],"product_cat":[1820,2012,1728],"product_tag":[4943,2032],"class_list":{"0":"post-25116","1":"product","2":"type-product","3":"status-publish","4":"has-post-thumbnail","6":"product_brand-sangar","7":"product_cat-studena","8":"product_cat-uhorky-sk","9":"product_cat-uhorky","10":"product_tag-ancovicky","11":"product_tag-gherkin-sk","12":"product_shipping_class-zasielka-za-studena","14":"first","15":"instock","16":"taxable","17":"shipping-taxable","18":"purchasable","19":"product-type-simple"},"_links":{"self":[{"href":"https:\/\/myspainfood.com\/sk\/wp-json\/wp\/v2\/product\/25116","targetHints":{"allow":["GET"]}}],"collection":[{"href":"https:\/\/myspainfood.com\/sk\/wp-json\/wp\/v2\/product"}],"about":[{"href":"https:\/\/myspainfood.com\/sk\/wp-json\/wp\/v2\/types\/product"}],"wp:featuredmedia":[{"embeddable":true,"href":"https:\/\/myspainfood.com\/sk\/wp-json\/wp\/v2\/media\/25118"}],"wp:attachment":[{"href":"https:\/\/myspainfood.com\/sk\/wp-json\/wp\/v2\/media?parent=25116"}],"wp:term":[{"taxonomy":"product_brand","embeddable":true,"href":"https:\/\/myspainfood.com\/sk\/wp-json\/wp\/v2\/product_brand?post=25116"},{"taxonomy":"product_cat","embeddable":true,"href":"https:\/\/myspainfood.com\/sk\/wp-json\/wp\/v2\/product_cat?post=25116"},{"taxonomy":"product_tag","embeddable":true,"href":"https:\/\/myspainfood.com\/sk\/wp-json\/wp\/v2\/product_tag?post=25116"}],"curies":[{"name":"wp","href":"https:\/\/api.w.org\/{rel}","templated":true}]}}