{"id":25287,"date":"2025-04-10T12:05:46","date_gmt":"2025-04-10T10:05:46","guid":{"rendered":"https:\/\/myspainfood.com\/producto\/bez-kosti-45-kg\/"},"modified":"2025-09-02T10:46:40","modified_gmt":"2025-09-02T08:46:40","slug":"bez-kosti-45-kg","status":"publish","type":"product","link":"https:\/\/myspainfood.com\/sk\/producto\/bez-kosti-45-kg\/","title":{"rendered":"Bez kost\u00ed 4,5 kg"},"content":{"rendered":"<p>Olivy bez k\u00f4stok 4,5 kg maj\u00fa zelen\u00fa farbu a s\u00fa <a href=\"https:\/\/www.google.com\/search?q=aceitunas+deshuesadas&amp;sxsrf=APq-WBvbn4FM7rlwj2SbPE3GYq4nrKA1Ug:1644314369924&amp;source=lnms&amp;tbm=isch&amp;sa=X&amp;ved=2ahUKEwjE56uv7O_1AhWrgf0HHWvsDTUQ_AUoAXoECAEQAw&amp;biw=1577&amp;bih=780&amp;dpr=1\" target=\"_blank\" rel=\"noopener noreferrer nofollow\">bez k\u00f4stok<\/a>. Zachov\u00e1va si svoj p\u00f4vodn\u00fd tvar. <\/p>\n<p>Je to ve\u013emi zdrav\u00fd doplnok na\u0161ej tradi\u010dnej v\u00fd\u017eivnej stredomorskej stravy.<\/p>\n<p>V \u0160panielsku n\u00e1jdeme olivy, uhorky, bakla\u017e\u00e1ny almagro, mrkvu, cibu\u013eu, ve\u013emi tradi\u010dn\u00e9 kapary, cesnak alebo dokonca ich zmes.<\/p>\n<p>\u010casto sa pod\u00e1vaj\u00fa ako tapas k pivu (nie k v\u00ednu kv\u00f4li obsahu octu).<\/p>\n<p>Nakladan\u00e9 uhorky sa z prastarej techniky konzervovania potrav\u00edn na celom svete stali jedn\u00fdm z najob\u013e\u00fabenej\u0161\u00edch tapas alebo predjed\u00e1l v \u0161panielskej gastron\u00f3mii.<\/p>\n<h3>V\u00fdhody ol\u00edv bez k\u00f4stok 4,5 kg<\/h3>\n<p>Vedeli ste, \u017ee tieto olivy maj\u00fa viacero v\u00fdhod? S\u00fa ve\u013emi \u00fa\u010dinn\u00e9 pri prevencii srdcov\u00fdch a obehov\u00fdch ochoren\u00ed vo v\u0161eobecnosti. <\/p>\n<p>Je to sp\u00f4soben\u00e9 vysok\u00fdm obsahom nenas\u00fdten\u00fdch tukov. Okrem toho je to potravina, ktor\u00e1 obsahuje ve\u013ea \u017eeleza a vl\u00e1kniny a je ve\u013emi s\u00fdta, \u010do z nej rob\u00ed ide\u00e1lnu desiatu. <\/p>\n<p>Ak si chcete k\u00fapi\u0165 olivy alebo in\u00fd druh <a href=\"https:\/\/latiendadesami.com\/categoria-producto\/encurtidos\/\" rel=\"noopener noreferrer nofollow\" target=\"_blank\">uhoriek<\/a>, nev\u00e1hajte a pozrite si n\u00e1\u0161 online katal\u00f3g, v ktorom n\u00e1jdete \u0161irok\u00fa ponuku <a href=\"https:\/\/latiendadesami.com\/categoria-producto\/encurtidos\/aceitunas\/\" target=\"_blank\" rel=\"noopener noreferrer nofollow\">ol\u00edv<\/a>.<\/p>\n<p>Pre viac inform\u00e1ci\u00ed o celom na\u0161om sortimente n\u00e1m m\u00f4\u017eete nap\u00edsa\u0165.<\/p>\n","protected":false},"excerpt":{"rendered":"<p>Olivy bez k\u00f4stok 4,5 kg maj\u00fa zelen\u00fa farbu a s\u00fa bez k\u00f4stok. Zachov\u00e1va si svoj p\u00f4vodn\u00fd tvar. Je to ve\u013emi zdrav\u00fd doplnok na\u0161ej tradi\u010dnej v\u00fd\u017eivnej stredomorskej stravy. V \u0160panielsku n\u00e1jdeme olivy, uhorky, bakla\u017e\u00e1ny almagro, mrkvu, cibu\u013eu, ve\u013emi tradi\u010dn\u00e9 kapary, cesnak alebo dokonca ich zmes. \u010casto sa pod\u00e1vaj\u00fa ako tapas k pivu (nie k v\u00ednu kv\u00f4li [&hellip;]<\/p>\n","protected":false},"featured_media":25292,"template":"","meta":{"_et_pb_use_builder":"","_et_pb_old_content":"","_et_gb_content_width":""},"product_brand":[1069],"product_cat":[1730,1728],"product_tag":[5169],"class_list":{"0":"post-25287","1":"product","2":"type-product","3":"status-publish","4":"has-post-thumbnail","6":"product_brand-sangar","7":"product_cat-olivy","8":"product_cat-uhorky","9":"product_tag-bez-kosti","11":"first","12":"outofstock","13":"taxable","14":"shipping-taxable","15":"product-type-variable"},"_links":{"self":[{"href":"https:\/\/myspainfood.com\/sk\/wp-json\/wp\/v2\/product\/25287","targetHints":{"allow":["GET"]}}],"collection":[{"href":"https:\/\/myspainfood.com\/sk\/wp-json\/wp\/v2\/product"}],"about":[{"href":"https:\/\/myspainfood.com\/sk\/wp-json\/wp\/v2\/types\/product"}],"wp:featuredmedia":[{"embeddable":true,"href":"https:\/\/myspainfood.com\/sk\/wp-json\/wp\/v2\/media\/25292"}],"wp:attachment":[{"href":"https:\/\/myspainfood.com\/sk\/wp-json\/wp\/v2\/media?parent=25287"}],"wp:term":[{"taxonomy":"product_brand","embeddable":true,"href":"https:\/\/myspainfood.com\/sk\/wp-json\/wp\/v2\/product_brand?post=25287"},{"taxonomy":"product_cat","embeddable":true,"href":"https:\/\/myspainfood.com\/sk\/wp-json\/wp\/v2\/product_cat?post=25287"},{"taxonomy":"product_tag","embeddable":true,"href":"https:\/\/myspainfood.com\/sk\/wp-json\/wp\/v2\/product_tag?post=25287"}],"curies":[{"name":"wp","href":"https:\/\/api.w.org\/{rel}","templated":true}]}}