{"id":25413,"date":"2025-04-10T12:05:47","date_gmt":"2025-04-10T10:05:47","guid":{"rendered":"https:\/\/myspainfood.com\/producto\/okurka-225-kg-cistej-hmotnosti\/"},"modified":"2026-04-20T18:49:22","modified_gmt":"2026-04-20T16:49:22","slug":"okurka-225-kg-cistej-hmotnosti","status":"publish","type":"product","link":"https:\/\/myspainfood.com\/sk\/producto\/okurka-225-kg-cistej-hmotnosti\/","title":{"rendered":"Okurka 2,25 kg \u010distej hmotnosti"},"content":{"rendered":"<p>Okurky s hmotnos\u0165ou 2,25 kg netto - iba s vodou a so\u013eou z uhoriek z\u00edskate jednu z najchutnej\u0161\u00edch <a href=\"https:\/\/www.google.com\/search?q=pepinillos+gordos&amp;tbm=isch&amp;ved=2ahUKEwj6xNCv8-_1AhWXiP0HHcNGC0QQ2-cCegQIABAA&amp;oq=pepinillos+gordos&amp;gs_lcp=CgNpbWcQA1DZFVjlJ2DcK2gAcAB4AIABYYgB4wqSAQIxOJgBAKABAaoBC2d3cy13aXotaW1nwAEB&amp;sclient=img&amp;ei=WUYCYrq0IpeR9u8Pw42toAQ&amp;bih=780&amp;biw=1577\" target=\"_blank\" rel=\"noopener noreferrer nofollow\">poch\u00fa\u0165ok<\/a> v\u00f4bec.<\/p>\n<p>Zmes chut\u00ed, ktor\u00e9 poskytuj\u00fa ingrediencie spolu s pr\u00edmesou octu, mu dod\u00e1va zvl\u00e1\u0161tnu chu\u0165, ktor\u00e1 je ve\u013emi pr\u00edjemn\u00e1 pre chu\u0165ov\u00e9 bunky.<\/p>\n<p>Uhorky s\u00fa ob\u010derstven\u00edm, ktor\u00e9 posil\u0148uje imunitn\u00fd syst\u00e9m, \u010do znamen\u00e1, \u017ee podporuj\u00fa obranyschopnos\u0165 organizmu a celkov\u00e9 zdravie.<\/p>\n<h3><strong>V\u00fdhody hmotnosti uhorky 2,25 kg \u010distej hmotnosti<\/strong><\/h3>\n<p>Vedeli ste o v\u00fdhod\u00e1ch nakladan\u00fdch uhoriek vo v\u0161eobecnosti? Tu je zoznam t\u00fdch najd\u00f4le\u017eitej\u0161\u00edch: <\/p>\n<ul>\n<li>Bohat\u00fd na probiotik\u00e1.<\/li>\n<li>Napom\u00e1haj\u00fa tr\u00e1veniu.<\/li>\n<li>Posil\u0148uj\u00fa imunitn\u00fd syst\u00e9m.<\/li>\n<li>Zni\u017euj\u00fa chu\u0165 na cukor.<\/li>\n<li>Priaznivo p\u00f4sob\u00ed na \u017el\u010dn\u00edk.<\/li>\n<\/ul>\n<p>Ak si chcete k\u00fapi\u0165 olivy alebo in\u00fd druh <a href=\"https:\/\/latiendadesami.com\/categoria-producto\/encurtidos\/\" rel=\"noopener noreferrer nofollow\" target=\"_blank\">uhoriek<\/a>, nev\u00e1hajte a pozrite si n\u00e1\u0161 online katal\u00f3g, v ktorom n\u00e1jdete \u0161irok\u00fa ponuku <a href=\"https:\/\/latiendadesami.com\/categoria-producto\/encurtidos\/pepinillos\/\" target=\"_blank\" rel=\"noopener noreferrer nofollow\">uhoriek<\/a>.<\/p>\n","protected":false},"excerpt":{"rendered":"<p>Okurky s hmotnos\u0165ou 2,25 kg netto - iba s vodou a so\u013eou z uhoriek z\u00edskate jednu z najchutnej\u0161\u00edch poch\u00fa\u0165ok v\u00f4bec. Zmes chut\u00ed, ktor\u00e9 poskytuj\u00fa ingrediencie spolu s pr\u00edmesou octu, mu dod\u00e1va zvl\u00e1\u0161tnu chu\u0165, ktor\u00e1 je ve\u013emi pr\u00edjemn\u00e1 pre chu\u0165ov\u00e9 bunky. Uhorky s\u00fa ob\u010derstven\u00edm, ktor\u00e9 posil\u0148uje imunitn\u00fd syst\u00e9m, \u010do znamen\u00e1, \u017ee podporuj\u00fa obranyschopnos\u0165 organizmu a celkov\u00e9 [&hellip;]<\/p>\n","protected":false},"featured_media":25414,"template":"","meta":{"_et_pb_use_builder":"","_et_pb_old_content":"","_et_gb_content_width":""},"product_brand":[],"product_cat":[2012,1728],"product_tag":[2032],"class_list":{"0":"post-25413","1":"product","2":"type-product","3":"status-publish","4":"has-post-thumbnail","6":"product_cat-uhorky-sk","7":"product_cat-uhorky","8":"product_tag-gherkin-sk","10":"first","11":"instock","12":"taxable","13":"shipping-taxable","14":"purchasable","15":"product-type-simple"},"_links":{"self":[{"href":"https:\/\/myspainfood.com\/sk\/wp-json\/wp\/v2\/product\/25413","targetHints":{"allow":["GET"]}}],"collection":[{"href":"https:\/\/myspainfood.com\/sk\/wp-json\/wp\/v2\/product"}],"about":[{"href":"https:\/\/myspainfood.com\/sk\/wp-json\/wp\/v2\/types\/product"}],"wp:featuredmedia":[{"embeddable":true,"href":"https:\/\/myspainfood.com\/sk\/wp-json\/wp\/v2\/media\/25414"}],"wp:attachment":[{"href":"https:\/\/myspainfood.com\/sk\/wp-json\/wp\/v2\/media?parent=25413"}],"wp:term":[{"taxonomy":"product_brand","embeddable":true,"href":"https:\/\/myspainfood.com\/sk\/wp-json\/wp\/v2\/product_brand?post=25413"},{"taxonomy":"product_cat","embeddable":true,"href":"https:\/\/myspainfood.com\/sk\/wp-json\/wp\/v2\/product_cat?post=25413"},{"taxonomy":"product_tag","embeddable":true,"href":"https:\/\/myspainfood.com\/sk\/wp-json\/wp\/v2\/product_tag?post=25413"}],"curies":[{"name":"wp","href":"https:\/\/api.w.org\/{rel}","templated":true}]}}