{"id":26579,"date":"2025-04-10T12:07:09","date_gmt":"2025-04-10T10:07:09","guid":{"rendered":"https:\/\/myspainfood.com\/producto\/kohuty-serie-oro-20-30-kusov\/"},"modified":"2025-04-10T12:07:09","modified_gmt":"2025-04-10T10:07:09","slug":"kohuty-serie-oro-20-30-kusov","status":"publish","type":"product","link":"https:\/\/myspainfood.com\/sk\/producto\/kohuty-serie-oro-20-30-kusov\/","title":{"rendered":"Koh\u00faty s\u00e9rie ORO 20\/30 kusov"},"content":{"rendered":"<p>S\u00e9ria <a href=\"https:\/\/conservasarlequin.com\/serie-oro\/\" target=\"_blank\" rel=\"noopener noreferrer nofollow\">Arlequ\u00edn<\/a> Golden Cockles 00 je konzervovan\u00fd v\u00fdrobok vyr\u00e1ban\u00fd tradi\u010dn\u00fdm sp\u00f4sobom.<\/p>\n<p><strong>\u010cist\u00e1 hmotnos\u0165:<\/strong> 113g\/63g<\/p>\n<p><strong>Trvanlivos\u0165<\/strong>: 4 roky<\/p>\n<p><strong>Ochrana pr\u00edrody:<\/strong> \u017eivotn\u00e9 prostredie<\/p>\n<p><strong>Po\u010det filetov\/po\u010det kusov:<\/strong> 20\/30<\/p>\n<p>Poslan\u00edm spolo\u010dnosti Conservas Arlequ\u00edn je pon\u00faka\u0165 skvel\u00fd v\u00fdrobok, najlep\u0161ie slu\u017eby a \u0161irok\u00fd sortiment ryb\u00edch konzerv za najlep\u0161iu cenu. Poslan\u00edm spolo\u010dnosti Conservas <a href=\"https:\/\/latiendadesami.com\/marca\/arlequin\/\" target=\"_blank\" rel=\"noopener noreferrer nofollow\">Arlequ\u00edn<\/a> je pon\u00faka\u0165 skvel\u00fd v\u00fdrobok, najlep\u0161ie slu\u017eby a \u0161irok\u00fd sortiment ryb\u00edch konzerv za najlep\u0161iu cenu.<\/p>\n<p>\u0160pecializuj\u00fa sa tie\u017e na sardely, koh\u00faty, an\u010dovi\u010dky, sardely, tuniaka, \u013eahk\u00e9ho tuniaka, mu\u0161le, makrely a sardinky.<\/p>\n<p>Napr\u00edklad Comidista v novin\u00e1ch El Pa\u00eds o ventresce povedal: &#8222;Je tak\u00e1 jemn\u00e1, takmer kr\u00e9mov\u00e1, \u017ee sa s \u0148ou chcete o\u017eeni\u0165 a \u017ei\u0165 \u0161\u0165astne, k\u00fdm si v\u00e1s P\u00e1n vezme.&#8220;<\/p>\n<h4>Hlavn\u00e9 v\u00fdhody konzervovan\u00fdch potrav\u00edn<\/h4>\n<ol>\n<li>Zachov\u00e1vaj\u00fa v\u0161etky v\u00fd\u017eivov\u00e9 vlastnosti samotnej potraviny. Potraviny si zachov\u00e1vaj\u00fa svoju \u010derstvos\u0165. <\/li>\n<li>Pou\u017eit\u00e9 potraviny s\u00fa zdrav\u00e9, a preto vhodn\u00e9 pre optim\u00e1lnu stravu v\u010faka vysok\u00e9mu obsahu vitam\u00ednov a bielkov\u00edn.<\/li>\n<li>Tieto v\u00fdrobky maj\u00fa dlh\u0161iu \u017eivotnos\u0165 (zvy\u010dajne 2-5 rokov).<\/li>\n<li>Konzervy sa ve\u013emi \u013eahko skladuj\u00fa, preto\u017ee ich balenie sa \u013eahko aplikuje.<\/li>\n<\/ol>\n<p>Ak si chcete k\u00fapi\u0165 tuniaka alebo ak\u00fdko\u013evek in\u00fd druh <a href=\"https:\/\/latiendadesami.com\/categoria-producto\/conservas\/\" rel=\"noopener noreferrer nofollow\" target=\"_blank\">konzervy<\/a>, nev\u00e1hajte a pozrite si n\u00e1\u0161 online katal\u00f3g, v ktorom n\u00e1jdete \u0161irok\u00fa ponuku <a href=\"https:\/\/latiendadesami.com\/categoria-producto\/conservas\/atun-y-bonito\/\" target=\"_blank\" rel=\"noopener noreferrer nofollow\">tuniakov<\/a>.<\/p>\n<p>Nap\u00ed\u0161te n\u00e1m o viac inform\u00e1ci\u00ed.<\/p>\n","protected":false},"excerpt":{"rendered":"<p><strong>Z R\u00eda de Noia<\/p>\n<p>Vybran\u00e1 kvalita<\/strong><\/p>\n<p><strong>Po\u010det kusov:<\/strong> 15\/25 kusov<\/p>\n<p><strong>\u010cist\u00e1 hmotnos\u0165:<\/strong> 113 g<\/p>\n<p><strong>Hmotnos\u0165 po vysu\u0161en\u00ed <\/strong>: 63 g<\/p>\n<p><strong>Zlo\u017eenie: <\/strong><em>(<\/em> E330, E331) a antioxidant (E385).<\/p>\n<p><strong>Alerg\u00e9ny:<\/strong> <em>Obsahuje m\u00e4kk\u00fd\u0161e, koh\u00faty.<\/em><\/p>\n<p>Uchov\u00e1vajte pri izbovej teplote.<\/p>\n<p>Po otvoren\u00ed sa odpor\u00fa\u010da konzumova\u0165 vcelku.<\/p>\n","protected":false},"featured_media":26584,"template":"","meta":{"_et_pb_use_builder":"","_et_pb_old_content":"","_et_gb_content_width":""},"product_brand":[1162],"product_cat":[5668,1979],"product_tag":[5622],"class_list":{"0":"post-26579","1":"product","2":"type-product","3":"status-publish","4":"has-post-thumbnail","6":"product_brand-arlequin","7":"product_cat-kohuty","8":"product_cat-zachovava-sk","9":"product_tag-serieoro-sk","11":"first","12":"outofstock","13":"sale","14":"taxable","15":"shipping-taxable","16":"purchasable","17":"product-type-simple"},"_links":{"self":[{"href":"https:\/\/myspainfood.com\/sk\/wp-json\/wp\/v2\/product\/26579","targetHints":{"allow":["GET"]}}],"collection":[{"href":"https:\/\/myspainfood.com\/sk\/wp-json\/wp\/v2\/product"}],"about":[{"href":"https:\/\/myspainfood.com\/sk\/wp-json\/wp\/v2\/types\/product"}],"wp:featuredmedia":[{"embeddable":true,"href":"https:\/\/myspainfood.com\/sk\/wp-json\/wp\/v2\/media\/26584"}],"wp:attachment":[{"href":"https:\/\/myspainfood.com\/sk\/wp-json\/wp\/v2\/media?parent=26579"}],"wp:term":[{"taxonomy":"product_brand","embeddable":true,"href":"https:\/\/myspainfood.com\/sk\/wp-json\/wp\/v2\/product_brand?post=26579"},{"taxonomy":"product_cat","embeddable":true,"href":"https:\/\/myspainfood.com\/sk\/wp-json\/wp\/v2\/product_cat?post=26579"},{"taxonomy":"product_tag","embeddable":true,"href":"https:\/\/myspainfood.com\/sk\/wp-json\/wp\/v2\/product_tag?post=26579"}],"curies":[{"name":"wp","href":"https:\/\/api.w.org\/{rel}","templated":true}]}}