{"id":26797,"date":"2025-04-10T12:07:39","date_gmt":"2025-04-10T10:07:39","guid":{"rendered":"https:\/\/myspainfood.com\/producto\/zrejuci-kozi-syr-s-paprikou-cca-320gr\/"},"modified":"2025-06-24T14:08:25","modified_gmt":"2025-06-24T12:08:25","slug":"zrejuci-kozi-syr-s-paprikou-cca-320gr","status":"publish","type":"product","link":"https:\/\/myspainfood.com\/sk\/producto\/zrejuci-kozi-syr-s-paprikou-cca-320gr\/","title":{"rendered":"Zrej\u00faci koz\u00ed syr s paprikou cca 320gr"},"content":{"rendered":"<p>Zrej\u00faci koz\u00ed syr s paprikou cca 320gr vyr\u00e1ba Queser\u00eda El <a href=\"https:\/\/www.facebook.com\/Queser%C3%ADa-El-Manjar-1564604537177140\/\" target=\"_blank\" rel=\"noopener noreferrer nofollow\">Manjar<\/a>.<\/p>\n<p>T\u00e1to syr\u00e1re\u0148 sa nach\u00e1dza v meste Velada v Tolede, ne\u010faleko mesta Talavera de la Reina.<\/p>\n<p>Vyr\u00e1ba sa z pasterizovan\u00e9ho mlieka a na k\u00f4re je pokryt\u00fd vrstvou papriky, ktor\u00e1 mu dod\u00e1va osobitn\u00fa a nezamenite\u013en\u00fa chu\u0165.<\/p>\n<p>Okrem paprikovo zrej\u00faceho kozieho syra obsahuje katal\u00f3g v\u00fdrobkov aj r\u00f4zne in\u00e9 syry, napr\u00edklad \u010derstv\u00e9 syry.<\/p>\n<p>V\u0161etky v\u00fdrobky sa vyr\u00e1baj\u00fa ru\u010dne tradi\u010dn\u00fdm sp\u00f4sobom. Pribli\u017en\u00e1 hmotnos\u0165 ka\u017edej porcie je 320 gramov. <\/p>\n<p>Tento v\u00fdrobok sa mus\u00ed uchov\u00e1va\u0165 v chlade od 0\u00ba do 8\u00ba.<\/p>\n<p>Koz\u00ed syr, presnej\u0161ie syr z kozieho mlieka, je zn\u00e1my ako ch\u00e8vre (\u010do je franc\u00fazsky v\u00fdraz pre kozu) a je to n\u00e1zov pre v\u0161etky syry vyroben\u00e9 z kozieho mlieka.<\/p>\n<p>Koz\u00ed syr sa vyr\u00e1ba u\u017e tis\u00edce rokov a pravdepodobne bol jedn\u00fdm z prv\u00fdch mlie\u010dnych v\u00fdrobkov. V najjednoduch\u0161ej forme sa koz\u00ed syr pripravuje tak, \u017ee sa surov\u00e9 mlieko prirodzene nakr\u00e1ja, potom sa sced\u00ed a syrenina sa lisuje. <\/p>\n<p>Ak si chcete k\u00fapi\u0165 in\u00e9 syry alebo in\u00e9 druhy <a href=\"https:\/\/latiendadesami.com\/\" rel=\"noopener noreferrer nofollow\" target=\"_blank\">potrav\u00edn<\/a>, nev\u00e1hajte a pozrite si n\u00e1\u0161 online katal\u00f3g, v ktorom n\u00e1jdete \u0161irok\u00fa ponuku produktov.<\/p>\n<p>Nap\u00ed\u0161te n\u00e1m o viac inform\u00e1ci\u00ed.<\/p>\n","protected":false},"excerpt":{"rendered":"<p>Zrej\u00faci koz\u00ed syr s paprikou cca 320gr vyr\u00e1ba Queser\u00eda El Manjar. T\u00e1to syr\u00e1re\u0148 sa nach\u00e1dza v meste Velada v Tolede, ne\u010faleko mesta Talavera de la Reina. Vyr\u00e1ba sa z pasterizovan\u00e9ho mlieka a na k\u00f4re je pokryt\u00fd vrstvou papriky, ktor\u00e1 mu dod\u00e1va osobitn\u00fa a nezamenite\u013en\u00fa chu\u0165. Okrem paprikovo zrej\u00faceho kozieho syra obsahuje katal\u00f3g v\u00fdrobkov aj r\u00f4zne [&hellip;]<\/p>\n","protected":false},"featured_media":26799,"template":"","meta":{"_et_pb_use_builder":"","_et_pb_old_content":"","_et_gb_content_width":""},"product_brand":[1246],"product_cat":[5726,1820,2264],"product_tag":[],"class_list":{"0":"post-26797","1":"product","2":"type-product","3":"status-publish","4":"has-post-thumbnail","6":"product_brand-el-manjar","7":"product_cat-liecba-sk","8":"product_cat-studena","9":"product_cat-syr-a-klobasa","10":"product_shipping_class-zasielka-za-studena","12":"first","13":"instock","14":"taxable","15":"shipping-taxable","16":"purchasable","17":"product-type-simple"},"_links":{"self":[{"href":"https:\/\/myspainfood.com\/sk\/wp-json\/wp\/v2\/product\/26797","targetHints":{"allow":["GET"]}}],"collection":[{"href":"https:\/\/myspainfood.com\/sk\/wp-json\/wp\/v2\/product"}],"about":[{"href":"https:\/\/myspainfood.com\/sk\/wp-json\/wp\/v2\/types\/product"}],"wp:featuredmedia":[{"embeddable":true,"href":"https:\/\/myspainfood.com\/sk\/wp-json\/wp\/v2\/media\/26799"}],"wp:attachment":[{"href":"https:\/\/myspainfood.com\/sk\/wp-json\/wp\/v2\/media?parent=26797"}],"wp:term":[{"taxonomy":"product_brand","embeddable":true,"href":"https:\/\/myspainfood.com\/sk\/wp-json\/wp\/v2\/product_brand?post=26797"},{"taxonomy":"product_cat","embeddable":true,"href":"https:\/\/myspainfood.com\/sk\/wp-json\/wp\/v2\/product_cat?post=26797"},{"taxonomy":"product_tag","embeddable":true,"href":"https:\/\/myspainfood.com\/sk\/wp-json\/wp\/v2\/product_tag?post=26797"}],"curies":[{"name":"wp","href":"https:\/\/api.w.org\/{rel}","templated":true}]}}