{"id":26888,"date":"2025-04-10T12:07:32","date_gmt":"2025-04-10T10:07:32","guid":{"rendered":"https:\/\/myspainfood.com\/producto\/soleny-syr-styri-tycinky-cca-25-kg\/"},"modified":"2025-07-31T16:51:17","modified_gmt":"2025-07-31T14:51:17","slug":"soleny-syr-styri-tycinky-cca-25-kg","status":"publish","type":"product","link":"https:\/\/myspainfood.com\/sk\/producto\/soleny-syr-styri-tycinky-cca-25-kg\/","title":{"rendered":"Solen\u00fd syr \u0160tyri ty\u010dinky cca 2,5 kg"},"content":{"rendered":"<p>Syr Cuatro barras sa vyr\u00e1ba z <a href=\"https:\/\/es.wikipedia.org\/wiki\/Queso_de_leche_de_oveja\" target=\"_blank\" rel=\"noopener noreferrer nofollow\">ov\u010dieho mlieka<\/a> a zreje sa pribli\u017ene 12 mesiacov.<\/p>\n<p>Cel\u00fd kus v\u00e1\u017ei pribli\u017ene 2,5 kg.<\/p>\n<p>Syr vyroben\u00fd z pasterizovan\u00e9ho ov\u010dieho mlieka (min. 65 %) a kravsk\u00e9ho mlieka, vynikaj\u00facej chuti, ktor\u00e9ho pevn\u00e1 \u0161trukt\u00fara zv\u00fdraz\u0148uje jeho intenz\u00edvnu chu\u0165. Vynikaj\u00faci syr, ktor\u00fd v\u00e1s nenech\u00e1 \u013eahostajn\u00fdmi. <\/p>\n<p>Odpor\u00fa\u010dame uchov\u00e1va\u0165 na suchom a chladnom mieste pri teplote 4 a\u017e 8 \u00baC, aby sa zlep\u0161ila jeho konzerv\u00e1cia.<\/p>\n<p>Ovce maj\u00fa len dva cecky a produkuj\u00fa ove\u013ea men\u0161\u00ed objem mlieka ako kravy.<\/p>\n<p>Ke\u010f\u017ee ov\u010die mlieko obsahuje ove\u013ea viac tuku, su\u0161iny a miner\u00e1lnych l\u00e1tok ako kravsk\u00e9 mlieko, je ide\u00e1lne na v\u00fdrobu syra.<\/p>\n<p>V\u010faka ove\u013ea vy\u0161\u0161iemu obsahu v\u00e1pnika lep\u0161ie odol\u00e1va aj zne\u010disteniu po\u010das chladenia.<\/p>\n<p>Hoci sa ov\u010die mlieko m\u00f4\u017ee pi\u0165 \u010derstv\u00e9, dnes sa pou\u017e\u00edva najm\u00e4 na v\u00fdrobu syra a jogurtu.<\/p>\n<p>Ak si chcete k\u00fapi\u0165 Queso Curado Cuatro barras alebo ak\u00fdko\u013evek in\u00fd druh <a href=\"https:\/\/latiendadesami.com\/categoria-producto\/queso-embutido\/\" rel=\"noopener noreferrer nofollow\" target=\"_blank\">syra \u010di \u00fadeniny<\/a>, nev\u00e1hajte si pozrie\u0165 n\u00e1\u0161 online katal\u00f3g. M\u00e1me najvy\u0161\u0161iu kvalitu za najlep\u0161iu cenu.<\/p>\n<p>Nap\u00ed\u0161te n\u00e1m, ak chcete z\u00edska\u0165 viac inform\u00e1ci\u00ed alebo m\u00e1te ak\u00e9ko\u013evek ot\u00e1zky t\u00fdkaj\u00face sa tohto alebo in\u00e9ho produktu.<\/p>\n","protected":false},"excerpt":{"rendered":"<p>Syr Cuatro barras sa vyr\u00e1ba z ov\u010dieho mlieka a zreje sa pribli\u017ene 12 mesiacov. Cel\u00fd kus v\u00e1\u017ei pribli\u017ene 2,5 kg. Syr vyroben\u00fd z pasterizovan\u00e9ho ov\u010dieho mlieka (min. 65 %) a kravsk\u00e9ho mlieka, vynikaj\u00facej chuti, ktor\u00e9ho pevn\u00e1 \u0161trukt\u00fara zv\u00fdraz\u0148uje jeho intenz\u00edvnu chu\u0165. Vynikaj\u00faci syr, ktor\u00fd v\u00e1s nenech\u00e1 \u013eahostajn\u00fdmi. Odpor\u00fa\u010dame uchov\u00e1va\u0165 na suchom a chladnom mieste pri [&hellip;]<\/p>\n","protected":false},"featured_media":26896,"template":"","meta":{"_et_pb_use_builder":"","_et_pb_old_content":"","_et_gb_content_width":""},"product_brand":[1234],"product_cat":[5726,1820,2264],"product_tag":[],"class_list":{"0":"post-26888","1":"product","2":"type-product","3":"status-publish","4":"has-post-thumbnail","6":"product_brand-cuatro-barras","7":"product_cat-liecba-sk","8":"product_cat-studena","9":"product_cat-syr-a-klobasa","10":"product_shipping_class-zasielka-za-studena","12":"first","13":"outofstock","14":"taxable","15":"shipping-taxable","16":"product-type-variable"},"_links":{"self":[{"href":"https:\/\/myspainfood.com\/sk\/wp-json\/wp\/v2\/product\/26888","targetHints":{"allow":["GET"]}}],"collection":[{"href":"https:\/\/myspainfood.com\/sk\/wp-json\/wp\/v2\/product"}],"about":[{"href":"https:\/\/myspainfood.com\/sk\/wp-json\/wp\/v2\/types\/product"}],"wp:featuredmedia":[{"embeddable":true,"href":"https:\/\/myspainfood.com\/sk\/wp-json\/wp\/v2\/media\/26896"}],"wp:attachment":[{"href":"https:\/\/myspainfood.com\/sk\/wp-json\/wp\/v2\/media?parent=26888"}],"wp:term":[{"taxonomy":"product_brand","embeddable":true,"href":"https:\/\/myspainfood.com\/sk\/wp-json\/wp\/v2\/product_brand?post=26888"},{"taxonomy":"product_cat","embeddable":true,"href":"https:\/\/myspainfood.com\/sk\/wp-json\/wp\/v2\/product_cat?post=26888"},{"taxonomy":"product_tag","embeddable":true,"href":"https:\/\/myspainfood.com\/sk\/wp-json\/wp\/v2\/product_tag?post=26888"}],"curies":[{"name":"wp","href":"https:\/\/api.w.org\/{rel}","templated":true}]}}