{"id":27663,"date":"2025-04-10T12:07:50","date_gmt":"2025-04-10T10:07:50","guid":{"rendered":"https:\/\/myspainfood.com\/producto\/cierny-puding-carzorlas-gourmet-320-gr\/"},"modified":"2025-04-10T12:07:50","modified_gmt":"2025-04-10T10:07:50","slug":"cierny-puding-carzorlas-gourmet-320-gr","status":"publish","type":"product","link":"https:\/\/myspainfood.com\/sk\/producto\/cierny-puding-carzorlas-gourmet-320-gr\/","title":{"rendered":"\u010cierny puding Carzorla&#8217;s Gourmet 320 gr"},"content":{"rendered":"<pre>Morcilla de caldera Gourmet de Carzorla<\/pre>\n<p>Nie je to ni\u010d in\u00e9 ako nenaplnen\u00e9 \u010dierne pudingov\u00e9 cesto uvaren\u00e9 v kotl\u00edku. M\u00f4\u017eete ho pou\u017ei\u0165 ako n\u00e1pl\u0148 do pirohov, knedl\u00ed, hrianok alebo ako pokrm, v ktorom si m\u00f4\u017eete &#8222;namo\u010di\u0165&#8220; chlieb. <\/p>\n","protected":false},"excerpt":{"rendered":"<p>Morcilla de caldera Gourmet de Carzorla Nie je to ni\u010d in\u00e9 ako nenaplnen\u00e9 \u010dierne pudingov\u00e9 cesto uvaren\u00e9 v kotl\u00edku. M\u00f4\u017eete ho pou\u017ei\u0165 ako n\u00e1pl\u0148 do pirohov, knedl\u00ed, hrianok alebo ako pokrm, v ktorom si m\u00f4\u017eete &#8222;namo\u010di\u0165&#8220; chlieb.<\/p>\n","protected":false},"featured_media":27669,"template":"","meta":{"_et_pb_use_builder":"","_et_pb_old_content":"","_et_gb_content_width":""},"product_brand":[1252],"product_cat":[1979,3719],"product_tag":[],"class_list":{"0":"post-27663","1":"product","2":"type-product","3":"status-publish","4":"has-post-thumbnail","6":"product_brand-gourmet-de-cazorla","7":"product_cat-zachovava-sk","8":"product_cat-zelenina","10":"first","11":"instock","12":"taxable","13":"shipping-taxable","14":"purchasable","15":"product-type-variable"},"_links":{"self":[{"href":"https:\/\/myspainfood.com\/sk\/wp-json\/wp\/v2\/product\/27663","targetHints":{"allow":["GET"]}}],"collection":[{"href":"https:\/\/myspainfood.com\/sk\/wp-json\/wp\/v2\/product"}],"about":[{"href":"https:\/\/myspainfood.com\/sk\/wp-json\/wp\/v2\/types\/product"}],"wp:featuredmedia":[{"embeddable":true,"href":"https:\/\/myspainfood.com\/sk\/wp-json\/wp\/v2\/media\/27669"}],"wp:attachment":[{"href":"https:\/\/myspainfood.com\/sk\/wp-json\/wp\/v2\/media?parent=27663"}],"wp:term":[{"taxonomy":"product_brand","embeddable":true,"href":"https:\/\/myspainfood.com\/sk\/wp-json\/wp\/v2\/product_brand?post=27663"},{"taxonomy":"product_cat","embeddable":true,"href":"https:\/\/myspainfood.com\/sk\/wp-json\/wp\/v2\/product_cat?post=27663"},{"taxonomy":"product_tag","embeddable":true,"href":"https:\/\/myspainfood.com\/sk\/wp-json\/wp\/v2\/product_tag?post=27663"}],"curies":[{"name":"wp","href":"https:\/\/api.w.org\/{rel}","templated":true}]}}