{"id":28826,"date":"2025-04-10T12:07:50","date_gmt":"2025-04-10T10:07:50","guid":{"rendered":"https:\/\/myspainfood.com\/producto\/olivy-almagro-variant-760-g\/"},"modified":"2025-04-10T12:07:50","modified_gmt":"2025-04-10T10:07:50","slug":"olivy-almagro-variant-760-g","status":"publish","type":"product","link":"https:\/\/myspainfood.com\/sk\/producto\/olivy-almagro-variant-760-g\/","title":{"rendered":"Olivy Almagro Variant 760 g"},"content":{"rendered":"<p>Almagro Variety Olive 760 gr - La Tienda de Sami<\/p>\n<p>Oliva s pr\u00edchu\u0165ou bakla\u017e\u00e1nuOliva s pr\u00edchu\u0165ou bakla\u017e\u00e1nuOliva s jemnou chu\u0165ou. Odv\u00e1\u017ene predjedlo, ktor\u00e9 je v\u017edy chutn\u00e9 a ide\u00e1lne dop\u013a\u0148a jedl\u00e1 s ly\u017ei\u010dkou. Mo\u017eno si ju vychutna\u0165 s poh\u00e1rom v\u00edna.  <\/p>\n","protected":false},"excerpt":{"rendered":"<p>Almagro Variety Olive 760 gr - La Tienda de Sami Oliva s pr\u00edchu\u0165ou bakla\u017e\u00e1nuOliva s pr\u00edchu\u0165ou bakla\u017e\u00e1nuOliva s jemnou chu\u0165ou. Odv\u00e1\u017ene predjedlo, ktor\u00e9 je v\u017edy chutn\u00e9 a ide\u00e1lne dop\u013a\u0148a jedl\u00e1 s ly\u017ei\u010dkou. Mo\u017eno si ju vychutna\u0165 s poh\u00e1rom v\u00edna.<\/p>\n","protected":false},"featured_media":28832,"template":"","meta":{"_et_pb_use_builder":"","_et_pb_old_content":"","_et_gb_content_width":""},"product_brand":[1057],"product_cat":[1730,1728],"product_tag":[3936],"class_list":{"0":"post-28826","1":"product","2":"type-product","3":"status-publish","4":"has-post-thumbnail","6":"product_brand-la-encajera","7":"product_cat-olivy","8":"product_cat-uhorky","9":"product_tag-almagro-sk","11":"first","12":"outofstock","13":"taxable","14":"shipping-taxable","15":"product-type-variable"},"_links":{"self":[{"href":"https:\/\/myspainfood.com\/sk\/wp-json\/wp\/v2\/product\/28826","targetHints":{"allow":["GET"]}}],"collection":[{"href":"https:\/\/myspainfood.com\/sk\/wp-json\/wp\/v2\/product"}],"about":[{"href":"https:\/\/myspainfood.com\/sk\/wp-json\/wp\/v2\/types\/product"}],"wp:featuredmedia":[{"embeddable":true,"href":"https:\/\/myspainfood.com\/sk\/wp-json\/wp\/v2\/media\/28832"}],"wp:attachment":[{"href":"https:\/\/myspainfood.com\/sk\/wp-json\/wp\/v2\/media?parent=28826"}],"wp:term":[{"taxonomy":"product_brand","embeddable":true,"href":"https:\/\/myspainfood.com\/sk\/wp-json\/wp\/v2\/product_brand?post=28826"},{"taxonomy":"product_cat","embeddable":true,"href":"https:\/\/myspainfood.com\/sk\/wp-json\/wp\/v2\/product_cat?post=28826"},{"taxonomy":"product_tag","embeddable":true,"href":"https:\/\/myspainfood.com\/sk\/wp-json\/wp\/v2\/product_tag?post=28826"}],"curies":[{"name":"wp","href":"https:\/\/api.w.org\/{rel}","templated":true}]}}