{"id":29346,"date":"2025-04-10T12:08:13","date_gmt":"2025-04-10T10:08:13","guid":{"rendered":"https:\/\/myspainfood.com\/producto\/vajecne-pochutky-so-sardelou-65-jednotiek\/"},"modified":"2025-07-28T12:55:17","modified_gmt":"2025-07-28T10:55:17","slug":"vajecne-pochutky-so-sardelou-65-jednotiek","status":"publish","type":"product","link":"https:\/\/myspainfood.com\/sk\/producto\/vajecne-pochutky-so-sardelou-65-jednotiek\/","title":{"rendered":"Vaje\u010dn\u00e9 poch\u00fa\u0165ky so sardelou 65 jednotiek"},"content":{"rendered":"<p>Olej (85 % slne\u010dnicov\u00fd, 15 % olivov\u00fd), olivy plnen\u00e9 <strong>sardelou<\/strong>, <strong>sardely<\/strong> v octe, prepeli\u010die <strong>vajce<\/strong>, piparra a \u010derven\u00e1 paprika.<\/p>\n","protected":false},"excerpt":{"rendered":"<p>Olej (85 % slne\u010dnicov\u00fd, 15 % olivov\u00fd), olivy plnen\u00e9 sardelou, sardely v octe, prepeli\u010die vajce, piparra a \u010derven\u00e1 paprika.<\/p>\n","protected":false},"featured_media":29350,"template":"","meta":{"_et_pb_use_builder":"","_et_pb_old_content":"","_et_gb_content_width":""},"product_brand":[1277],"product_cat":[1905,1730,1825,1820,1728],"product_tag":[],"class_list":{"0":"post-29346","1":"product","2":"type-product","3":"status-publish","4":"has-post-thumbnail","6":"product_brand-bokeo","7":"product_cat-ancovicky-sk","8":"product_cat-olivy","9":"product_cat-pintxos-sk","10":"product_cat-studena","11":"product_cat-uhorky","12":"product_shipping_class-zasielka-za-studena","14":"first","15":"outofstock","16":"taxable","17":"shipping-taxable","18":"purchasable","19":"product-type-simple"},"_links":{"self":[{"href":"https:\/\/myspainfood.com\/sk\/wp-json\/wp\/v2\/product\/29346","targetHints":{"allow":["GET"]}}],"collection":[{"href":"https:\/\/myspainfood.com\/sk\/wp-json\/wp\/v2\/product"}],"about":[{"href":"https:\/\/myspainfood.com\/sk\/wp-json\/wp\/v2\/types\/product"}],"wp:featuredmedia":[{"embeddable":true,"href":"https:\/\/myspainfood.com\/sk\/wp-json\/wp\/v2\/media\/29350"}],"wp:attachment":[{"href":"https:\/\/myspainfood.com\/sk\/wp-json\/wp\/v2\/media?parent=29346"}],"wp:term":[{"taxonomy":"product_brand","embeddable":true,"href":"https:\/\/myspainfood.com\/sk\/wp-json\/wp\/v2\/product_brand?post=29346"},{"taxonomy":"product_cat","embeddable":true,"href":"https:\/\/myspainfood.com\/sk\/wp-json\/wp\/v2\/product_cat?post=29346"},{"taxonomy":"product_tag","embeddable":true,"href":"https:\/\/myspainfood.com\/sk\/wp-json\/wp\/v2\/product_tag?post=29346"}],"curies":[{"name":"wp","href":"https:\/\/api.w.org\/{rel}","templated":true}]}}