{"id":29413,"date":"2025-04-10T12:08:21","date_gmt":"2025-04-10T10:08:21","guid":{"rendered":"https:\/\/myspainfood.com\/producto\/pokusenia-z-lososa-170-gr\/"},"modified":"2025-04-10T12:08:21","modified_gmt":"2025-04-10T10:08:21","slug":"pokusenia-z-lososa-170-gr","status":"publish","type":"product","link":"https:\/\/myspainfood.com\/sk\/producto\/pokusenia-z-lososa-170-gr\/","title":{"rendered":"Poku\u0161enia z lososa 170 gr"},"content":{"rendered":"<p>Olej (100 % slne\u010dnicov\u00fd), sladk\u00e1 \u010dere\u0161\u0148ov\u00e1 paprika, smotanov\u00fd syr a drven\u00fd <strong>losos<\/strong>.<\/p>\n","protected":false},"excerpt":{"rendered":"<p>Olej (100 % slne\u010dnicov\u00fd), sladk\u00e1 \u010dere\u0161\u0148ov\u00e1 paprika, smotanov\u00fd syr a drven\u00fd losos.<\/p>\n","protected":false},"featured_media":29419,"template":"","meta":{"_et_pb_use_builder":"","_et_pb_old_content":"","_et_gb_content_width":""},"product_brand":[1277],"product_cat":[2331,2264,1979],"product_tag":[],"class_list":{"0":"post-29413","1":"product","2":"type-product","3":"status-publish","4":"has-post-thumbnail","6":"product_brand-bokeo","7":"product_cat-papriky","8":"product_cat-syr-a-klobasa","9":"product_cat-zachovava-sk","10":"product_shipping_class-zasielka-za-studena","12":"first","13":"outofstock","14":"taxable","15":"shipping-taxable","16":"product-type-variable"},"_links":{"self":[{"href":"https:\/\/myspainfood.com\/sk\/wp-json\/wp\/v2\/product\/29413","targetHints":{"allow":["GET"]}}],"collection":[{"href":"https:\/\/myspainfood.com\/sk\/wp-json\/wp\/v2\/product"}],"about":[{"href":"https:\/\/myspainfood.com\/sk\/wp-json\/wp\/v2\/types\/product"}],"wp:featuredmedia":[{"embeddable":true,"href":"https:\/\/myspainfood.com\/sk\/wp-json\/wp\/v2\/media\/29419"}],"wp:attachment":[{"href":"https:\/\/myspainfood.com\/sk\/wp-json\/wp\/v2\/media?parent=29413"}],"wp:term":[{"taxonomy":"product_brand","embeddable":true,"href":"https:\/\/myspainfood.com\/sk\/wp-json\/wp\/v2\/product_brand?post=29413"},{"taxonomy":"product_cat","embeddable":true,"href":"https:\/\/myspainfood.com\/sk\/wp-json\/wp\/v2\/product_cat?post=29413"},{"taxonomy":"product_tag","embeddable":true,"href":"https:\/\/myspainfood.com\/sk\/wp-json\/wp\/v2\/product_tag?post=29413"}],"curies":[{"name":"wp","href":"https:\/\/api.w.org\/{rel}","templated":true}]}}