{"id":29514,"date":"2025-04-10T12:08:22","date_gmt":"2025-04-10T10:08:22","guid":{"rendered":"https:\/\/myspainfood.com\/producto\/jemna-mrvenicka-z-tresky-skvrnitej-5-kg\/"},"modified":"2025-09-02T10:41:40","modified_gmt":"2025-09-02T08:41:40","slug":"jemna-mrvenicka-z-tresky-skvrnitej-5-kg","status":"publish","type":"product","link":"https:\/\/myspainfood.com\/sk\/producto\/jemna-mrvenicka-z-tresky-skvrnitej-5-kg\/","title":{"rendered":"Jemn\u00e1 mrveni\u010dka z tresky \u0161kvrnitej 5 kg"},"content":{"rendered":"<p>Desmigado Fino Abadejo 5 kg od <a href=\"https:\/\/labarajilla.es\/bacalao\/\" target=\"_blank\" rel=\"noopener noreferrer nofollow\">La Barajilla<\/a> je zalo\u017een\u00e9 na k\u00faskoch najvy\u0161\u0161ej kvality bez ko\u017ee a kost\u00ed, ide\u00e1lnych na omelety, krokety a ajoarriero.<\/p>\n<p>Tento v\u00fdrobok si vy\u017eaduje skladovanie pri teplote od 0\u00baC do 5\u00baC, aby sa zachovali jeho vlastnosti.<\/p>\n<p>Z v\u00fd\u017eivov\u00e9ho h\u013eadiska je treska potravina bohat\u00e1 na bielkoviny s vysokou biologickou hodnotou a str\u00e1vite\u013enos\u0165ou, s n\u00edzkym obsahom tuku a kal\u00f3ri\u00ed.<\/p>\n<p>Obsah vody je pribli\u017ene 80 % (v \u010derstvej treske).<\/p>\n<p>T\u00e1to treska je dobr\u00fdm zdrojom vitam\u00ednov (najm\u00e4 skupiny B) a miner\u00e1lnych sol\u00ed potrebn\u00fdch pre organizmus.<\/p>\n<p>\u010cerstv\u00fa alebo odsolen\u00fa tresku m\u00f4\u017eu konzumova\u0165 \u013eudia s vysok\u00fdm krvn\u00fdm tlakom, preto\u017ee m\u00e1 n\u00edzky obsah sod\u00edka a je bohat\u00e1 na drasl\u00edk.<\/p>\n<p>&#8222;Treska \u0161kvrnit\u00e1 je spolo\u010dn\u00fd n\u00e1zov pre nieko\u013eko druhov r\u00fdb rodu Gadus, hoci niektor\u00e9 druhy toho ist\u00e9ho rodu m\u00f4\u017eu ma\u0165 aj in\u00e9 n\u00e1zvy.<\/p>\n<p>Najbe\u017enej\u0161\u00edm druhom je treska atlantick\u00e1 (Gadus morhua alebo treska oby\u010dajn\u00e1).<\/p>\n<p>Ak si chcete k\u00fapi\u0165 Desmigado Fino Abadejo 5kg alebo ak\u00fdko\u013evek in\u00fd druh <a href=\"https:\/\/latiendadesami.com\/categoria-producto\/frio\/\" rel=\"noopener noreferrer nofollow\" target=\"_blank\">chladen\u00e9ho<\/a> v\u00fdrobku, nev\u00e1hajte a pozrite si cel\u00fd n\u00e1\u0161 online katal\u00f3g, aby ste videli \u0161irok\u00fa \u0161k\u00e1lu tresky, ktor\u00fa m\u00e1me.<\/p>\n<p>Nap\u00ed\u0161te n\u00e1m o viac inform\u00e1ci\u00ed.<\/p>\n","protected":false},"excerpt":{"rendered":"<p>Desmigado Fino Abadejo 5 kg od La Barajilla je zalo\u017een\u00e9 na k\u00faskoch najvy\u0161\u0161ej kvality bez ko\u017ee a kost\u00ed, ide\u00e1lnych na omelety, krokety a ajoarriero. Tento v\u00fdrobok si vy\u017eaduje skladovanie pri teplote od 0\u00baC do 5\u00baC, aby sa zachovali jeho vlastnosti. Z v\u00fd\u017eivov\u00e9ho h\u013eadiska je treska potravina bohat\u00e1 na bielkoviny s vysokou biologickou hodnotou a str\u00e1vite\u013enos\u0165ou, [&hellip;]<\/p>\n","protected":false},"featured_media":29518,"template":"","meta":{"_et_pb_use_builder":"","_et_pb_old_content":"","_et_gb_content_width":""},"product_brand":[1290],"product_cat":[1820,3550],"product_tag":[],"class_list":{"0":"post-29514","1":"product","2":"type-product","3":"status-publish","4":"has-post-thumbnail","6":"product_brand-la-barajilla","7":"product_cat-studena","8":"product_cat-treska","9":"product_shipping_class-zasielka-za-studena","11":"first","12":"outofstock","13":"taxable","14":"shipping-taxable","15":"purchasable","16":"product-type-simple"},"_links":{"self":[{"href":"https:\/\/myspainfood.com\/sk\/wp-json\/wp\/v2\/product\/29514","targetHints":{"allow":["GET"]}}],"collection":[{"href":"https:\/\/myspainfood.com\/sk\/wp-json\/wp\/v2\/product"}],"about":[{"href":"https:\/\/myspainfood.com\/sk\/wp-json\/wp\/v2\/types\/product"}],"wp:featuredmedia":[{"embeddable":true,"href":"https:\/\/myspainfood.com\/sk\/wp-json\/wp\/v2\/media\/29518"}],"wp:attachment":[{"href":"https:\/\/myspainfood.com\/sk\/wp-json\/wp\/v2\/media?parent=29514"}],"wp:term":[{"taxonomy":"product_brand","embeddable":true,"href":"https:\/\/myspainfood.com\/sk\/wp-json\/wp\/v2\/product_brand?post=29514"},{"taxonomy":"product_cat","embeddable":true,"href":"https:\/\/myspainfood.com\/sk\/wp-json\/wp\/v2\/product_cat?post=29514"},{"taxonomy":"product_tag","embeddable":true,"href":"https:\/\/myspainfood.com\/sk\/wp-json\/wp\/v2\/product_tag?post=29514"}],"curies":[{"name":"wp","href":"https:\/\/api.w.org\/{rel}","templated":true}]}}