{"id":29532,"date":"2025-04-10T12:08:11","date_gmt":"2025-04-10T10:08:11","guid":{"rendered":"https:\/\/myspainfood.com\/producto\/syrove-pochutky-so-sardelou-75-jednotiek\/"},"modified":"2025-08-06T12:56:53","modified_gmt":"2025-08-06T10:56:53","slug":"syrove-pochutky-so-sardelou-75-jednotiek","status":"publish","type":"product","link":"https:\/\/myspainfood.com\/sk\/producto\/syrove-pochutky-so-sardelou-75-jednotiek\/","title":{"rendered":"Syrov\u00e9 poch\u00fa\u0165ky so sardelou 75 jednotiek"},"content":{"rendered":"<p>Olej (85 % slne\u010dnicov\u00fd, 15 % olivov\u00fd), olivy plnen\u00e9 <strong>sardelou<\/strong>,<strong> sardelov\u00e9<\/strong> fil\u00e9, polosurov\u00fd syr, piparra a \u010derven\u00e1 paprika.<\/p>\n","protected":false},"excerpt":{"rendered":"<p>Olej (85 % slne\u010dnicov\u00fd, 15 % olivov\u00fd), olivy plnen\u00e9 sardelou, sardelov\u00e9 fil\u00e9, polosurov\u00fd syr, piparra a \u010derven\u00e1 paprika.<\/p>\n","protected":false},"featured_media":29534,"template":"","meta":{"_et_pb_use_builder":"","_et_pb_old_content":"","_et_gb_content_width":""},"product_brand":[1277],"product_cat":[1822,1730,1825,1820,1728],"product_tag":[],"class_list":{"0":"post-29532","1":"product","2":"type-product","3":"status-publish","4":"has-post-thumbnail","6":"product_brand-bokeo","7":"product_cat-ancovicky","8":"product_cat-olivy","9":"product_cat-pintxos-sk","10":"product_cat-studena","11":"product_cat-uhorky","12":"product_shipping_class-zasielka-za-studena","14":"first","15":"instock","16":"taxable","17":"shipping-taxable","18":"purchasable","19":"product-type-simple"},"_links":{"self":[{"href":"https:\/\/myspainfood.com\/sk\/wp-json\/wp\/v2\/product\/29532","targetHints":{"allow":["GET"]}}],"collection":[{"href":"https:\/\/myspainfood.com\/sk\/wp-json\/wp\/v2\/product"}],"about":[{"href":"https:\/\/myspainfood.com\/sk\/wp-json\/wp\/v2\/types\/product"}],"wp:featuredmedia":[{"embeddable":true,"href":"https:\/\/myspainfood.com\/sk\/wp-json\/wp\/v2\/media\/29534"}],"wp:attachment":[{"href":"https:\/\/myspainfood.com\/sk\/wp-json\/wp\/v2\/media?parent=29532"}],"wp:term":[{"taxonomy":"product_brand","embeddable":true,"href":"https:\/\/myspainfood.com\/sk\/wp-json\/wp\/v2\/product_brand?post=29532"},{"taxonomy":"product_cat","embeddable":true,"href":"https:\/\/myspainfood.com\/sk\/wp-json\/wp\/v2\/product_cat?post=29532"},{"taxonomy":"product_tag","embeddable":true,"href":"https:\/\/myspainfood.com\/sk\/wp-json\/wp\/v2\/product_tag?post=29532"}],"curies":[{"name":"wp","href":"https:\/\/api.w.org\/{rel}","templated":true}]}}