{"id":29609,"date":"2025-04-10T12:08:03","date_gmt":"2025-04-10T10:08:03","guid":{"rendered":"https:\/\/myspainfood.com\/producto\/ancovickove-pokusenia-170-gr\/"},"modified":"2025-04-10T12:08:03","modified_gmt":"2025-04-10T10:08:03","slug":"ancovickove-pokusenia-170-gr","status":"publish","type":"product","link":"https:\/\/myspainfood.com\/sk\/producto\/ancovickove-pokusenia-170-gr\/","title":{"rendered":"An\u010dovi\u010dkov\u00e9 poku\u0161enia 170 gr"},"content":{"rendered":"<p>Olej (100 % slne\u010dnicov\u00fd), sladk\u00e1 \u010dere\u0161\u0148ov\u00e1 paprika, smotanov\u00fd syr a drven\u00e9 <strong>sardely<\/strong>.<\/p>\n","protected":false},"excerpt":{"rendered":"<p>Olej (100 % slne\u010dnicov\u00fd), sladk\u00e1 \u010dere\u0161\u0148ov\u00e1 paprika, smotanov\u00fd syr a drven\u00e9 sardely.<\/p>\n","protected":false},"featured_media":29615,"template":"","meta":{"_et_pb_use_builder":"","_et_pb_old_content":"","_et_gb_content_width":""},"product_brand":[1277],"product_cat":[2331,2264,1979],"product_tag":[],"class_list":{"0":"post-29609","1":"product","2":"type-product","3":"status-publish","4":"has-post-thumbnail","6":"product_brand-bokeo","7":"product_cat-papriky","8":"product_cat-syr-a-klobasa","9":"product_cat-zachovava-sk","10":"product_shipping_class-zasielka-za-studena","12":"first","13":"outofstock","14":"taxable","15":"shipping-taxable","16":"product-type-variable"},"_links":{"self":[{"href":"https:\/\/myspainfood.com\/sk\/wp-json\/wp\/v2\/product\/29609","targetHints":{"allow":["GET"]}}],"collection":[{"href":"https:\/\/myspainfood.com\/sk\/wp-json\/wp\/v2\/product"}],"about":[{"href":"https:\/\/myspainfood.com\/sk\/wp-json\/wp\/v2\/types\/product"}],"wp:featuredmedia":[{"embeddable":true,"href":"https:\/\/myspainfood.com\/sk\/wp-json\/wp\/v2\/media\/29615"}],"wp:attachment":[{"href":"https:\/\/myspainfood.com\/sk\/wp-json\/wp\/v2\/media?parent=29609"}],"wp:term":[{"taxonomy":"product_brand","embeddable":true,"href":"https:\/\/myspainfood.com\/sk\/wp-json\/wp\/v2\/product_brand?post=29609"},{"taxonomy":"product_cat","embeddable":true,"href":"https:\/\/myspainfood.com\/sk\/wp-json\/wp\/v2\/product_cat?post=29609"},{"taxonomy":"product_tag","embeddable":true,"href":"https:\/\/myspainfood.com\/sk\/wp-json\/wp\/v2\/product_tag?post=29609"}],"curies":[{"name":"wp","href":"https:\/\/api.w.org\/{rel}","templated":true}]}}