{"id":29878,"date":"2025-04-10T12:08:04","date_gmt":"2025-04-10T10:08:04","guid":{"rendered":"https:\/\/myspainfood.com\/producto\/blok-pastety-z-foie-gras-90-canard-picarpicar-150-g\/"},"modified":"2025-07-28T12:54:56","modified_gmt":"2025-07-28T10:54:56","slug":"blok-pastety-z-foie-gras-90-canard-picarpicar-150-g","status":"publish","type":"product","link":"https:\/\/myspainfood.com\/sk\/producto\/blok-pastety-z-foie-gras-90-canard-picarpicar-150-g\/","title":{"rendered":"Blok pa\u0161t\u00e9ty z Foie Gras 90% Canard Picar&amp;picar 150 g"},"content":{"rendered":"<p>PICAR&amp;PICAR pon\u00faka Bloc Foie Gras prvotriednej kvality v baleniach po 150 gr<\/p>\n<p><strong>Foie gras de canard<\/strong> m\u00e1 intenz\u00edvnej\u0161iu chu\u0165, je ide\u00e1lny na sprev\u00e1dzanie na\u0161ich jed\u00e1l kedyko\u013evek alebo na pou\u017eitie ako pr\u00edsada v kuchyni.<\/p>\n","protected":false},"excerpt":{"rendered":"<p>PICAR&amp;PICAR pon\u00faka Bloc Foie Gras prvotriednej kvality v baleniach po 150 gr Foie gras de canard m\u00e1 intenz\u00edvnej\u0161iu chu\u0165, je ide\u00e1lny na sprev\u00e1dzanie na\u0161ich jed\u00e1l kedyko\u013evek alebo na pou\u017eitie ako pr\u00edsada v kuchyni.<\/p>\n","protected":false},"featured_media":29880,"template":"","meta":{"_et_pb_use_builder":"","_et_pb_old_content":"","_et_gb_content_width":""},"product_brand":[1127],"product_cat":[6590,1820],"product_tag":[],"class_list":{"0":"post-29878","1":"product","2":"type-product","3":"status-publish","4":"has-post-thumbnail","6":"product_brand-picarpicar","7":"product_cat-foie-sk","8":"product_cat-studena","9":"product_shipping_class-zasielka-za-studena","11":"first","12":"outofstock","13":"sale","14":"featured","15":"taxable","16":"shipping-taxable","17":"purchasable","18":"product-type-simple"},"_links":{"self":[{"href":"https:\/\/myspainfood.com\/sk\/wp-json\/wp\/v2\/product\/29878","targetHints":{"allow":["GET"]}}],"collection":[{"href":"https:\/\/myspainfood.com\/sk\/wp-json\/wp\/v2\/product"}],"about":[{"href":"https:\/\/myspainfood.com\/sk\/wp-json\/wp\/v2\/types\/product"}],"wp:featuredmedia":[{"embeddable":true,"href":"https:\/\/myspainfood.com\/sk\/wp-json\/wp\/v2\/media\/29880"}],"wp:attachment":[{"href":"https:\/\/myspainfood.com\/sk\/wp-json\/wp\/v2\/media?parent=29878"}],"wp:term":[{"taxonomy":"product_brand","embeddable":true,"href":"https:\/\/myspainfood.com\/sk\/wp-json\/wp\/v2\/product_brand?post=29878"},{"taxonomy":"product_cat","embeddable":true,"href":"https:\/\/myspainfood.com\/sk\/wp-json\/wp\/v2\/product_cat?post=29878"},{"taxonomy":"product_tag","embeddable":true,"href":"https:\/\/myspainfood.com\/sk\/wp-json\/wp\/v2\/product_tag?post=29878"}],"curies":[{"name":"wp","href":"https:\/\/api.w.org\/{rel}","templated":true}]}}