{"id":29927,"date":"2025-04-10T12:08:05","date_gmt":"2025-04-10T10:08:05","guid":{"rendered":"https:\/\/myspainfood.com\/producto\/sushi-cecina-a-syr-80-jednotiek\/"},"modified":"2025-07-28T10:37:01","modified_gmt":"2025-07-28T08:37:01","slug":"sushi-cecina-a-syr-80-jednotiek","status":"publish","type":"product","link":"https:\/\/myspainfood.com\/sk\/producto\/sushi-cecina-a-syr-80-jednotiek\/","title":{"rendered":"Sushi Cecina a syr 80 jednotiek"},"content":{"rendered":"<p>Olej (85 % slne\u010dnicov\u00fd, 15 % olivov\u00fd), olivy plnen\u00e9<strong> an\u010dovi\u010dkami<\/strong>, prepeli\u010die <strong>vajce<\/strong>, mie\u0161an\u00fd syr a su\u0161en\u00e9 hov\u00e4dzie m\u00e4so.<\/p>\n","protected":false},"excerpt":{"rendered":"<p>Olej (85 % slne\u010dnicov\u00fd, 15 % olivov\u00fd), olivy plnen\u00e9 an\u010dovi\u010dkami, prepeli\u010die vajce, mie\u0161an\u00fd syr a su\u0161en\u00e9 hov\u00e4dzie m\u00e4so.<\/p>\n","protected":false},"featured_media":29931,"template":"","meta":{"_et_pb_use_builder":"","_et_pb_old_content":"","_et_gb_content_width":""},"product_brand":[1277],"product_cat":[1730,1825,1820,2264,1728],"product_tag":[],"class_list":{"0":"post-29927","1":"product","2":"type-product","3":"status-publish","4":"has-post-thumbnail","6":"product_brand-bokeo","7":"product_cat-olivy","8":"product_cat-pintxos-sk","9":"product_cat-studena","10":"product_cat-syr-a-klobasa","11":"product_cat-uhorky","12":"product_shipping_class-zasielka-za-studena","14":"first","15":"outofstock","16":"taxable","17":"shipping-taxable","18":"purchasable","19":"product-type-simple"},"_links":{"self":[{"href":"https:\/\/myspainfood.com\/sk\/wp-json\/wp\/v2\/product\/29927","targetHints":{"allow":["GET"]}}],"collection":[{"href":"https:\/\/myspainfood.com\/sk\/wp-json\/wp\/v2\/product"}],"about":[{"href":"https:\/\/myspainfood.com\/sk\/wp-json\/wp\/v2\/types\/product"}],"wp:featuredmedia":[{"embeddable":true,"href":"https:\/\/myspainfood.com\/sk\/wp-json\/wp\/v2\/media\/29931"}],"wp:attachment":[{"href":"https:\/\/myspainfood.com\/sk\/wp-json\/wp\/v2\/media?parent=29927"}],"wp:term":[{"taxonomy":"product_brand","embeddable":true,"href":"https:\/\/myspainfood.com\/sk\/wp-json\/wp\/v2\/product_brand?post=29927"},{"taxonomy":"product_cat","embeddable":true,"href":"https:\/\/myspainfood.com\/sk\/wp-json\/wp\/v2\/product_cat?post=29927"},{"taxonomy":"product_tag","embeddable":true,"href":"https:\/\/myspainfood.com\/sk\/wp-json\/wp\/v2\/product_tag?post=29927"}],"curies":[{"name":"wp","href":"https:\/\/api.w.org\/{rel}","templated":true}]}}