{"id":29996,"date":"2025-04-10T12:08:03","date_gmt":"2025-04-10T10:08:03","guid":{"rendered":"https:\/\/myspainfood.com\/producto\/kantabrijska-sardelova-gilda-5-jednotiek\/"},"modified":"2025-08-18T11:34:46","modified_gmt":"2025-08-18T09:34:46","slug":"kantabrijska-sardelova-gilda-5-jednotiek","status":"publish","type":"product","link":"https:\/\/myspainfood.com\/sk\/producto\/kantabrijska-sardelova-gilda-5-jednotiek\/","title":{"rendered":"Kantabrijsk\u00e1 sardelov\u00e1 gilda 5 jednotiek"},"content":{"rendered":"<p>Olej (85 % slne\u010dnicov\u00fd, 15 % olivov\u00fd), olivy plnen\u00e9 <strong>sardelou<\/strong>, fil\u00e9 zo <strong>sardely kantabrijskej<\/strong> a piparra.<\/p>\n","protected":false},"excerpt":{"rendered":"<p>Olej (85 % slne\u010dnicov\u00fd, 15 % olivov\u00fd), olivy plnen\u00e9 sardelou, fil\u00e9 zo sardely kantabrijskej a piparra.<\/p>\n","protected":false},"featured_media":30002,"template":"","meta":{"_et_pb_use_builder":"","_et_pb_old_content":"","_et_gb_content_width":""},"product_brand":[1277],"product_cat":[1822,2088,3988,1825,1820,1728],"product_tag":[],"class_list":{"0":"post-29996","1":"product","2":"type-product","3":"status-publish","4":"has-post-thumbnail","6":"product_brand-bokeo","7":"product_cat-ancovicky","8":"product_cat-banderillas-sk","9":"product_cat-chilli-papricky","10":"product_cat-pintxos-sk","11":"product_cat-studena","12":"product_cat-uhorky","13":"product_shipping_class-zasielka-za-studena","15":"first","16":"instock","17":"taxable","18":"shipping-taxable","19":"product-type-variable"},"_links":{"self":[{"href":"https:\/\/myspainfood.com\/sk\/wp-json\/wp\/v2\/product\/29996","targetHints":{"allow":["GET"]}}],"collection":[{"href":"https:\/\/myspainfood.com\/sk\/wp-json\/wp\/v2\/product"}],"about":[{"href":"https:\/\/myspainfood.com\/sk\/wp-json\/wp\/v2\/types\/product"}],"wp:featuredmedia":[{"embeddable":true,"href":"https:\/\/myspainfood.com\/sk\/wp-json\/wp\/v2\/media\/30002"}],"wp:attachment":[{"href":"https:\/\/myspainfood.com\/sk\/wp-json\/wp\/v2\/media?parent=29996"}],"wp:term":[{"taxonomy":"product_brand","embeddable":true,"href":"https:\/\/myspainfood.com\/sk\/wp-json\/wp\/v2\/product_brand?post=29996"},{"taxonomy":"product_cat","embeddable":true,"href":"https:\/\/myspainfood.com\/sk\/wp-json\/wp\/v2\/product_cat?post=29996"},{"taxonomy":"product_tag","embeddable":true,"href":"https:\/\/myspainfood.com\/sk\/wp-json\/wp\/v2\/product_tag?post=29996"}],"curies":[{"name":"wp","href":"https:\/\/api.w.org\/{rel}","templated":true}]}}