{"id":30054,"date":"2025-04-10T12:08:03","date_gmt":"2025-04-10T10:08:03","guid":{"rendered":"https:\/\/myspainfood.com\/producto\/kantabrijsky-syr-a-ancovicky-gildas-5-jednotiek\/"},"modified":"2025-06-24T16:13:01","modified_gmt":"2025-06-24T14:13:01","slug":"kantabrijsky-syr-a-ancovicky-gildas-5-jednotiek","status":"publish","type":"product","link":"https:\/\/myspainfood.com\/sk\/producto\/kantabrijsky-syr-a-ancovicky-gildas-5-jednotiek\/","title":{"rendered":"Kant\u00e1brijsk\u00fd syr a an\u010dovi\u010dky Gildas 5 jednotiek"},"content":{"rendered":"<p>Olej (85 % slne\u010dnicov\u00fd, 15 % olivov\u00fd), olivy plnen\u00e9 <strong>sardelou<\/strong>, fil\u00e9 z<strong> kantabrijskej sardely<\/strong>, polosyr, \u010derven\u00e1 paprika a \u010derven\u00e1 paprika.<\/p>\n","protected":false},"excerpt":{"rendered":"<p>Olej (85 % slne\u010dnicov\u00fd, 15 % olivov\u00fd), olivy plnen\u00e9 sardelou, fil\u00e9 z kantabrijskej sardely, polosyr, \u010derven\u00e1 paprika a \u010derven\u00e1 paprika.<\/p>\n","protected":false},"featured_media":30062,"template":"","meta":{"_et_pb_use_builder":"","_et_pb_old_content":"","_et_gb_content_width":""},"product_brand":[1277],"product_cat":[1822,3988,1730,2331,1825,1820,2264,1728,1979],"product_tag":[],"class_list":{"0":"post-30054","1":"product","2":"type-product","3":"status-publish","4":"has-post-thumbnail","6":"product_brand-bokeo","7":"product_cat-ancovicky","8":"product_cat-chilli-papricky","9":"product_cat-olivy","10":"product_cat-papriky","11":"product_cat-pintxos-sk","12":"product_cat-studena","13":"product_cat-syr-a-klobasa","14":"product_cat-uhorky","15":"product_cat-zachovava-sk","16":"product_shipping_class-zasielka-za-studena","18":"first","19":"instock","20":"taxable","21":"shipping-taxable","22":"product-type-variable"},"_links":{"self":[{"href":"https:\/\/myspainfood.com\/sk\/wp-json\/wp\/v2\/product\/30054","targetHints":{"allow":["GET"]}}],"collection":[{"href":"https:\/\/myspainfood.com\/sk\/wp-json\/wp\/v2\/product"}],"about":[{"href":"https:\/\/myspainfood.com\/sk\/wp-json\/wp\/v2\/types\/product"}],"wp:featuredmedia":[{"embeddable":true,"href":"https:\/\/myspainfood.com\/sk\/wp-json\/wp\/v2\/media\/30062"}],"wp:attachment":[{"href":"https:\/\/myspainfood.com\/sk\/wp-json\/wp\/v2\/media?parent=30054"}],"wp:term":[{"taxonomy":"product_brand","embeddable":true,"href":"https:\/\/myspainfood.com\/sk\/wp-json\/wp\/v2\/product_brand?post=30054"},{"taxonomy":"product_cat","embeddable":true,"href":"https:\/\/myspainfood.com\/sk\/wp-json\/wp\/v2\/product_cat?post=30054"},{"taxonomy":"product_tag","embeddable":true,"href":"https:\/\/myspainfood.com\/sk\/wp-json\/wp\/v2\/product_tag?post=30054"}],"curies":[{"name":"wp","href":"https:\/\/api.w.org\/{rel}","templated":true}]}}