{"id":30159,"date":"2025-04-10T12:08:03","date_gmt":"2025-04-10T10:08:03","guid":{"rendered":"https:\/\/myspainfood.com\/producto\/gildas-de-boqueron-bokeo-5-jednotiek\/"},"modified":"2025-06-24T13:33:34","modified_gmt":"2025-06-24T11:33:34","slug":"gildas-de-boqueron-bokeo-5-jednotiek","status":"publish","type":"product","link":"https:\/\/myspainfood.com\/sk\/producto\/gildas-de-boqueron-bokeo-5-jednotiek\/","title":{"rendered":"Gildas de Boquer\u00f3n Bokeo 5 jednotiek"},"content":{"rendered":"<p>Olej (85% slne\u010dnicov\u00fd, 15% olivov\u00fd), olivy plnen\u00e9 <strong>sardelou<\/strong>, <strong>sardely<\/strong> v octe, \u010derven\u00e1 paprika, petr\u017elenov\u00e1 v\u0148a\u0165 a cesnak.<\/p>\n","protected":false},"excerpt":{"rendered":"<p>Olej (85% slne\u010dnicov\u00fd, 15% olivov\u00fd), olivy plnen\u00e9 sardelou, sardely v octe, \u010derven\u00e1 paprika, petr\u017elenov\u00e1 v\u0148a\u0165 a cesnak.<\/p>\n","protected":false},"featured_media":30165,"template":"","meta":{"_et_pb_use_builder":"","_et_pb_old_content":"","_et_gb_content_width":""},"product_brand":[1277],"product_cat":[1905,1730,2331,1825,1820,1728,1979],"product_tag":[],"class_list":{"0":"post-30159","1":"product","2":"type-product","3":"status-publish","4":"has-post-thumbnail","6":"product_brand-bokeo","7":"product_cat-ancovicky-sk","8":"product_cat-olivy","9":"product_cat-papriky","10":"product_cat-pintxos-sk","11":"product_cat-studena","12":"product_cat-uhorky","13":"product_cat-zachovava-sk","14":"product_shipping_class-zasielka-za-studena","16":"first","17":"instock","18":"taxable","19":"shipping-taxable","20":"product-type-variable"},"_links":{"self":[{"href":"https:\/\/myspainfood.com\/sk\/wp-json\/wp\/v2\/product\/30159","targetHints":{"allow":["GET"]}}],"collection":[{"href":"https:\/\/myspainfood.com\/sk\/wp-json\/wp\/v2\/product"}],"about":[{"href":"https:\/\/myspainfood.com\/sk\/wp-json\/wp\/v2\/types\/product"}],"wp:featuredmedia":[{"embeddable":true,"href":"https:\/\/myspainfood.com\/sk\/wp-json\/wp\/v2\/media\/30165"}],"wp:attachment":[{"href":"https:\/\/myspainfood.com\/sk\/wp-json\/wp\/v2\/media?parent=30159"}],"wp:term":[{"taxonomy":"product_brand","embeddable":true,"href":"https:\/\/myspainfood.com\/sk\/wp-json\/wp\/v2\/product_brand?post=30159"},{"taxonomy":"product_cat","embeddable":true,"href":"https:\/\/myspainfood.com\/sk\/wp-json\/wp\/v2\/product_cat?post=30159"},{"taxonomy":"product_tag","embeddable":true,"href":"https:\/\/myspainfood.com\/sk\/wp-json\/wp\/v2\/product_tag?post=30159"}],"curies":[{"name":"wp","href":"https:\/\/api.w.org\/{rel}","templated":true}]}}