{"id":30564,"date":"2025-04-10T12:08:03","date_gmt":"2025-04-10T10:08:03","guid":{"rendered":"https:\/\/myspainfood.com\/producto\/cecina-a-syr-gildas-4-jednotky\/"},"modified":"2025-06-24T14:13:22","modified_gmt":"2025-06-24T12:13:22","slug":"cecina-a-syr-gildas-4-jednotky","status":"publish","type":"product","link":"https:\/\/myspainfood.com\/sk\/producto\/cecina-a-syr-gildas-4-jednotky\/","title":{"rendered":"Cecina a syr Gildas 4 jednotky"},"content":{"rendered":"<p>Olej (85 % slne\u010dnicov\u00fd, 15 % olivov\u00fd), polosurov\u00fd syr a su\u0161en\u00e9 hov\u00e4dzie m\u00e4so.<\/p>\n","protected":false},"excerpt":{"rendered":"<p>Olej (85 % slne\u010dnicov\u00fd, 15 % olivov\u00fd), polosurov\u00fd syr a su\u0161en\u00e9 hov\u00e4dzie m\u00e4so.<\/p>\n","protected":false},"featured_media":30574,"template":"","meta":{"_et_pb_use_builder":"","_et_pb_old_content":"","_et_gb_content_width":""},"product_brand":[1277],"product_cat":[2088,2265,2734,1825,1820,2264,1728],"product_tag":[],"class_list":{"0":"post-30564","1":"product","2":"type-product","3":"status-publish","4":"has-post-thumbnail","6":"product_brand-bokeo","7":"product_cat-banderillas-sk","8":"product_cat-klobasa","9":"product_cat-liecba","10":"product_cat-pintxos-sk","11":"product_cat-studena","12":"product_cat-syr-a-klobasa","13":"product_cat-uhorky","14":"product_shipping_class-zasielka-za-studena","16":"first","17":"outofstock","18":"taxable","19":"shipping-taxable","20":"product-type-variable"},"_links":{"self":[{"href":"https:\/\/myspainfood.com\/sk\/wp-json\/wp\/v2\/product\/30564","targetHints":{"allow":["GET"]}}],"collection":[{"href":"https:\/\/myspainfood.com\/sk\/wp-json\/wp\/v2\/product"}],"about":[{"href":"https:\/\/myspainfood.com\/sk\/wp-json\/wp\/v2\/types\/product"}],"wp:featuredmedia":[{"embeddable":true,"href":"https:\/\/myspainfood.com\/sk\/wp-json\/wp\/v2\/media\/30574"}],"wp:attachment":[{"href":"https:\/\/myspainfood.com\/sk\/wp-json\/wp\/v2\/media?parent=30564"}],"wp:term":[{"taxonomy":"product_brand","embeddable":true,"href":"https:\/\/myspainfood.com\/sk\/wp-json\/wp\/v2\/product_brand?post=30564"},{"taxonomy":"product_cat","embeddable":true,"href":"https:\/\/myspainfood.com\/sk\/wp-json\/wp\/v2\/product_cat?post=30564"},{"taxonomy":"product_tag","embeddable":true,"href":"https:\/\/myspainfood.com\/sk\/wp-json\/wp\/v2\/product_tag?post=30564"}],"curies":[{"name":"wp","href":"https:\/\/api.w.org\/{rel}","templated":true}]}}